{"id":2895,"date":"2022-08-30T00:36:30","date_gmt":"2022-08-29T23:36:30","guid":{"rendered":"https:\/\/facetours.ma\/?post_type=product&#038;p=2895"},"modified":"2025-01-24T11:42:10","modified_gmt":"2025-01-24T10:42:10","slug":"tiout-taroudant-excursion-agadir-taghazout","status":"publish","type":"product","link":"https:\/\/facetours.ma\/es\/mejores-circuitos-marruecos\/tiout-taroudant-excursion-agadir-taghazout\/","title":{"rendered":"Excursi\u00f3n a Tiout y Taroudant desde Agadir y Taghazout"},"content":{"rendered":"<div class=\"wpb-content-wrapper\"><p>[vc_row][vc_column][vc_column_text]Emb\u00e1rcate en una excursi\u00f3n de un d\u00eda desde Agadir y Taghazout para descubrir Tiout y Taroudant. Conduciremos hacia Tiout, un peque\u00f1o pueblo oasis situado a los pies de las monta\u00f1as del Anti-Atlas. El trayecto nos llevar\u00e1 a trav\u00e9s de peque\u00f1as ciudades, campos de cultivo de legumbres y naranjos, y vastos campos de arg\u00e1n.<\/p>\n<p>Al llegar a Tiout, disfrutaremos de un paseo en burro para explorar el oasis de palmeras, acompa\u00f1ados por un gu\u00eda local que nos explicar\u00e1 el sistema de irrigaci\u00f3n de la zona. Despu\u00e9s de un agradable paseo por el oasis, degustaremos un delicioso almuerzo en un restaurante local.<\/p>\n<p>Luego, nos dirigiremos a Taroudant, una ciudad que recuerda a Marrakech por su arquitectura antigua. Esta peque\u00f1a ciudad, ubicada en la llanura del Souss, nos invita a recorrer sus murallas y su antigua medina. Al finalizar la visita, regresaremos a Agadir.<\/p>\n<table class=\"table table-bordered tours-tabs__table\" style=\"height: 233px;\" width=\"862\">\n<tbody>\n<tr>\n<td><strong>Incluido<\/strong><\/td>\n<td>\n<table class=\"table table-bordered\" style=\"height: 62px;\" width=\"300\">\n<tbody>\n<tr>\n<td><i class=\"fa fa-check icon-tick icon-tick--on\"><\/i>Transporte con conductor.<\/td>\n<\/tr>\n<tr>\n<td><i class=\"fa fa-check icon-tick icon-tick--on\"><\/i>Combustible y aire acondicionado.<\/td>\n<\/tr>\n<tr>\n<td><i class=\"fa fa-check icon-tick icon-tick--on\"><\/i>Gu\u00eda o conductor profesional.<\/td>\n<\/tr>\n<tr>\n<td><i class=\"fa fa-check icon-tick icon-tick--on\"><\/i>Impuestos tur\u00edsticos y gastos de aparcamiento.<\/td>\n<\/tr>\n<tr>\n<td><i class=\"fa fa-check icon-tick icon-tick--on\"><\/i>Almuerzo.<\/td>\n<\/tr>\n<\/tbody>\n<\/table>\n<\/td>\n<\/tr>\n<tr>\n<td><b>No incluido<\/b><\/td>\n<td>\n<table class=\"table table-bordered\" style=\"height: 62px;\" width=\"300\">\n<tbody>\n<tr>\n<td><i class=\"fa fa-times icon-tick icon-tick--off\"><\/i>Bebidas.<\/td>\n<\/tr>\n<tr>\n<td><i class=\"fa fa-times icon-tick icon-tick--off\"><\/i>Propinas.<\/td>\n<\/tr>\n<\/tbody>\n<\/table>\n<\/td>\n<\/tr>\n<\/tbody>\n<\/table>\n<p>[\/vc_column_text][\/vc_column][\/vc_row]<\/p>\n<\/div>","protected":false},"excerpt":{"rendered":"<p>Excursi\u00f3n de un d\u00eda a Tiout y Taroudant. Explora oasis, disfruta de un paseo en burro y visita la antigua medina.<\/p>\n","protected":false},"featured_media":2896,"template":"","meta":[],"product_brand":[],"product_cat":[148],"product_tag":[],"class_list":{"0":"post-2895","1":"product","2":"type-product","3":"status-publish","4":"has-post-thumbnail","6":"product_cat-excursiones-agadir-taghazout","7":"tour_category-excursiones-desde-agadir-taghazout","9":"first","10":"instock","11":"shipping-taxable","12":"purchasable","13":"product-type-tour"},"_links":{"self":[{"href":"https:\/\/facetours.ma\/es\/wp-json\/wp\/v2\/product\/2895","targetHints":{"allow":["GET"]}}],"collection":[{"href":"https:\/\/facetours.ma\/es\/wp-json\/wp\/v2\/product"}],"about":[{"href":"https:\/\/facetours.ma\/es\/wp-json\/wp\/v2\/types\/product"}],"wp:featuredmedia":[{"embeddable":true,"href":"https:\/\/facetours.ma\/es\/wp-json\/wp\/v2\/media\/2896"}],"wp:attachment":[{"href":"https:\/\/facetours.ma\/es\/wp-json\/wp\/v2\/media?parent=2895"}],"wp:term":[{"taxonomy":"product_brand","embeddable":true,"href":"https:\/\/facetours.ma\/es\/wp-json\/wp\/v2\/product_brand?post=2895"},{"taxonomy":"product_cat","embeddable":true,"href":"https:\/\/facetours.ma\/es\/wp-json\/wp\/v2\/product_cat?post=2895"},{"taxonomy":"product_tag","embeddable":true,"href":"https:\/\/facetours.ma\/es\/wp-json\/wp\/v2\/product_tag?post=2895"}],"curies":[{"name":"wp","href":"https:\/\/api.w.org\/{rel}","templated":true}]}}