{"id":2880,"date":"2022-08-30T10:54:09","date_gmt":"2022-08-30T09:54:09","guid":{"rendered":"https:\/\/facetours.ma\/?post_type=product&#038;p=2880"},"modified":"2025-01-24T11:28:56","modified_gmt":"2025-01-24T10:28:56","slug":"valle-paraiso-agadir-taghazout","status":"publish","type":"product","link":"https:\/\/facetours.ma\/es\/mejores-circuitos-marruecos\/valle-paraiso-agadir-taghazout\/","title":{"rendered":"Excursi\u00f3n Valle del Para\u00edso desde Agadir y Taghazout"},"content":{"rendered":"<div class=\"wpb-content-wrapper\"><p>[vc_row][vc_column][vc_column_text]Esc\u00e1pate de la ciudad y ad\u00e9ntrate en la naturaleza con una excursi\u00f3n de medio d\u00eda al Valle del Para\u00edso desde Agadir y Taghazout. Recorreremos la ruta de la miel del Valle del Para\u00edso, disfrutando de paisajes impresionantes entre r\u00edos y las monta\u00f1as del Atlas.<\/p>\n<p>Nuestro viaje nos llevar\u00e1 por la costa del Oc\u00e9ano Atl\u00e1ntico, pasando por Aourir, un pueblo bereber conocido por sus plantaciones de pl\u00e1tanos, y una variedad de paisajes con colores contrastantes. Atravesaremos extensos campos de arg\u00e1n, almendros y enebros, con una primera parada en una cooperativa de mujeres de arg\u00e1n para descubrir el proceso de elaboraci\u00f3n de productos alimenticios y cosm\u00e9ticos a base de arg\u00e1n.<\/p>\n<p>Continuaremos hacia Tamzargout, un oasis de palmeras donde nos detendremos para admirar las vistas panor\u00e1micas y dar un breve paseo. Seguiremos nuestro camino junto al r\u00edo, con las imponentes monta\u00f1as del Alto Atlas como tel\u00f3n de fondo. Al llegar al Valle del Para\u00edso, caminaremos unos 20 minutos para llegar a las incre\u00edbles piscinas naturales donde podr\u00e1s nadar, relajarte y disfrutar del sol. Despu\u00e9s, regresaremos a Agadir.<\/p>\n<table class=\"table table-bordered tours-tabs__table\" style=\"height: 233px;\" width=\"862\">\n<tbody>\n<tr>\n<td><strong>Incluido<\/strong><\/td>\n<td>\n<table class=\"table table-bordered\" style=\"height: 62px;\" width=\"300\">\n<tbody>\n<tr>\n<td><i class=\"fa fa-check icon-tick icon-tick--on\"><\/i>Transporte con conductor.<\/td>\n<\/tr>\n<tr>\n<td><i class=\"fa fa-check icon-tick icon-tick--on\"><\/i>Recogida y regreso.<\/td>\n<\/tr>\n<tr>\n<td><i class=\"fa fa-check icon-tick icon-tick--on\"><\/i>Gu\u00eda o conductor profesional.<\/td>\n<\/tr>\n<tr>\n<td><i class=\"fa fa-check icon-tick icon-tick--on\"><\/i>Combustible y aire acondicionado.<\/td>\n<\/tr>\n<tr>\n<td><i class=\"fa fa-check icon-tick icon-tick--on\"><\/i>Impuestos tur\u00edsticos y gastos de aparcamiento.<\/td>\n<\/tr>\n<\/tbody>\n<\/table>\n<\/td>\n<\/tr>\n<tr>\n<td><b>No incluido<\/b><\/td>\n<td>\n<table class=\"table table-bordered\" style=\"height: 62px;\" width=\"300\">\n<tbody>\n<tr>\n<td><i class=\"fa fa-times icon-tick icon-tick--off\"><\/i>Almuerzo.<\/td>\n<\/tr>\n<tr>\n<td><i class=\"fa fa-times icon-tick icon-tick--off\"><\/i>Bebidas.<\/td>\n<\/tr>\n<tr>\n<td><i class=\"fa fa-times icon-tick icon-tick--off\"><\/i>Propinas.<\/td>\n<\/tr>\n<\/tbody>\n<\/table>\n<\/td>\n<\/tr>\n<\/tbody>\n<\/table>\n<p>[\/vc_column_text][\/vc_column][\/vc_row]<\/p>\n<\/div>","protected":false},"excerpt":{"rendered":"<p>Excursi\u00f3n al Valle del Para\u00edso desde Agadir y Taghazout. Explora paisajes, piscinas naturales y aprende sobre el arg\u00e1n.<\/p>\n","protected":false},"featured_media":2881,"template":"","meta":[],"product_brand":[],"product_cat":[148],"product_tag":[],"class_list":{"0":"post-2880","1":"product","2":"type-product","3":"status-publish","4":"has-post-thumbnail","6":"product_cat-excursiones-agadir-taghazout","7":"tour_category-excursiones-desde-agadir-taghazout","9":"first","10":"instock","11":"shipping-taxable","12":"purchasable","13":"product-type-tour"},"_links":{"self":[{"href":"https:\/\/facetours.ma\/es\/wp-json\/wp\/v2\/product\/2880","targetHints":{"allow":["GET"]}}],"collection":[{"href":"https:\/\/facetours.ma\/es\/wp-json\/wp\/v2\/product"}],"about":[{"href":"https:\/\/facetours.ma\/es\/wp-json\/wp\/v2\/types\/product"}],"wp:featuredmedia":[{"embeddable":true,"href":"https:\/\/facetours.ma\/es\/wp-json\/wp\/v2\/media\/2881"}],"wp:attachment":[{"href":"https:\/\/facetours.ma\/es\/wp-json\/wp\/v2\/media?parent=2880"}],"wp:term":[{"taxonomy":"product_brand","embeddable":true,"href":"https:\/\/facetours.ma\/es\/wp-json\/wp\/v2\/product_brand?post=2880"},{"taxonomy":"product_cat","embeddable":true,"href":"https:\/\/facetours.ma\/es\/wp-json\/wp\/v2\/product_cat?post=2880"},{"taxonomy":"product_tag","embeddable":true,"href":"https:\/\/facetours.ma\/es\/wp-json\/wp\/v2\/product_tag?post=2880"}],"curies":[{"name":"wp","href":"https:\/\/api.w.org\/{rel}","templated":true}]}}