{"id":2855,"date":"2022-08-31T11:34:39","date_gmt":"2022-08-31T10:34:39","guid":{"rendered":"https:\/\/facetours.ma\/?post_type=product&#038;p=2855"},"modified":"2025-01-24T11:01:52","modified_gmt":"2025-01-24T10:01:52","slug":"fantasia-noche-marrakech","status":"publish","type":"product","link":"https:\/\/facetours.ma\/es\/mejores-circuitos-marruecos\/fantasia-noche-marrakech\/","title":{"rendered":"Noche Fantasia en Marrakech: Cena, Espect\u00e1culo y Cultura"},"content":{"rendered":"<div class=\"wpb-content-wrapper\"><p>[vc_row][vc_column][vc_column_text]Sum\u00e9rgete en la magia de Marrakech con una noche inolvidable en Chez Ali. D\u00e9jate transportar a la vibrante ciudad roja, donde ser\u00e1s recibido por un grupo de m\u00fasicos en un aut\u00e9ntico caidal, una tienda t\u00edpica marroqu\u00ed.<\/p>\n<p>Disfruta de una exquisita cena con los sabores m\u00e1s representativos de la gastronom\u00eda marroqu\u00ed, seguida de un espect\u00e1culo cultural \u00fanico. D\u00e9jate deslumbrar por las acrobacias, los tragafuegos, la danza del vientre y la exhibici\u00f3n ecuestre Fantasia, una exhibici\u00f3n tradicional de jinetes y caballos.<\/p>\n<p>Prep\u00e1rate para una velada llena de color, m\u00fasica y tradiciones que te har\u00e1n sentir el aut\u00e9ntico esp\u00edritu de Marruecos. Despu\u00e9s del espect\u00e1culo, te regresaremos a tu hotel en Marrakech.<\/p>\n<table class=\"table table-bordered tours-tabs__table\" style=\"height: 233px;\" width=\"862\">\n<tbody>\n<tr>\n<td><strong>Incluido<\/strong><\/td>\n<td>\n<table class=\"table table-bordered\" style=\"height: 62px;\" width=\"300\">\n<tbody>\n<tr>\n<td><i class=\"fa fa-check icon-tick icon-tick--on\"><\/i>Traslado de ida y vuelta desde tu hotel\/riad.<\/td>\n<\/tr>\n<tr>\n<td><i class=\"fa fa-check icon-tick icon-tick--on\"><\/i>Animaci\u00f3n folcl\u00f3rica local.<\/td>\n<\/tr>\n<tr>\n<td><i class=\"fa fa-check icon-tick icon-tick--on\"><\/i>Cena tradicional marroqu\u00ed.<\/td>\n<\/tr>\n<\/tbody>\n<\/table>\n<\/td>\n<\/tr>\n<tr>\n<td><b>No incluido<\/b><\/td>\n<td>\n<table class=\"table table-bordered\" style=\"height: 62px;\" width=\"300\">\n<tbody>\n<tr>\n<td><i class=\"fa fa-times icon-tick icon-tick--off\"><\/i>Bebidas.<\/td>\n<\/tr>\n<tr>\n<td><i class=\"fa fa-times icon-tick icon-tick--off\"><\/i>Propinas.<\/td>\n<\/tr>\n<\/tbody>\n<\/table>\n<\/td>\n<\/tr>\n<\/tbody>\n<\/table>\n<p>[\/vc_column_text][\/vc_column][\/vc_row]<\/p>\n<\/div>","protected":false},"excerpt":{"rendered":"<p>Noche Fantasia: cena tradicional, espect\u00e1culo con danza del vientre, caballos Fantasia y folclore marroqu\u00ed. Traslados incluidos.<\/p>\n","protected":false},"featured_media":2857,"template":"","meta":[],"product_brand":[],"product_cat":[147],"product_tag":[],"class_list":{"0":"post-2855","1":"product","2":"type-product","3":"status-publish","4":"has-post-thumbnail","6":"product_cat-actividades-en-marrakech","7":"tour_category-actividades-marrakech","9":"first","10":"instock","11":"shipping-taxable","12":"purchasable","13":"product-type-tour"},"_links":{"self":[{"href":"https:\/\/facetours.ma\/es\/wp-json\/wp\/v2\/product\/2855","targetHints":{"allow":["GET"]}}],"collection":[{"href":"https:\/\/facetours.ma\/es\/wp-json\/wp\/v2\/product"}],"about":[{"href":"https:\/\/facetours.ma\/es\/wp-json\/wp\/v2\/types\/product"}],"wp:featuredmedia":[{"embeddable":true,"href":"https:\/\/facetours.ma\/es\/wp-json\/wp\/v2\/media\/2857"}],"wp:attachment":[{"href":"https:\/\/facetours.ma\/es\/wp-json\/wp\/v2\/media?parent=2855"}],"wp:term":[{"taxonomy":"product_brand","embeddable":true,"href":"https:\/\/facetours.ma\/es\/wp-json\/wp\/v2\/product_brand?post=2855"},{"taxonomy":"product_cat","embeddable":true,"href":"https:\/\/facetours.ma\/es\/wp-json\/wp\/v2\/product_cat?post=2855"},{"taxonomy":"product_tag","embeddable":true,"href":"https:\/\/facetours.ma\/es\/wp-json\/wp\/v2\/product_tag?post=2855"}],"curies":[{"name":"wp","href":"https:\/\/api.w.org\/{rel}","templated":true}]}}