{"id":2846,"date":"2022-08-31T11:40:24","date_gmt":"2022-08-31T10:40:24","guid":{"rendered":"https:\/\/facetours.ma\/?post_type=product&#038;p=2846"},"modified":"2025-01-24T10:45:59","modified_gmt":"2025-01-24T09:45:59","slug":"paseo-camelos-marrakech","status":"publish","type":"product","link":"https:\/\/facetours.ma\/es\/mejores-circuitos-marruecos\/paseo-camelos-marrakech\/","title":{"rendered":"Paseo en camello por Marrakech | Aventura en el desierto"},"content":{"rendered":"<div class=\"wpb-content-wrapper\"><p>[vc_row][vc_column][vc_column_text]<br \/>\n\u00danete a una emocionante experiencia en Marrakech con un inolvidable paseo en camello por los impresionantes palmerales de la ciudad. Comenzaremos nuestro recorrido con un traslado c\u00f3modo desde tu alojamiento hasta el oasis de palmeras, donde montar\u00e1s tu camello para adentrarte en el coraz\u00f3n del desierto marroqu\u00ed. Durante este viaje de aproximadamente dos horas, explorar\u00e1s las vastas llanuras des\u00e9rticas cubiertas de palmeras, mientras disfrutas del paisaje y la tranquilidad del entorno.<\/p>\n<p>La belleza del desierto se revela en sus diferentes colores, especialmente al atardecer, creando un ambiente m\u00e1gico y perfecto para tomar fotograf\u00edas. Si eres amante de la aventura, tambi\u00e9n tendr\u00e1s la oportunidad de disfrutar de actividades adicionales en la zona, lo que har\u00e1 de tu visita algo a\u00fan m\u00e1s emocionante. Despu\u00e9s de un d\u00eda lleno de experiencias, regresaremos a Marrakech, dejando atr\u00e1s un recorrido lleno de recuerdos.<\/p>\n<p>Lo que est\u00e1 incluido:<\/p>\n<table class=\"table table-bordered tours-tabs__table\" style=\"height: 233px;\" width=\"862\">\n<tbody>\n<tr>\n<td><strong>Incluido<\/strong><\/td>\n<td>\n<table class=\"table table-bordered\" style=\"height: 62px;\" width=\"300\">\n<tbody>\n<tr>\n<td><i class=\"fa fa-check icon-tick icon-tick--on\"><\/i>Traslado desde y hacia tu alojamiento.<\/td>\n<\/tr>\n<tr>\n<td><i class=\"fa fa-check icon-tick icon-tick--on\"><\/i>Paseo privado en camello.<\/td>\n<\/tr>\n<\/tbody>\n<\/table>\n<\/td>\n<\/tr>\n<tr>\n<td><b>No incluido<\/b><\/td>\n<td>\n<table class=\"table table-bordered\" style=\"height: 62px;\" width=\"300\">\n<tbody>\n<tr>\n<td><i class=\"fa fa-times icon-tick icon-tick--off\"><\/i>Bebidas.<\/td>\n<\/tr>\n<tr>\n<td><i class=\"fa fa-times icon-tick icon-tick--off\"><\/i>Propinas.<\/td>\n<\/tr>\n<\/tbody>\n<\/table>\n<\/td>\n<\/tr>\n<\/tbody>\n<\/table>\n<p>\u00a1No te pierdas esta oportunidad \u00fanica de vivir la magia del desierto de Marrakech sobre un camello!<br \/>\n[\/vc_column_text][\/vc_column][\/vc_row]<\/p>\n<\/div>","protected":false},"excerpt":{"rendered":"<p>Disfruta de un paseo en camello por los palmerales de Marrakech y explora el desierto en una experiencia \u00fanica llena de colores y emoci\u00f3n.<\/p>\n","protected":false},"featured_media":2847,"template":"","meta":[],"product_brand":[],"product_cat":[147],"product_tag":[],"class_list":{"0":"post-2846","1":"product","2":"type-product","3":"status-publish","4":"has-post-thumbnail","6":"product_cat-actividades-en-marrakech","7":"tour_category-actividades-marrakech","9":"first","10":"instock","11":"shipping-taxable","12":"purchasable","13":"product-type-tour"},"_links":{"self":[{"href":"https:\/\/facetours.ma\/es\/wp-json\/wp\/v2\/product\/2846","targetHints":{"allow":["GET"]}}],"collection":[{"href":"https:\/\/facetours.ma\/es\/wp-json\/wp\/v2\/product"}],"about":[{"href":"https:\/\/facetours.ma\/es\/wp-json\/wp\/v2\/types\/product"}],"wp:featuredmedia":[{"embeddable":true,"href":"https:\/\/facetours.ma\/es\/wp-json\/wp\/v2\/media\/2847"}],"wp:attachment":[{"href":"https:\/\/facetours.ma\/es\/wp-json\/wp\/v2\/media?parent=2846"}],"wp:term":[{"taxonomy":"product_brand","embeddable":true,"href":"https:\/\/facetours.ma\/es\/wp-json\/wp\/v2\/product_brand?post=2846"},{"taxonomy":"product_cat","embeddable":true,"href":"https:\/\/facetours.ma\/es\/wp-json\/wp\/v2\/product_cat?post=2846"},{"taxonomy":"product_tag","embeddable":true,"href":"https:\/\/facetours.ma\/es\/wp-json\/wp\/v2\/product_tag?post=2846"}],"curies":[{"name":"wp","href":"https:\/\/api.w.org\/{rel}","templated":true}]}}