{"id":2842,"date":"2022-08-31T11:44:39","date_gmt":"2022-08-31T10:44:39","guid":{"rendered":"https:\/\/facetours.ma\/?post_type=product&#038;p=2842"},"modified":"2025-01-24T10:30:13","modified_gmt":"2025-01-24T09:30:13","slug":"clase-cocina-marrakech-tradicion-marroqui","status":"publish","type":"product","link":"https:\/\/facetours.ma\/es\/mejores-circuitos-marruecos\/clase-cocina-marrakech-tradicion-marroqui\/","title":{"rendered":"Clase de cocina en Marrakech: Aprende la gastronom\u00eda marroqu\u00ed"},"content":{"rendered":"<div class=\"wpb-content-wrapper\"><p>[vc_row][vc_column]<div class=\"title title--decoration-bottom-left\">\n\t\t<h2 class=\"title__primary\">Clase de Cocina Tradicional Marroqu\u00ed en Marrakech<\/h2>\n<\/div>\n[vc_column_text]<br \/>\nSi eres un amante de la gastronom\u00eda y deseas conocer los secretos de la cocina marroqu\u00ed, nuestra clase de cocina en Marrakech es la experiencia perfecta para ti. Sum\u00e9rgete en la rica tradici\u00f3n culinaria de Marruecos y aprende a preparar platos t\u00edpicos como el delicioso taj\u00edn, el tradicional cusc\u00fas y el refrescante t\u00e9 de menta.<\/p>\n<p>Durante esta experiencia, chefs locales te guiar\u00e1n paso a paso, compartiendo trucos y consejos sobre los ingredientes frescos y las especias esenciales que hacen de la comida marroqu\u00ed un verdadero fest\u00edn de sabores. Tendr\u00e1s la oportunidad de participar activamente en la preparaci\u00f3n de los platos, haciendo que la experiencia sea a\u00fan m\u00e1s inolvidable.<\/p>\n<p>Lo que incluye la clase:<\/p>\n<table class=\"table table-bordered tours-tabs__table\" style=\"height: 233px;\" width=\"862\">\n<tbody>\n<tr>\n<td><strong>Incluye<\/strong><\/td>\n<td>\n<table class=\"table table-bordered\" style=\"height: 62px;\" width=\"300\">\n<tbody>\n<tr>\n<td><i class=\"fa fa-check icon-tick icon-tick--on\"><\/i>Traslado de ida y vuelta desde tu hotel\/riad.<\/td>\n<\/tr>\n<tr>\n<td><i class=\"fa fa-check icon-tick icon-tick--on\"><\/i>Sesi\u00f3n de clase de cocina.<\/td>\n<\/tr>\n<tr>\n<td><i class=\"fa fa-check icon-tick icon-tick--on\"><\/i>Almuerzo con los platos que preparaste.<\/td>\n<\/tr>\n<tr>\n<td><i class=\"fa fa-check icon-tick icon-tick--on\"><\/i>Bebidas durante la actividad.<\/td>\n<\/tr>\n<\/tbody>\n<\/table>\n<\/td>\n<\/tr>\n<tr>\n<td><b>No incluye<\/b><\/td>\n<td>\n<table class=\"table table-bordered\" style=\"height: 62px;\" width=\"300\">\n<tbody>\n<tr>\n<td><i class=\"fa fa-times icon-tick icon-tick--off\"><\/i>Propina.<\/td>\n<\/tr>\n<\/tbody>\n<\/table>\n<\/td>\n<\/tr>\n<\/tbody>\n<\/table>\n<p>Al final de la clase, podr\u00e1s degustar los platos que preparaste en un ambiente relajado, disfrutando de una comida t\u00edpica marroqu\u00ed acompa\u00f1ada de refrescos y agua. \u00a1Es una forma deliciosa de conocer la cultura local!<\/p>\n<p>[\/vc_column_text][\/vc_column][\/vc_row]<\/p>\n<\/div>","protected":false},"excerpt":{"rendered":"<p>Descubre los sabores de Marruecos en una clase de cocina en Marrakech, donde aprender\u00e1s a preparar platos t\u00edpicos como taj\u00edn, cusc\u00fas y t\u00e9.<\/p>\n","protected":false},"featured_media":2844,"template":"","meta":[],"product_brand":[],"product_cat":[147],"product_tag":[],"class_list":{"0":"post-2842","1":"product","2":"type-product","3":"status-publish","4":"has-post-thumbnail","6":"product_cat-actividades-en-marrakech","7":"tour_category-actividades-marrakech","9":"first","10":"instock","11":"shipping-taxable","12":"purchasable","13":"product-type-tour"},"_links":{"self":[{"href":"https:\/\/facetours.ma\/es\/wp-json\/wp\/v2\/product\/2842","targetHints":{"allow":["GET"]}}],"collection":[{"href":"https:\/\/facetours.ma\/es\/wp-json\/wp\/v2\/product"}],"about":[{"href":"https:\/\/facetours.ma\/es\/wp-json\/wp\/v2\/types\/product"}],"wp:featuredmedia":[{"embeddable":true,"href":"https:\/\/facetours.ma\/es\/wp-json\/wp\/v2\/media\/2844"}],"wp:attachment":[{"href":"https:\/\/facetours.ma\/es\/wp-json\/wp\/v2\/media?parent=2842"}],"wp:term":[{"taxonomy":"product_brand","embeddable":true,"href":"https:\/\/facetours.ma\/es\/wp-json\/wp\/v2\/product_brand?post=2842"},{"taxonomy":"product_cat","embeddable":true,"href":"https:\/\/facetours.ma\/es\/wp-json\/wp\/v2\/product_cat?post=2842"},{"taxonomy":"product_tag","embeddable":true,"href":"https:\/\/facetours.ma\/es\/wp-json\/wp\/v2\/product_tag?post=2842"}],"curies":[{"name":"wp","href":"https:\/\/api.w.org\/{rel}","templated":true}]}}