{"id":2797,"date":"2022-08-31T10:43:10","date_gmt":"2022-08-31T09:43:10","guid":{"rendered":"https:\/\/facetours.ma\/?post_type=product&#038;p=2797"},"modified":"2025-01-23T16:43:55","modified_gmt":"2025-01-23T15:43:55","slug":"sandboarding-dunas-agadir","status":"publish","type":"product","link":"https:\/\/facetours.ma\/es\/mejores-circuitos-marruecos\/sandboarding-dunas-agadir\/","title":{"rendered":"Aventura de Sandboarding en Agadir: Dunas y Paisajes \u00danicos"},"content":{"rendered":"<div class=\"wpb-content-wrapper\"><p>[vc_row][vc_column][vc_column_text]<br \/>\nTe llevaremos a las impresionantes dunas de arena para vivir una emocionante experiencia de sandboarding. Durante el trayecto, atravesaremos el pintoresco pueblo de surfing de Taghazout, el encantador pueblo de Tamri, conocido por sus plantaciones de pl\u00e1tano, y otras aldeas bereberes. Una vez lleguemos a las dunas, comenzaremos nuestra aventura de sandboarding, disfrutando de las impresionantes vistas panor\u00e1micas del paisaje des\u00e9rtico. Despu\u00e9s de esta experiencia \u00fanica, nos relajaremos con una deliciosa comida local, t\u00e9 de menta y frutas de temporada. Finalmente, regresaremos a Agadir para finalizar esta incre\u00edble jornada.<\/p>\n<table class=\"table table-bordered tours-tabs__table\" style=\"height: 233px;\" width=\"862\">\n<tbody>\n<tr>\n<td><strong>Incluye<\/strong><\/td>\n<td>\n<table class=\"table table-bordered\" style=\"height: 62px;\" width=\"300\">\n<tbody>\n<tr>\n<td><i class=\"fa fa-check icon-tick icon-tick--on\"><\/i>Transporte con conductor.<\/td>\n<\/tr>\n<tr>\n<td><i class=\"fa fa-check icon-tick icon-tick--on\"><\/i>Veh\u00edculo con aire acondicionado y combustible.<\/td>\n<\/tr>\n<tr>\n<td><i class=\"fa fa-check icon-tick icon-tick--on\"><\/i>Gu\u00eda local.<\/td>\n<\/tr>\n<tr>\n<td><i class=\"fa fa-check icon-tick icon-tick--on\"><\/i>2 horas de experiencia de sandboarding.<\/td>\n<\/tr>\n<tr>\n<td><i class=\"fa fa-check icon-tick icon-tick--on\"><\/i>Comida t\u00edpica con los lugare\u00f1os.<\/td>\n<\/tr>\n<tr>\n<td><i class=\"fa fa-check icon-tick icon-tick--on\"><\/i>T\u00e9 de menta y frutas de temporada.<\/td>\n<\/tr>\n<tr>\n<td><i class=\"fa fa-check icon-tick icon-tick--on\"><\/i>Agua mineral.<\/td>\n<\/tr>\n<\/tbody>\n<\/table>\n<\/td>\n<\/tr>\n<tr>\n<td><b>No incluye<\/b><\/td>\n<td>\n<table class=\"table table-bordered\" style=\"height: 62px;\" width=\"300\">\n<tbody>\n<tr>\n<td><i class=\"fa fa-times icon-tick icon-tick--off\"><\/i>Propinas.<\/td>\n<\/tr>\n<\/tbody>\n<\/table>\n<\/td>\n<\/tr>\n<\/tbody>\n<\/table>\n<p> [\/vc_column_text][\/vc_column][\/vc_row]<\/p>\n<\/div>","protected":false},"excerpt":{"rendered":"<p>Vive la emoci\u00f3n del sandboarding en las dunas de Agadir, explora aldeas bereberes, disfruta de comida local y rel\u00e1jate con t\u00e9 de menta y frutas tras la experiencia.<\/p>\n","protected":false},"featured_media":2798,"template":"","meta":[],"product_brand":[],"product_cat":[146],"product_tag":[],"class_list":{"0":"post-2797","1":"product","2":"type-product","3":"status-publish","4":"has-post-thumbnail","6":"product_cat-actividades-en-agadir","7":"tour_category-actividades-agadir","9":"first","10":"instock","11":"shipping-taxable","12":"purchasable","13":"product-type-tour"},"_links":{"self":[{"href":"https:\/\/facetours.ma\/es\/wp-json\/wp\/v2\/product\/2797","targetHints":{"allow":["GET"]}}],"collection":[{"href":"https:\/\/facetours.ma\/es\/wp-json\/wp\/v2\/product"}],"about":[{"href":"https:\/\/facetours.ma\/es\/wp-json\/wp\/v2\/types\/product"}],"wp:featuredmedia":[{"embeddable":true,"href":"https:\/\/facetours.ma\/es\/wp-json\/wp\/v2\/media\/2798"}],"wp:attachment":[{"href":"https:\/\/facetours.ma\/es\/wp-json\/wp\/v2\/media?parent=2797"}],"wp:term":[{"taxonomy":"product_brand","embeddable":true,"href":"https:\/\/facetours.ma\/es\/wp-json\/wp\/v2\/product_brand?post=2797"},{"taxonomy":"product_cat","embeddable":true,"href":"https:\/\/facetours.ma\/es\/wp-json\/wp\/v2\/product_cat?post=2797"},{"taxonomy":"product_tag","embeddable":true,"href":"https:\/\/facetours.ma\/es\/wp-json\/wp\/v2\/product_tag?post=2797"}],"curies":[{"name":"wp","href":"https:\/\/api.w.org\/{rel}","templated":true}]}}