{"id":2782,"date":"2022-08-31T10:26:41","date_gmt":"2022-08-31T09:26:41","guid":{"rendered":"https:\/\/facetours.ma\/?post_type=product&#038;p=2782"},"modified":"2025-01-23T16:26:15","modified_gmt":"2025-01-23T15:26:15","slug":"noche-fantasia-kasbah-agadir","status":"publish","type":"product","link":"https:\/\/facetours.ma\/es\/mejores-circuitos-marruecos\/noche-fantasia-kasbah-agadir\/","title":{"rendered":"Noche de Fantas\u00eda en la Kasbah: Cena y Espect\u00e1culo en Agadir"},"content":{"rendered":"<div class=\"wpb-content-wrapper\"><p>[vc_row][vc_column][vc_column_text]<br \/>\nNos dirigiremos a la noche de Fantas\u00eda en la Kasbah, situada a unos 25 minutos en el coraz\u00f3n del valle del Souss, rodeada de las famosas granjas de la regi\u00f3n. Al llegar, seremos recibidos calurosamente por un grupo de m\u00fasicos locales, antes de entrar en una tienda ca\u00eddal, donde comienza nuestra aventura nocturna. Comenzaremos con una cena deliciosa, que nos permitir\u00e1 disfrutar de la m\u00e1s pura tradici\u00f3n gastron\u00f3mica marroqu\u00ed. Luego, seremos testigos de un espect\u00e1culo folkl\u00f3rico con grupos de danza, acrobacias, tragafuegos y un impresionante show ecuestre. Ser\u00e1 una velada m\u00e1gica y llena de emoci\u00f3n. Al finalizar, regresaremos a Agadir en la mini-noche.<\/p>\n<table class=\"table table-bordered tours-tabs__table\" style=\"height: 233px;\" width=\"862\">\n<tbody>\n<tr>\n<td><strong>Incluye<\/strong><\/td>\n<td>\n<table class=\"table table-bordered\" style=\"height: 62px;\" width=\"300\">\n<tbody>\n<tr>\n<td><i class=\"fa fa-check icon-tick icon-tick--on\"><\/i>Transporte con conductor.<\/td>\n<\/tr>\n<tr>\n<td><i class=\"fa fa-check icon-tick icon-tick--on\"><\/i>Espect\u00e1culo y cena.<\/td>\n<\/tr>\n<\/tbody>\n<\/table>\n<\/td>\n<\/tr>\n<tr>\n<td><b>No incluye<\/b><\/td>\n<td>\n<table class=\"table table-bordered\" style=\"height: 62px;\" width=\"300\">\n<tbody>\n<tr>\n<td><i class=\"fa fa-times icon-tick icon-tick--off\"><\/i>Bebidas.<\/td>\n<\/tr>\n<tr>\n<td><i class=\"fa fa-times icon-tick icon-tick--off\"><\/i>Propinas.<\/td>\n<\/tr>\n<\/tbody>\n<\/table>\n<\/td>\n<\/tr>\n<\/tbody>\n<\/table>\n<p> [\/vc_column_text][\/vc_column][\/vc_row]<\/p>\n<\/div>","protected":false},"excerpt":{"rendered":"<p>Disfruta de una noche \u00fanica en la Kasbah, con una cena marroqu\u00ed tradicional y un espectacular show de danza, acrobacias y caballos. Una experiencia m\u00e1gica cerca de Agadir.<\/p>\n","protected":false},"featured_media":2783,"template":"","meta":[],"product_brand":[],"product_cat":[146],"product_tag":[],"class_list":{"0":"post-2782","1":"product","2":"type-product","3":"status-publish","4":"has-post-thumbnail","6":"product_cat-actividades-en-agadir","7":"tour_category-actividades-agadir","9":"first","10":"instock","11":"virtual","12":"purchasable","13":"product-type-tour"},"_links":{"self":[{"href":"https:\/\/facetours.ma\/es\/wp-json\/wp\/v2\/product\/2782","targetHints":{"allow":["GET"]}}],"collection":[{"href":"https:\/\/facetours.ma\/es\/wp-json\/wp\/v2\/product"}],"about":[{"href":"https:\/\/facetours.ma\/es\/wp-json\/wp\/v2\/types\/product"}],"wp:featuredmedia":[{"embeddable":true,"href":"https:\/\/facetours.ma\/es\/wp-json\/wp\/v2\/media\/2783"}],"wp:attachment":[{"href":"https:\/\/facetours.ma\/es\/wp-json\/wp\/v2\/media?parent=2782"}],"wp:term":[{"taxonomy":"product_brand","embeddable":true,"href":"https:\/\/facetours.ma\/es\/wp-json\/wp\/v2\/product_brand?post=2782"},{"taxonomy":"product_cat","embeddable":true,"href":"https:\/\/facetours.ma\/es\/wp-json\/wp\/v2\/product_cat?post=2782"},{"taxonomy":"product_tag","embeddable":true,"href":"https:\/\/facetours.ma\/es\/wp-json\/wp\/v2\/product_tag?post=2782"}],"curies":[{"name":"wp","href":"https:\/\/api.w.org\/{rel}","templated":true}]}}