{"id":2753,"date":"2022-08-31T10:06:58","date_gmt":"2022-08-31T09:06:58","guid":{"rendered":"https:\/\/facetours.ma\/?post_type=product&#038;p=2753"},"modified":"2025-01-23T15:46:51","modified_gmt":"2025-01-23T14:46:51","slug":"vuelo-globo-aerostatico-agadir","status":"publish","type":"product","link":"https:\/\/facetours.ma\/es\/mejores-circuitos-marruecos\/vuelo-globo-aerostatico-agadir\/","title":{"rendered":"Vuelo en globo aerost\u00e1tico desde Agadir: Amanecer y Paisajes"},"content":{"rendered":"<div class=\"wpb-content-wrapper\"><p>[vc_row][vc_column][vc_column_text]<br \/>\nVuela en globo aerost\u00e1tico desde Agadir y disfruta de una experiencia \u00fanica al amanecer. Te recogeremos en tu hotel temprano por la ma\u00f1ana y te llevaremos al punto de salida de esta emocionante aventura. Durante el vuelo, podr\u00e1s contemplar el impresionante amanecer desde las alturas, mientras disfrutas de las vistas panor\u00e1micas de las Monta\u00f1as del Alto Atlas, las aldeas bereberes, valles y los sorprendentes colores de los paisajes de la regi\u00f3n.<\/p>\n<table class=\"table table-bordered tours-tabs__table\" style=\"height: 233px;\" width=\"862\">\n<tbody>\n<tr>\n<td><strong>Incluye<\/strong><\/td>\n<td>\n<table class=\"table table-bordered\" style=\"height: 62px;\" width=\"300\">\n<tbody>\n<tr>\n<td><i class=\"fa fa-check icon-tick icon-tick--on\"><\/i>Transporte ida y vuelta desde tu hotel\/riad.<\/td>\n<\/tr>\n<tr>\n<td><i class=\"fa fa-check icon-tick icon-tick--on\"><\/i>Vuelo en globo aerost\u00e1tico de 60 minutos.<\/td>\n<\/tr>\n<tr>\n<td><i class=\"fa fa-check icon-tick icon-tick--on\"><\/i>Desayuno.<\/td>\n<\/tr>\n<\/tbody>\n<\/table>\n<\/td>\n<\/tr>\n<tr>\n<td><b>No incluye<\/b><\/td>\n<td>\n<table class=\"table table-bordered\" style=\"height: 62px;\" width=\"300\">\n<tbody>\n<tr>\n<td><i class=\"fa fa-times icon-tick icon-tick--off\"><\/i>Bebidas.<\/td>\n<\/tr>\n<tr>\n<td><i class=\"fa fa-times icon-tick icon-tick--off\"><\/i>Propinas.<\/td>\n<\/tr>\n<\/tbody>\n<\/table>\n<\/td>\n<\/tr>\n<\/tbody>\n<\/table>\n<p> [\/vc_column_text][\/vc_column][\/vc_row]<\/p>\n<\/div>","protected":false},"excerpt":{"rendered":"<p>Vuela en globo desde Agadir, disfruta del amanecer sobre el Alto Atlas y observa los paisajes y aldeas bereberes en una experiencia \u00fanica.<\/p>\n","protected":false},"featured_media":2759,"template":"","meta":[],"product_brand":[],"product_cat":[146],"product_tag":[],"class_list":{"0":"post-2753","1":"product","2":"type-product","3":"status-publish","4":"has-post-thumbnail","6":"product_cat-actividades-en-agadir","7":"tour_category-actividades-agadir","9":"first","10":"instock","11":"shipping-taxable","12":"purchasable","13":"product-type-tour"},"_links":{"self":[{"href":"https:\/\/facetours.ma\/es\/wp-json\/wp\/v2\/product\/2753","targetHints":{"allow":["GET"]}}],"collection":[{"href":"https:\/\/facetours.ma\/es\/wp-json\/wp\/v2\/product"}],"about":[{"href":"https:\/\/facetours.ma\/es\/wp-json\/wp\/v2\/types\/product"}],"wp:featuredmedia":[{"embeddable":true,"href":"https:\/\/facetours.ma\/es\/wp-json\/wp\/v2\/media\/2759"}],"wp:attachment":[{"href":"https:\/\/facetours.ma\/es\/wp-json\/wp\/v2\/media?parent=2753"}],"wp:term":[{"taxonomy":"product_brand","embeddable":true,"href":"https:\/\/facetours.ma\/es\/wp-json\/wp\/v2\/product_brand?post=2753"},{"taxonomy":"product_cat","embeddable":true,"href":"https:\/\/facetours.ma\/es\/wp-json\/wp\/v2\/product_cat?post=2753"},{"taxonomy":"product_tag","embeddable":true,"href":"https:\/\/facetours.ma\/es\/wp-json\/wp\/v2\/product_tag?post=2753"}],"curies":[{"name":"wp","href":"https:\/\/api.w.org\/{rel}","templated":true}]}}