{"id":2711,"date":"2022-08-30T00:19:11","date_gmt":"2022-08-29T23:19:11","guid":{"rendered":"https:\/\/facetours.ma\/?post_type=product&#038;p=2711"},"modified":"2025-01-23T15:56:16","modified_gmt":"2025-01-23T14:56:16","slug":"excursion-essaouira-marruecos-agadir","status":"publish","type":"product","link":"https:\/\/facetours.ma\/es\/mejores-circuitos-marruecos\/excursion-essaouira-marruecos-agadir\/","title":{"rendered":"Excursi\u00f3n a Essaouira desde Agadir: Historia y Cultura Local"},"content":{"rendered":"<div class=\"wpb-content-wrapper\"><p>[vc_row][vc_column][vc_column_text]<br \/>\nEn la ma\u00f1ana temprano, viajaremos hacia la ciudad de Essaouira, conocida como ex-Mogador, atravesando el pintoresco pueblo de Taghazout y disfrutando de la impresionante carretera costera. En el camino, pasaremos por peque\u00f1os pueblos bereberes y vastos olivares y bosques de arg\u00e1n. Haremos una parada en un huerto de arg\u00e1n para ver cabras subiendo a los \u00e1rboles y visitaremos una cooperativa de mujeres que produce aceite de arg\u00e1n. All\u00ed aprenderemos c\u00f3mo se utiliza este preciado recurso en la industria alimentaria y cosm\u00e9tica.<\/p>\n<p>Al llegar a Essaouira, iniciaremos nuestra excursi\u00f3n desde el puerto y el ic\u00f3nico barco azul, visitando la famosa Kasbah de la Sqala, una plataforma de artiller\u00eda del siglo XVIII, uno de los principales puntos de defensa de la ciudad. La Sqala, tambi\u00e9n conocida como la fortaleza de la Medina, se ubica junto al oc\u00e9ano Atl\u00e1ntico. Continuaremos nuestro recorrido hacia la plaza Moulay Al Hassan, el coraz\u00f3n vibrante de Essaouira, rodeada de cafeter\u00edas, restaurantes y tiendas, y con una vista impresionante entre el puerto y la entrada de la antigua Medina, famosa por sus zocos y bazares.<\/p>\n<p>Nuestra visita tambi\u00e9n incluye el Bayt Dakira o Casa de la Memoria, un museo jud\u00edo en el barrio Mellah, que nos ofrece una visi\u00f3n \u00fanica de la historia jud\u00eda en Marruecos. Al finalizar el recorrido, disfrutaremos de un delicioso almuerzo de pescado y, despu\u00e9s, regresaremos a Agadir.<\/p>\n<table class=\"table table-bordered tours-tabs__table\" style=\"height: 233px;\" width=\"862\">\n<tbody>\n<tr>\n<td><strong>Incluye<\/strong><\/td>\n<td>\n<table class=\"table table-bordered\" style=\"height: 62px;\" width=\"300\">\n<tbody>\n<tr>\n<td><i class=\"fa fa-check icon-tick icon-tick--on\"><\/i>Transporte con conductor.<\/td>\n<\/tr>\n<tr>\n<td><i class=\"fa fa-check icon-tick icon-tick--on\"><\/i>Combustible y aire acondicionado.<\/td>\n<\/tr>\n<tr>\n<td><i class=\"fa fa-check icon-tick icon-tick--on\"><\/i>Impuestos tur\u00edsticos y tarifa de estacionamiento.<\/td>\n<\/tr>\n<tr>\n<td><i class=\"fa fa-check icon-tick icon-tick--on\"><\/i>Gu\u00eda o conductor profesional.<\/td>\n<\/tr>\n<\/tbody>\n<\/table>\n<\/td>\n<\/tr>\n<tr>\n<td><b>No incluye<\/b><\/td>\n<td>\n<table class=\"table table-bordered\" style=\"height: 62px;\" width=\"300\">\n<tbody>\n<tr>\n<td><i class=\"fa fa-times icon-tick icon-tick--off\"><\/i>Almuerzo y bebidas.<\/td>\n<\/tr>\n<tr>\n<td><i class=\"fa fa-times icon-tick icon-tick--off\"><\/i>Entrada a monumentos.<\/td>\n<\/tr>\n<tr>\n<td><i class=\"fa fa-times icon-tick icon-tick--off\"><\/i>Propinas.<\/td>\n<\/tr>\n<\/tbody>\n<\/table>\n<\/td>\n<\/tr>\n<\/tbody>\n<\/table>\n<p> [\/vc_column_text][\/vc_column][\/vc_row]<\/p>\n<\/div>","protected":false},"excerpt":{"rendered":"<p>Explora la ciudad costera de Essaouira desde Agadir, visitando su puerto, Kasbah, Medina, y museo jud\u00edo, mientras disfrutas de la cultura local y el delicioso pescado fresco.<\/p>\n","protected":false},"featured_media":2726,"template":"","meta":[],"product_brand":[],"product_cat":[148],"product_tag":[],"class_list":{"0":"post-2711","1":"product","2":"type-product","3":"status-publish","4":"has-post-thumbnail","6":"product_cat-excursiones-agadir-taghazout","7":"tour_category-excursiones-desde-agadir-taghazout","9":"first","10":"instock","11":"shipping-taxable","12":"purchasable","13":"product-type-tour"},"_links":{"self":[{"href":"https:\/\/facetours.ma\/es\/wp-json\/wp\/v2\/product\/2711","targetHints":{"allow":["GET"]}}],"collection":[{"href":"https:\/\/facetours.ma\/es\/wp-json\/wp\/v2\/product"}],"about":[{"href":"https:\/\/facetours.ma\/es\/wp-json\/wp\/v2\/types\/product"}],"wp:featuredmedia":[{"embeddable":true,"href":"https:\/\/facetours.ma\/es\/wp-json\/wp\/v2\/media\/2726"}],"wp:attachment":[{"href":"https:\/\/facetours.ma\/es\/wp-json\/wp\/v2\/media?parent=2711"}],"wp:term":[{"taxonomy":"product_brand","embeddable":true,"href":"https:\/\/facetours.ma\/es\/wp-json\/wp\/v2\/product_brand?post=2711"},{"taxonomy":"product_cat","embeddable":true,"href":"https:\/\/facetours.ma\/es\/wp-json\/wp\/v2\/product_cat?post=2711"},{"taxonomy":"product_tag","embeddable":true,"href":"https:\/\/facetours.ma\/es\/wp-json\/wp\/v2\/product_tag?post=2711"}],"curies":[{"name":"wp","href":"https:\/\/api.w.org\/{rel}","templated":true}]}}