{"id":3703,"date":"2022-08-28T10:03:53","date_gmt":"2022-08-28T09:03:53","guid":{"rendered":"https:\/\/facetours.ma\/?page_id=3703"},"modified":"2025-01-26T10:59:42","modified_gmt":"2025-01-26T09:59:42","slug":"tours-personalizados-desde-fez-marruecos","status":"publish","type":"page","link":"https:\/\/facetours.ma\/es\/tours-personalizados-desde-fez-marruecos\/","title":{"rendered":"Tours Personalizados desde Fez &#8211; Explora Marruecos a Tu Medida"},"content":{"rendered":"<div class=\"wpb-content-wrapper\"><p>[vc_row][vc_column]<div class=\"title title--big title--center\">\n\t\t<h2 class=\"title__primary\">Tours en Marruecos desde Fez<\/h2>\n<\/div>\n[vc_column_text css=&#8221;&#8221;]Descubre la magia de Marruecos con nuestros exclusivos tours desde <strong>Fez<\/strong>. Ya sea que busques explorar las <strong>ciudades imperiales<\/strong>, sumergirte en la cultura <strong>berber<\/strong> o adentrarte en el <strong>desierto del Sahara<\/strong>, tenemos el tour perfecto para ti. Nuestros recorridos est\u00e1n dise\u00f1ados para ofrecerte una experiencia completa de Marruecos, combinando historia, arquitectura, paisajes impresionantes y la calidez de su gente. \u00a1Vive Marruecos como nunca antes![\/vc_column_text][vc_empty_space height=&#8221;16px&#8221;]\n<div class=\"atlist\">\n\t\t<div class=\"atlist__item margin-bottom\">\n\t\t<div class=\"atlist__item__image\">\n\t\t<a class=\"atlist__item__image-wrap\" href=\"https:\/\/facetours.ma\/es\/mejores-circuitos-marruecos\/tour-3-dias-fez-marrakech-merzouga\/\"><img loading=\"lazy\" decoding=\"async\" width=\"720\" height=\"480\" src=\"https:\/\/facetours.ma\/wp-content\/uploads\/2022\/08\/Bahia-palace-tour-from-fez-min.jpg\" class=\"attachment-thumb_tour_box size-thumb_tour_box wp-post-image\" alt=\"\" srcset=\"https:\/\/facetours.ma\/wp-content\/uploads\/2022\/08\/Bahia-palace-tour-from-fez-min.jpg 720w, https:\/\/facetours.ma\/wp-content\/uploads\/2022\/08\/Bahia-palace-tour-from-fez-min-531x354.jpg 531w, https:\/\/facetours.ma\/wp-content\/uploads\/2022\/08\/Bahia-palace-tour-from-fez-min-180x120.jpg 180w, https:\/\/facetours.ma\/wp-content\/uploads\/2022\/08\/Bahia-palace-tour-from-fez-min-600x400.jpg 600w, https:\/\/facetours.ma\/wp-content\/uploads\/2022\/08\/Bahia-palace-tour-from-fez-min-300x200.jpg 300w, https:\/\/facetours.ma\/wp-content\/uploads\/2022\/08\/Bahia-palace-tour-from-fez-min-360x240.jpg 360w\" sizes=\"auto, (max-width: 720px) 100vw, 720px\" \/><\/a>\t\t\t\t\t\t<\/div>\n\t\t<div class=\"atlist__item__content\">\n\t\t\t<div class=\"atlist__item__content__items\">\n\t\t\t\t<div class=\"atlist__item__content__item\">\n\t\t\t\t\t<h2 class=\"atlist__item__title\"><a href=\"https:\/\/facetours.ma\/es\/mejores-circuitos-marruecos\/tour-3-dias-fez-marrakech-merzouga\/\">Tour de 3 D\u00edas desde Fez a Marrakech a trav\u00e9s de Merzouga<\/a><\/h2>\n\t\t\t\t\t\t\t\t\t\t\t<div class=\"atlist__item__description\">Emb\u00e1rcate en una aventura \u00fanica de 3 d\u00edas desde Fez a Marrakech, atravesando el desierto de Merzouga, el Valle del<\/div>\n\t\t\t\t\t\t\t\t\t<\/div>\n\t\t\t\t<div class=\"atlist__item__content__item atlist__item__content__item--alternative\">\n\t\t\t\t\t\n\t\t\t\t\t<div class=\"atlist__item__read-more\"><a href=\"https:\/\/facetours.ma\/es\/mejores-circuitos-marruecos\/tour-3-dias-fez-marrakech-merzouga\/\" class=\"atbtn atbtn--small atbtn--rounded atbtn--light\">Tour details<\/a><\/div>\n\t\t\t\t<\/div>\n\t\t\t<\/div>\n\t\t\t<div class=\"atlist__item__attributes\"><div class=\"item-attributes item-attributes--style2\"><div class=\"item-attributes__item\"><div class=\"item-attributes__item__content\"><div class=\"item-attributes__item__content__item item-attributes__item__content__item--text\"><span>3 d\u00edas<\/span><\/div><\/div><\/div><div class=\"item-attributes__item\"><div class=\"item-attributes__item__content\"><div class=\"item-attributes__item__content__item item-attributes__item__content__item--text\"><span>Espa\u00f1ol, franc\u00e9s, ingl\u00e9s y alem\u00e1n<\/span><\/div><\/div><\/div><\/div><\/div>\t\t<\/div>\n\t<\/div>\n\t\t<div class=\"atlist__item margin-bottom\">\n\t\t<div class=\"atlist__item__image\">\n\t\t<a class=\"atlist__item__image-wrap\" href=\"https:\/\/facetours.ma\/es\/mejores-circuitos-marruecos\/gran-tour-desierto-fez\/\"><img loading=\"lazy\" decoding=\"async\" width=\"720\" height=\"565\" src=\"https:\/\/facetours.ma\/wp-content\/uploads\/2022\/08\/Merzouga-min-720x565.jpg\" class=\"attachment-thumb_tour_box size-thumb_tour_box wp-post-image\" alt=\"\" \/><\/a>\t\t\t\t\t\t<\/div>\n\t\t<div class=\"atlist__item__content\">\n\t\t\t<div class=\"atlist__item__content__items\">\n\t\t\t\t<div class=\"atlist__item__content__item\">\n\t\t\t\t\t<h2 class=\"atlist__item__title\"><a href=\"https:\/\/facetours.ma\/es\/mejores-circuitos-marruecos\/gran-tour-desierto-fez\/\">Gran Tour y Desierto desde Fez: 13 d\u00edas por Marruecos<\/a><\/h2>\n\t\t\t\t\t\t\t\t\t\t\t<div class=\"atlist__item__description\">Un tour de 13 d\u00edas desde Fez, explorando el desierto, kasbahs hist\u00f3ricas, las ciudades imperiales y paisajes \u00fanicos de Marruecos,<\/div>\n\t\t\t\t\t\t\t\t\t<\/div>\n\t\t\t\t<div class=\"atlist__item__content__item atlist__item__content__item--alternative\">\n\t\t\t\t\t\n\t\t\t\t\t<div class=\"atlist__item__read-more\"><a href=\"https:\/\/facetours.ma\/es\/mejores-circuitos-marruecos\/gran-tour-desierto-fez\/\" class=\"atbtn atbtn--small atbtn--rounded atbtn--light\">Tour details<\/a><\/div>\n\t\t\t\t<\/div>\n\t\t\t<\/div>\n\t\t\t<div class=\"atlist__item__attributes\"><div class=\"item-attributes item-attributes--style2\"><div class=\"item-attributes__item\"><div class=\"item-attributes__item__content\"><div class=\"item-attributes__item__content__item item-attributes__item__content__item--text\"><span>12 days, 12 d\u00edas<\/span><\/div><\/div><\/div><div class=\"item-attributes__item\"><div class=\"item-attributes__item__content\"><div class=\"item-attributes__item__content__item item-attributes__item__content__item--text\"><span>Espa\u00f1ol, franc\u00e9s, ingl\u00e9s y alem\u00e1n<\/span><\/div><\/div><\/div><\/div><\/div>\t\t<\/div>\n\t<\/div>\n\t\t<div class=\"atlist__item margin-bottom\">\n\t\t<div class=\"atlist__item__image\">\n\t\t<a class=\"atlist__item__image-wrap\" href=\"https:\/\/facetours.ma\/es\/mejores-circuitos-marruecos\/tour-ciudades-imperiales-desde-fez-marruecos\/\"><img loading=\"lazy\" decoding=\"async\" width=\"720\" height=\"566\" src=\"https:\/\/facetours.ma\/wp-content\/uploads\/2022\/08\/Fez-boujloud-gate-min-720x566.jpg\" class=\"attachment-thumb_tour_box size-thumb_tour_box wp-post-image\" alt=\"\" \/><\/a>\t\t\t\t\t\t<\/div>\n\t\t<div class=\"atlist__item__content\">\n\t\t\t<div class=\"atlist__item__content__items\">\n\t\t\t\t<div class=\"atlist__item__content__item\">\n\t\t\t\t\t<h2 class=\"atlist__item__title\"><a href=\"https:\/\/facetours.ma\/es\/mejores-circuitos-marruecos\/tour-ciudades-imperiales-desde-fez-marruecos\/\">Tour de 8 d\u00edas por las Ciudades Imperiales de Marruecos desde Fez<\/a><\/h2>\n\t\t\t\t\t\t\t\t\t\t\t<div class=\"atlist__item__description\">Recorre las ciudades imperiales de Marruecos en un tour de 8 d\u00edas desde Fez. Historia, cultura, arquitectura y paisajes \u00fanicos.<\/div>\n\t\t\t\t\t\t\t\t\t<\/div>\n\t\t\t\t<div class=\"atlist__item__content__item atlist__item__content__item--alternative\">\n\t\t\t\t\t\n\t\t\t\t\t<div class=\"atlist__item__read-more\"><a href=\"https:\/\/facetours.ma\/es\/mejores-circuitos-marruecos\/tour-ciudades-imperiales-desde-fez-marruecos\/\" class=\"atbtn atbtn--small atbtn--rounded atbtn--light\">Tour details<\/a><\/div>\n\t\t\t\t<\/div>\n\t\t\t<\/div>\n\t\t\t<div class=\"atlist__item__attributes\"><div class=\"item-attributes item-attributes--style2\"><div class=\"item-attributes__item\"><div class=\"item-attributes__item__content\"><div class=\"item-attributes__item__content__item item-attributes__item__content__item--text\"><span>7 days, 7 d\u00edas<\/span><\/div><\/div><\/div><div class=\"item-attributes__item\"><div class=\"item-attributes__item__content\"><div class=\"item-attributes__item__content__item item-attributes__item__content__item--text\"><span>Espa\u00f1ol, franc\u00e9s, ingl\u00e9s y alem\u00e1n<\/span><\/div><\/div><\/div><\/div><\/div>\t\t<\/div>\n\t<\/div>\n\t\t<div class=\"atlist__item margin-bottom\">\n\t\t<div class=\"atlist__item__image\">\n\t\t<a class=\"atlist__item__image-wrap\" href=\"https:\/\/facetours.ma\/es\/mejores-circuitos-marruecos\/tour-norte-marruecos-desde-fez\/\"><img loading=\"lazy\" decoding=\"async\" width=\"720\" height=\"566\" src=\"https:\/\/facetours.ma\/wp-content\/uploads\/2022\/08\/Chefchaouen-blue-city-old-medina-min-720x566.jpg\" class=\"attachment-thumb_tour_box size-thumb_tour_box wp-post-image\" alt=\"\" \/><\/a>\t\t\t\t\t\t<\/div>\n\t\t<div class=\"atlist__item__content\">\n\t\t\t<div class=\"atlist__item__content__items\">\n\t\t\t\t<div class=\"atlist__item__content__item\">\n\t\t\t\t\t<h2 class=\"atlist__item__title\"><a href=\"https:\/\/facetours.ma\/es\/mejores-circuitos-marruecos\/tour-norte-marruecos-desde-fez\/\">Tour por el Norte de Marruecos de 7 d\u00edas desde Fez<\/a><\/h2>\n\t\t\t\t\t\t\t\t\t\t\t<div class=\"atlist__item__description\">Recorre el norte de Marruecos en un tour de 7 d\u00edas desde Fez. Historia, naturaleza y cultura en lugares como<\/div>\n\t\t\t\t\t\t\t\t\t<\/div>\n\t\t\t\t<div class=\"atlist__item__content__item atlist__item__content__item--alternative\">\n\t\t\t\t\t\n\t\t\t\t\t<div class=\"atlist__item__read-more\"><a href=\"https:\/\/facetours.ma\/es\/mejores-circuitos-marruecos\/tour-norte-marruecos-desde-fez\/\" class=\"atbtn atbtn--small atbtn--rounded atbtn--light\">Tour details<\/a><\/div>\n\t\t\t\t<\/div>\n\t\t\t<\/div>\n\t\t\t<div class=\"atlist__item__attributes\"><div class=\"item-attributes item-attributes--style2\"><div class=\"item-attributes__item\"><div class=\"item-attributes__item__content\"><div class=\"item-attributes__item__content__item item-attributes__item__content__item--text\"><span>7 d\u00edas<\/span><\/div><\/div><\/div><div class=\"item-attributes__item\"><div class=\"item-attributes__item__content\"><div class=\"item-attributes__item__content__item item-attributes__item__content__item--text\"><span>Espa\u00f1ol, franc\u00e9s, ingl\u00e9s y alem\u00e1n<\/span><\/div><\/div><\/div><\/div><\/div>\t\t<\/div>\n\t<\/div>\n<\/div>[vc_empty_space height=&#8221;64px&#8221;]<div id=\"swiper1\" class=\"tours-type\">\n\t<div class=\"title title--big title--center title--underline title--decoration-bottom-center\">\n\t\t\t<div class=\"title__subtitle\">Selecciona tu Destino<\/div>\n\t\t<h2 class=\"title__primary\">Paquetes de Tours por Marruecos<\/h2>\n<\/div>\n\t<div class=\"tours-type__slider\">\n\t\t<div class=\"tours-type__slider__controls\">\n\t\t\t<a class=\"tours-type__slider__prev\" href=\"#\" aria-label=\"Previous slider\"><i class=\"fa fa-chevron-left\"><\/i><\/a>\n\t\t\t<a class=\"tours-type__slider__next\" href=\"#\" aria-label=\"Next slider\"><i class=\"fa fa-chevron-right\"><\/i><\/a>\n\t\t<\/div>\n\n\t\t<div class=\"swiper-container swiper-slider\">\n\t\t\t<div class=\"swiper-wrapper\">\n\t\t\t\t\t\t\t\t\t\t\t<div class=\"swiper-slide tours-type__item\">\n\t\t\t\t\t<a href=\"https:\/\/facetours.ma\/es\/tour-category\/circuitos-desde-agadir\/\" class=\"tours-type__item__image\"><img loading=\"lazy\" decoding=\"async\" src=\"https:\/\/facetours.ma\/wp-content\/uploads\/2022\/08\/Agadir-Ksbah-Oufella-min.jpg\" alt=\"Circuitos desde Agadir\" width=\"600\" height=\"600\" \/><\/a>\n\t\t\t\t\t<div class=\"tours-type__item__title\">Circuitos desde Agadir<\/div>\n\t\t\t\t<\/div>\n\t\t\t\t\t\t\t\t\t\t\t<div class=\"swiper-slide tours-type__item\">\n\t\t\t\t\t<a href=\"https:\/\/facetours.ma\/es\/tour-category\/circuitos-desde-casablanca\/\" class=\"tours-type__item__image\"><img loading=\"lazy\" decoding=\"async\" src=\"https:\/\/facetours.ma\/wp-content\/uploads\/2022\/08\/Hassan-II-mosque-Casablanca-min.jpg\" alt=\"Circuitos desde Casablanca\" width=\"600\" height=\"600\" \/><\/a>\n\t\t\t\t\t<div class=\"tours-type__item__title\">Circuitos desde Casablanca<\/div>\n\t\t\t\t<\/div>\n\t\t\t\t\t\t\t\t\t\t\t<div class=\"swiper-slide tours-type__item\">\n\t\t\t\t\t<a href=\"https:\/\/facetours.ma\/es\/tour-category\/circuitos-desde-marrakech\/\" class=\"tours-type__item__image\"><img loading=\"lazy\" decoding=\"async\" src=\"https:\/\/facetours.ma\/wp-content\/uploads\/2025\/01\/circuitos-desde-marrakech.jpg\" alt=\"Circuitos desde Marrakech\" width=\"600\" height=\"600\" \/><\/a>\n\t\t\t\t\t<div class=\"tours-type__item__title\">Circuitos desde Marrakech<\/div>\n\t\t\t\t<\/div>\n\t\t\t\t\t\t\t\t\t\t\t<div class=\"swiper-slide tours-type__item\">\n\t\t\t\t\t<a href=\"https:\/\/facetours.ma\/es\/tour-category\/circuitos-desde-rabat\/\" class=\"tours-type__item__image\"><img loading=\"lazy\" decoding=\"async\" src=\"https:\/\/facetours.ma\/wp-content\/uploads\/2022\/08\/tour-hassan-rabat-day-trip-from-casablanca-1.jpg\" alt=\"Circuitos desde Rabat\" width=\"600\" height=\"600\" \/><\/a>\n\t\t\t\t\t<div class=\"tours-type__item__title\">Circuitos desde Rabat<\/div>\n\t\t\t\t<\/div>\n\t\t\t\t\t\t\t\t\t\t\t<div class=\"swiper-slide tours-type__item\">\n\t\t\t\t\t<a href=\"https:\/\/facetours.ma\/es\/tour-category\/circuitos-desde-tanger\/\" class=\"tours-type__item__image\"><img loading=\"lazy\" decoding=\"async\" src=\"https:\/\/facetours.ma\/wp-content\/uploads\/2025\/01\/circuitos-desde-tanger.jpg\" alt=\"Circuitos desde T\u00e1nger\" width=\"600\" height=\"600\" \/><\/a>\n\t\t\t\t\t<div class=\"tours-type__item__title\">Circuitos desde T\u00e1nger<\/div>\n\t\t\t\t<\/div>\n\t\t\t\t\t\t<\/div>\n\t\t<\/div>\n\t<\/div>\n<\/div>\n[\/vc_column][\/vc_row]<\/p>\n<\/div>","protected":false},"excerpt":{"rendered":"<p>[vc_row][vc_column][vc_column_text css=&#8221;&#8221;]Descubre la magia de Marruecos con nuestros exclusivos tours desde Fez. Ya sea que busques explorar las ciudades imperiales, sumergirte en la cultura berber o adentrarte en el desierto del Sahara, tenemos el tour perfecto para ti. Nuestros recorridos est\u00e1n dise\u00f1ados para ofrecerte una experiencia completa de Marruecos, combinando historia, arquitectura, paisajes impresionantes y<\/p>\n<div class=\"padding-top text-center\"><a href=\"https:\/\/facetours.ma\/es\/mejores-circuitos-marruecos\/tour-norte-marruecos-desde-fez\/\" class=\"atbtn atbtn--medium atbtn--rounded atbtn--transparent\">Read more<i class=\"atbtn__icon atbtn__icon--right fa fa-long-arrow-right\"><\/i><\/a><\/div>\n","protected":false},"author":1,"featured_media":0,"parent":0,"menu_order":0,"comment_status":"closed","ping_status":"closed","template":"","meta":{"footnotes":""},"class_list":["post-3703","page","type-page","status-publish","hentry"],"_links":{"self":[{"href":"https:\/\/facetours.ma\/es\/wp-json\/wp\/v2\/pages\/3703","targetHints":{"allow":["GET"]}}],"collection":[{"href":"https:\/\/facetours.ma\/es\/wp-json\/wp\/v2\/pages"}],"about":[{"href":"https:\/\/facetours.ma\/es\/wp-json\/wp\/v2\/types\/page"}],"author":[{"embeddable":true,"href":"https:\/\/facetours.ma\/es\/wp-json\/wp\/v2\/users\/1"}],"replies":[{"embeddable":true,"href":"https:\/\/facetours.ma\/es\/wp-json\/wp\/v2\/comments?post=3703"}],"version-history":[{"count":3,"href":"https:\/\/facetours.ma\/es\/wp-json\/wp\/v2\/pages\/3703\/revisions"}],"predecessor-version":[{"id":3707,"href":"https:\/\/facetours.ma\/es\/wp-json\/wp\/v2\/pages\/3703\/revisions\/3707"}],"wp:attachment":[{"href":"https:\/\/facetours.ma\/es\/wp-json\/wp\/v2\/media?parent=3703"}],"curies":[{"name":"wp","href":"https:\/\/api.w.org\/{rel}","templated":true}]}}