{"id":3632,"date":"2022-08-28T10:52:46","date_gmt":"2022-08-28T09:52:46","guid":{"rendered":"https:\/\/facetours.ma\/?page_id=3632"},"modified":"2025-01-26T09:04:38","modified_gmt":"2025-01-26T08:04:38","slug":"tours-desde-rabat-marruecos","status":"publish","type":"page","link":"https:\/\/facetours.ma\/es\/tours-desde-rabat-marruecos\/","title":{"rendered":"Tours desde Rabat: Descubre Marruecos de manera \u00fanica"},"content":{"rendered":"<div class=\"wpb-content-wrapper\"><p>[vc_row][vc_column]<div class=\"title title--big title--center\">\n\t\t<h2 class=\"title__primary\">Paquetes personalizados de tours desde Rabat<\/h2>\n<\/div>\n\n<div class=\"atgrid\">\n\t<div class=\"row atgrid__row\">\n\t\t\t\t\t<div class=\"col-md-4 col-xs-6 atgrid__item-wrap\">\n\t\t\t<div class=\"atgrid__item\">\n\t\t\t\t<div class=\"atgrid__item__top\">\n\t\t\t\t\t<a href=\"https:\/\/facetours.ma\/es\/mejores-circuitos-marruecos\/tour-ciudades-imperiales-rabat-marruecos\/\" class=\"atgrid__item__top__image\"><img loading=\"lazy\" decoding=\"async\" width=\"360\" height=\"240\" src=\"https:\/\/facetours.ma\/wp-content\/uploads\/2022\/08\/Meknes-with-clients-min-360x240.jpg\" class=\"attachment-thumb_tour_listing_small size-thumb_tour_listing_small wp-post-image\" alt=\"\" srcset=\"https:\/\/facetours.ma\/wp-content\/uploads\/2022\/08\/Meknes-with-clients-min-360x240.jpg 360w, https:\/\/facetours.ma\/wp-content\/uploads\/2022\/08\/Meknes-with-clients-min-531x354.jpg 531w, https:\/\/facetours.ma\/wp-content\/uploads\/2022\/08\/Meknes-with-clients-min-180x120.jpg 180w, https:\/\/facetours.ma\/wp-content\/uploads\/2022\/08\/Meknes-with-clients-min-600x400.jpg 600w, https:\/\/facetours.ma\/wp-content\/uploads\/2022\/08\/Meknes-with-clients-min-300x200.jpg 300w, https:\/\/facetours.ma\/wp-content\/uploads\/2022\/08\/Meknes-with-clients-min-768x512.jpg 768w, https:\/\/facetours.ma\/wp-content\/uploads\/2022\/08\/Meknes-with-clients-min-720x480.jpg 720w, https:\/\/facetours.ma\/wp-content\/uploads\/2022\/08\/Meknes-with-clients-min.jpg 849w\" sizes=\"auto, (max-width: 360px) 100vw, 360px\" \/><\/a>\t\t\t\t\t\t\t\t\t\t\t\t\t\t<\/div>\n\t\t\t\t<div class=\"atgrid__item__content\">\n\t\t\t\t\t<h3 class=\"atgrid__item__title\"><a href=\"https:\/\/facetours.ma\/es\/mejores-circuitos-marruecos\/tour-ciudades-imperiales-rabat-marruecos\/\">Tour de Ciudades Imperiales en Marruecos desde Rabat \u2013 8 D\u00edas<\/a><\/h3>\n\t\t\t\t\t\t\t\t\t<div class=\"atgrid__item__description\">Recorre las ciudades imperiales de Marruecos, descubre su historia, arquitectura y tradiciones en un tour de 8 d\u00edas desde Rabat.<\/div>\n\t\t\t\t\t\t\t\t<\/div>\n\t\t\t\t<div class=\"item-attributes\">\n\t\t\t\t\t<div class=\"item-attributes__item\"><div class=\"item-attributes__item__content\"><div class=\"item-attributes__item__content__item item-attributes__item__content__item--text\"><span>8 d\u00edas<\/span><\/div><\/div><\/div><div class=\"item-attributes__item\"><div class=\"item-attributes__item__content\"><div class=\"item-attributes__item__content__item item-attributes__item__content__item--text\"><span>Espa\u00f1ol, franc\u00e9s, ingl\u00e9s y alem\u00e1n<\/span><\/div><\/div><\/div>\t\t\t\t\t<div class=\"item-attributes__item\"><a href=\"https:\/\/facetours.ma\/es\/mejores-circuitos-marruecos\/tour-ciudades-imperiales-rabat-marruecos\/\" class=\"item-attributes__link\" aria-label=\"View the tour\"><i class=\"fa fa-eye\"><\/i><\/a><\/div>\n\t\t\t\t<\/div>\n\t\t\t<\/div>\n\t\t<\/div>\n\t\t\t\t\t<div class=\"col-md-4 col-xs-6 atgrid__item-wrap\">\n\t\t\t<div class=\"atgrid__item\">\n\t\t\t\t<div class=\"atgrid__item__top\">\n\t\t\t\t\t<a href=\"https:\/\/facetours.ma\/es\/mejores-circuitos-marruecos\/tour-norte-marruecos-rabat\/\" class=\"atgrid__item__top__image\"><img loading=\"lazy\" decoding=\"async\" width=\"360\" height=\"240\" src=\"https:\/\/facetours.ma\/wp-content\/uploads\/2022\/08\/Chefchaouen-old-house-min-360x240.jpg\" class=\"attachment-thumb_tour_listing_small size-thumb_tour_listing_small wp-post-image\" alt=\"\" srcset=\"https:\/\/facetours.ma\/wp-content\/uploads\/2022\/08\/Chefchaouen-old-house-min-360x240.jpg 360w, https:\/\/facetours.ma\/wp-content\/uploads\/2022\/08\/Chefchaouen-old-house-min-531x354.jpg 531w, https:\/\/facetours.ma\/wp-content\/uploads\/2022\/08\/Chefchaouen-old-house-min-180x120.jpg 180w, https:\/\/facetours.ma\/wp-content\/uploads\/2022\/08\/Chefchaouen-old-house-min-600x400.jpg 600w, https:\/\/facetours.ma\/wp-content\/uploads\/2022\/08\/Chefchaouen-old-house-min-300x200.jpg 300w, https:\/\/facetours.ma\/wp-content\/uploads\/2022\/08\/Chefchaouen-old-house-min-768x512.jpg 768w, https:\/\/facetours.ma\/wp-content\/uploads\/2022\/08\/Chefchaouen-old-house-min-720x480.jpg 720w, https:\/\/facetours.ma\/wp-content\/uploads\/2022\/08\/Chefchaouen-old-house-min.jpg 849w\" sizes=\"auto, (max-width: 360px) 100vw, 360px\" \/><\/a>\t\t\t\t\t\t\t\t\t\t\t\t\t\t<\/div>\n\t\t\t\t<div class=\"atgrid__item__content\">\n\t\t\t\t\t<h3 class=\"atgrid__item__title\"><a href=\"https:\/\/facetours.ma\/es\/mejores-circuitos-marruecos\/tour-norte-marruecos-rabat\/\">Tour del Norte de Marruecos \u2013 7 D\u00edas desde Rabat<\/a><\/h3>\n\t\t\t\t\t\t\t\t\t<div class=\"atgrid__item__description\">Viaja por las ciudades del norte de Marruecos: T\u00e1nger, Chefchaouen, Fez y m\u00e1s en un tour de 7 d\u00edas desde Rabat. \u00a1Sum\u00e9rgete en la cultura y naturaleza marroqu\u00ed!<\/div>\n\t\t\t\t\t\t\t\t<\/div>\n\t\t\t\t<div class=\"item-attributes\">\n\t\t\t\t\t<div class=\"item-attributes__item\"><div class=\"item-attributes__item__content\"><div class=\"item-attributes__item__content__item item-attributes__item__content__item--text\"><span>7 d\u00edas<\/span><\/div><\/div><\/div><div class=\"item-attributes__item\"><div class=\"item-attributes__item__content\"><div class=\"item-attributes__item__content__item item-attributes__item__content__item--text\"><span>Espa\u00f1ol, franc\u00e9s, ingl\u00e9s y alem\u00e1n<\/span><\/div><\/div><\/div>\t\t\t\t\t<div class=\"item-attributes__item\"><a href=\"https:\/\/facetours.ma\/es\/mejores-circuitos-marruecos\/tour-norte-marruecos-rabat\/\" class=\"item-attributes__link\" aria-label=\"View the tour\"><i class=\"fa fa-eye\"><\/i><\/a><\/div>\n\t\t\t\t<\/div>\n\t\t\t<\/div>\n\t\t<\/div>\n\t\t\t<div class=\"atgrid__row-separator clearfix visible-sm visible-xs\"><\/div>\t\t<div class=\"col-md-4 col-xs-6 atgrid__item-wrap\">\n\t\t\t<div class=\"atgrid__item\">\n\t\t\t\t<div class=\"atgrid__item__top\">\n\t\t\t\t\t<a href=\"https:\/\/facetours.ma\/es\/mejores-circuitos-marruecos\/gran-tour-desierto-marruecos-rabat\/\" class=\"atgrid__item__top__image\"><img loading=\"lazy\" decoding=\"async\" width=\"360\" height=\"240\" src=\"https:\/\/facetours.ma\/wp-content\/uploads\/2022\/08\/Merzouga-dunes-min-2-360x240.jpg\" class=\"attachment-thumb_tour_listing_small size-thumb_tour_listing_small wp-post-image\" alt=\"\" srcset=\"https:\/\/facetours.ma\/wp-content\/uploads\/2022\/08\/Merzouga-dunes-min-2-360x240.jpg 360w, https:\/\/facetours.ma\/wp-content\/uploads\/2022\/08\/Merzouga-dunes-min-2-531x354.jpg 531w, https:\/\/facetours.ma\/wp-content\/uploads\/2022\/08\/Merzouga-dunes-min-2-180x120.jpg 180w, https:\/\/facetours.ma\/wp-content\/uploads\/2022\/08\/Merzouga-dunes-min-2-600x400.jpg 600w, https:\/\/facetours.ma\/wp-content\/uploads\/2022\/08\/Merzouga-dunes-min-2-300x200.jpg 300w, https:\/\/facetours.ma\/wp-content\/uploads\/2022\/08\/Merzouga-dunes-min-2-768x512.jpg 768w, https:\/\/facetours.ma\/wp-content\/uploads\/2022\/08\/Merzouga-dunes-min-2.jpg 849w\" sizes=\"auto, (max-width: 360px) 100vw, 360px\" \/><\/a>\t\t\t\t\t\t\t\t\t\t\t\t\t\t<\/div>\n\t\t\t\t<div class=\"atgrid__item__content\">\n\t\t\t\t\t<h3 class=\"atgrid__item__title\"><a href=\"https:\/\/facetours.ma\/es\/mejores-circuitos-marruecos\/gran-tour-desierto-marruecos-rabat\/\">Gran Tour &amp; Desierto de Marruecos \u2013 13 D\u00edas desde Rabat<\/a><\/h3>\n\t\t\t\t\t\t\t\t\t<div class=\"atgrid__item__description\">Recorre Marruecos durante 13 d\u00edas, descubre sus ciudades imperiales, el desierto de Merzouga, el Ca\u00f1\u00f3n de Todra y la magia de Marrakech. \u00a1Un recorrido completo y \u00fanico!<\/div>\n\t\t\t\t\t\t\t\t<\/div>\n\t\t\t\t<div class=\"item-attributes\">\n\t\t\t\t\t<div class=\"item-attributes__item\"><div class=\"item-attributes__item__content\"><div class=\"item-attributes__item__content__item item-attributes__item__content__item--text\"><span>12 d\u00edas<\/span><\/div><\/div><\/div><div class=\"item-attributes__item\"><div class=\"item-attributes__item__content\"><div class=\"item-attributes__item__content__item item-attributes__item__content__item--text\"><span>Espa\u00f1ol, franc\u00e9s, ingl\u00e9s y alem\u00e1n<\/span><\/div><\/div><\/div>\t\t\t\t\t<div class=\"item-attributes__item\"><a href=\"https:\/\/facetours.ma\/es\/mejores-circuitos-marruecos\/gran-tour-desierto-marruecos-rabat\/\" class=\"item-attributes__link\" aria-label=\"View the tour\"><i class=\"fa fa-eye\"><\/i><\/a><\/div>\n\t\t\t\t<\/div>\n\t\t\t<\/div>\n\t\t<\/div>\n\t\t\t<\/div>\n<\/div>\n[vc_empty_space height=&#8221;64px&#8221;]<div id=\"swiper1\" class=\"tours-type\">\n\t<div class=\"title title--big title--center title--underline title--decoration-bottom-center\">\n\t\t\t<div class=\"title__subtitle\">Elige tu Destino<\/div>\n\t\t<h2 class=\"title__primary\">Paquetes de Tours por Marruecos<\/h2>\n<\/div>\n\t<div class=\"tours-type__slider\">\n\t\t<div class=\"tours-type__slider__controls\">\n\t\t\t<a class=\"tours-type__slider__prev\" href=\"#\" aria-label=\"Previous slider\"><i class=\"fa fa-chevron-left\"><\/i><\/a>\n\t\t\t<a class=\"tours-type__slider__next\" href=\"#\" aria-label=\"Next slider\"><i class=\"fa fa-chevron-right\"><\/i><\/a>\n\t\t<\/div>\n\n\t\t<div class=\"swiper-container swiper-slider\">\n\t\t\t<div class=\"swiper-wrapper\">\n\t\t\t\t\t\t\t\t\t\t\t<div class=\"swiper-slide tours-type__item\">\n\t\t\t\t\t<a href=\"https:\/\/facetours.ma\/es\/tour-category\/circuitos-desde-agadir\/\" class=\"tours-type__item__image\"><img loading=\"lazy\" decoding=\"async\" src=\"https:\/\/facetours.ma\/wp-content\/uploads\/2022\/08\/Agadir-Ksbah-Oufella-min.jpg\" alt=\"Circuitos desde Agadir\" width=\"600\" height=\"600\" \/><\/a>\n\t\t\t\t\t<div class=\"tours-type__item__title\">Circuitos desde Agadir<\/div>\n\t\t\t\t<\/div>\n\t\t\t\t\t\t\t\t\t\t\t<div class=\"swiper-slide tours-type__item\">\n\t\t\t\t\t<a href=\"https:\/\/facetours.ma\/es\/tour-category\/circuitos-desde-casablanca\/\" class=\"tours-type__item__image\"><img loading=\"lazy\" decoding=\"async\" src=\"https:\/\/facetours.ma\/wp-content\/uploads\/2022\/08\/Hassan-II-mosque-Casablanca-min.jpg\" alt=\"Circuitos desde Casablanca\" width=\"600\" height=\"600\" \/><\/a>\n\t\t\t\t\t<div class=\"tours-type__item__title\">Circuitos desde Casablanca<\/div>\n\t\t\t\t<\/div>\n\t\t\t\t\t\t\t\t\t\t\t<div class=\"swiper-slide tours-type__item\">\n\t\t\t\t\t<a href=\"https:\/\/facetours.ma\/es\/tour-category\/circuitos-desde-fez\/\" class=\"tours-type__item__image\"><img loading=\"lazy\" decoding=\"async\" src=\"https:\/\/facetours.ma\/wp-content\/uploads\/2022\/08\/Fez-gate-royal-palace-4-min.jpg\" alt=\"Circuitos desde Fez\" width=\"600\" height=\"600\" \/><\/a>\n\t\t\t\t\t<div class=\"tours-type__item__title\">Circuitos desde Fez<\/div>\n\t\t\t\t<\/div>\n\t\t\t\t\t\t\t\t\t\t\t<div class=\"swiper-slide tours-type__item\">\n\t\t\t\t\t<a href=\"https:\/\/facetours.ma\/es\/tour-category\/circuitos-desde-marrakech\/\" class=\"tours-type__item__image\"><img loading=\"lazy\" decoding=\"async\" src=\"https:\/\/facetours.ma\/wp-content\/uploads\/2025\/01\/circuitos-desde-marrakech.jpg\" alt=\"Circuitos desde Marrakech\" width=\"600\" height=\"600\" \/><\/a>\n\t\t\t\t\t<div class=\"tours-type__item__title\">Circuitos desde Marrakech<\/div>\n\t\t\t\t<\/div>\n\t\t\t\t\t\t\t\t\t\t\t<div class=\"swiper-slide tours-type__item\">\n\t\t\t\t\t<a href=\"https:\/\/facetours.ma\/es\/tour-category\/circuitos-desde-tanger\/\" class=\"tours-type__item__image\"><img loading=\"lazy\" decoding=\"async\" src=\"https:\/\/facetours.ma\/wp-content\/uploads\/2025\/01\/circuitos-desde-tanger.jpg\" alt=\"Circuitos desde T\u00e1nger\" width=\"600\" height=\"600\" \/><\/a>\n\t\t\t\t\t<div class=\"tours-type__item__title\">Circuitos desde T\u00e1nger<\/div>\n\t\t\t\t<\/div>\n\t\t\t\t\t\t<\/div>\n\t\t<\/div>\n\t<\/div>\n<\/div>\n[\/vc_column][\/vc_row]<\/p>\n<\/div>","protected":false},"excerpt":{"rendered":"<p>[vc_row][vc_column][vc_empty_space height=&#8221;64px&#8221;][\/vc_column][\/vc_row]<\/p>\n","protected":false},"author":1,"featured_media":0,"parent":0,"menu_order":0,"comment_status":"closed","ping_status":"closed","template":"","meta":{"footnotes":""},"class_list":["post-3632","page","type-page","status-publish","hentry"],"_links":{"self":[{"href":"https:\/\/facetours.ma\/es\/wp-json\/wp\/v2\/pages\/3632","targetHints":{"allow":["GET"]}}],"collection":[{"href":"https:\/\/facetours.ma\/es\/wp-json\/wp\/v2\/pages"}],"about":[{"href":"https:\/\/facetours.ma\/es\/wp-json\/wp\/v2\/types\/page"}],"author":[{"embeddable":true,"href":"https:\/\/facetours.ma\/es\/wp-json\/wp\/v2\/users\/1"}],"replies":[{"embeddable":true,"href":"https:\/\/facetours.ma\/es\/wp-json\/wp\/v2\/comments?post=3632"}],"version-history":[{"count":2,"href":"https:\/\/facetours.ma\/es\/wp-json\/wp\/v2\/pages\/3632\/revisions"}],"predecessor-version":[{"id":3634,"href":"https:\/\/facetours.ma\/es\/wp-json\/wp\/v2\/pages\/3632\/revisions\/3634"}],"wp:attachment":[{"href":"https:\/\/facetours.ma\/es\/wp-json\/wp\/v2\/media?parent=3632"}],"curies":[{"name":"wp","href":"https:\/\/api.w.org\/{rel}","templated":true}]}}