{"id":3543,"date":"2022-08-26T09:59:13","date_gmt":"2022-08-26T08:59:13","guid":{"rendered":"https:\/\/facetours.ma\/?page_id=3543"},"modified":"2025-01-25T10:09:11","modified_gmt":"2025-01-25T09:09:11","slug":"tours-personalizados-marruecos-desde-tanger","status":"publish","type":"page","link":"https:\/\/facetours.ma\/es\/tours-personalizados-marruecos-desde-tanger\/","title":{"rendered":"Tours Personalizados desde T\u00e1nger | Viajes a Medida"},"content":{"rendered":"<div class=\"wpb-content-wrapper\"><p>[vc_row][vc_column][vc_column_text css=&#8221;&#8221;]\u00bfBuscas una experiencia \u00fanica y a tu medida? Ofrecemos paquetes de tours personalizados desde T\u00e1nger para que puedas crear el viaje perfecto por Marruecos. Dinos tus intereses y preferencias, y nosotros dise\u00f1aremos una aventura inolvidable que se adapte a tus necesidades. Desde rutas culturales hasta escapadas al desierto, \u00a1hacemos realidad tu viaje ideal![\/vc_column_text]\n<div class=\"atlist\">\n\t\t<div class=\"atlist__item margin-bottom\">\n\t\t<div class=\"atlist__item__image\">\n\t\t<a class=\"atlist__item__image-wrap\" href=\"https:\/\/facetours.ma\/es\/mejores-circuitos-marruecos\/gran-tour-desierto-marruecos-desde-tanger\/\"><img loading=\"lazy\" decoding=\"async\" width=\"720\" height=\"566\" src=\"https:\/\/facetours.ma\/wp-content\/uploads\/2022\/08\/small-group-mosque-hassan-II-11-22-720x566.jpg\" class=\"attachment-thumb_tour_box size-thumb_tour_box wp-post-image\" alt=\"\" \/><\/a>\t\t\t\t\t\t<\/div>\n\t\t<div class=\"atlist__item__content\">\n\t\t\t<div class=\"atlist__item__content__items\">\n\t\t\t\t<div class=\"atlist__item__content__item\">\n\t\t\t\t\t<h2 class=\"atlist__item__title\"><a href=\"https:\/\/facetours.ma\/es\/mejores-circuitos-marruecos\/gran-tour-desierto-marruecos-desde-tanger\/\">Gran Tour y Desierto desde T\u00e1nger | 12 D\u00edas en Marruecos<\/a><\/h2>\n\t\t\t\t\t\t\t\t\t\t\t<div class=\"atlist__item__description\">Explora Marruecos en un viaje inolvidable de 12 d\u00edas desde T\u00e1nger, recorriendo ciudades imperiales, el desierto del Sahara y la rica cultura bereber.<\/div>\n\t\t\t\t\t\t\t\t\t<\/div>\n\t\t\t\t<div class=\"atlist__item__content__item atlist__item__content__item--alternative\">\n\t\t\t\t\t\n\t\t\t\t\t<div class=\"atlist__item__read-more\"><a href=\"https:\/\/facetours.ma\/es\/mejores-circuitos-marruecos\/gran-tour-desierto-marruecos-desde-tanger\/\" class=\"atbtn atbtn--small atbtn--rounded atbtn--light\">Tour details<\/a><\/div>\n\t\t\t\t<\/div>\n\t\t\t<\/div>\n\t\t\t<div class=\"atlist__item__attributes\"><div class=\"item-attributes item-attributes--style2\"><div class=\"item-attributes__item\"><div class=\"item-attributes__item__content\"><div class=\"item-attributes__item__content__item item-attributes__item__content__item--text\"><span>12 d\u00edas<\/span><\/div><\/div><\/div><div class=\"item-attributes__item\"><div class=\"item-attributes__item__content\"><div class=\"item-attributes__item__content__item item-attributes__item__content__item--text\"><span>Espa\u00f1ol, franc\u00e9s, ingl\u00e9s y alem\u00e1n<\/span><\/div><\/div><\/div><\/div><\/div>\t\t<\/div>\n\t<\/div>\n\t\t<div class=\"atlist__item margin-bottom\">\n\t\t<div class=\"atlist__item__image\">\n\t\t<a class=\"atlist__item__image-wrap\" href=\"https:\/\/facetours.ma\/es\/mejores-circuitos-marruecos\/tour-norte-marruecos-desde-tanger\/\"><img loading=\"lazy\" decoding=\"async\" width=\"720\" height=\"566\" src=\"https:\/\/facetours.ma\/wp-content\/uploads\/2022\/08\/Chefchaouen-old-medina-4-min-720x566.jpg\" class=\"attachment-thumb_tour_box size-thumb_tour_box wp-post-image\" alt=\"\" \/><\/a>\t\t\t\t\t\t<\/div>\n\t\t<div class=\"atlist__item__content\">\n\t\t\t<div class=\"atlist__item__content__items\">\n\t\t\t\t<div class=\"atlist__item__content__item\">\n\t\t\t\t\t<h2 class=\"atlist__item__title\"><a href=\"https:\/\/facetours.ma\/es\/mejores-circuitos-marruecos\/tour-norte-marruecos-desde-tanger\/\">Tour Norte de Marruecos desde T\u00e1nger | 6 D\u00edas M\u00e1gicos<\/a><\/h2>\n\t\t\t\t\t\t\t\t\t\t\t<div class=\"atlist__item__description\">Explora el norte de Marruecos en un fascinante tour de 6 d\u00edas desde T\u00e1nger, visitando ciudades imperiales, la encantadora Chefchaouen y la costa mediterr\u00e1nea.<\/div>\n\t\t\t\t\t\t\t\t\t<\/div>\n\t\t\t\t<div class=\"atlist__item__content__item atlist__item__content__item--alternative\">\n\t\t\t\t\t\n\t\t\t\t\t<div class=\"atlist__item__read-more\"><a href=\"https:\/\/facetours.ma\/es\/mejores-circuitos-marruecos\/tour-norte-marruecos-desde-tanger\/\" class=\"atbtn atbtn--small atbtn--rounded atbtn--light\">Tour details<\/a><\/div>\n\t\t\t\t<\/div>\n\t\t\t<\/div>\n\t\t\t<div class=\"atlist__item__attributes\"><div class=\"item-attributes item-attributes--style2\"><div class=\"item-attributes__item\"><div class=\"item-attributes__item__content\"><div class=\"item-attributes__item__content__item item-attributes__item__content__item--text\"><span>6 d\u00edas<\/span><\/div><\/div><\/div><div class=\"item-attributes__item\"><div class=\"item-attributes__item__content\"><div class=\"item-attributes__item__content__item item-attributes__item__content__item--text\"><span>Espa\u00f1ol, franc\u00e9s, ingl\u00e9s y alem\u00e1n<\/span><\/div><\/div><\/div><\/div><\/div>\t\t<\/div>\n\t<\/div>\n\t\t<div class=\"atlist__item margin-bottom\">\n\t\t<div class=\"atlist__item__image\">\n\t\t<a class=\"atlist__item__image-wrap\" href=\"https:\/\/facetours.ma\/es\/mejores-circuitos-marruecos\/tour-ciudades-imperiales-marruecos-desde-tanger\/\"><img loading=\"lazy\" decoding=\"async\" width=\"720\" height=\"566\" src=\"https:\/\/facetours.ma\/wp-content\/uploads\/2022\/08\/Meknes-Moulay-ismail-5-min-720x566.jpg\" class=\"attachment-thumb_tour_box size-thumb_tour_box wp-post-image\" alt=\"\" \/><\/a>\t\t\t\t\t\t<\/div>\n\t\t<div class=\"atlist__item__content\">\n\t\t\t<div class=\"atlist__item__content__items\">\n\t\t\t\t<div class=\"atlist__item__content__item\">\n\t\t\t\t\t<h2 class=\"atlist__item__title\"><a href=\"https:\/\/facetours.ma\/es\/mejores-circuitos-marruecos\/tour-ciudades-imperiales-marruecos-desde-tanger\/\">Tour Ciudades Imperiales desde T\u00e1nger | 8 D\u00edas en Marruecos<\/a><\/h2>\n\t\t\t\t\t\t\t\t\t\t\t<div class=\"atlist__item__description\">Explora las majestuosas ciudades imperiales de Marruecos en un viaje de 8 d\u00edas desde T\u00e1nger, sumergi\u00e9ndote en su historia, cultura y rica gastronom\u00eda.<\/div>\n\t\t\t\t\t\t\t\t\t<\/div>\n\t\t\t\t<div class=\"atlist__item__content__item atlist__item__content__item--alternative\">\n\t\t\t\t\t\n\t\t\t\t\t<div class=\"atlist__item__read-more\"><a href=\"https:\/\/facetours.ma\/es\/mejores-circuitos-marruecos\/tour-ciudades-imperiales-marruecos-desde-tanger\/\" class=\"atbtn atbtn--small atbtn--rounded atbtn--light\">Tour details<\/a><\/div>\n\t\t\t\t<\/div>\n\t\t\t<\/div>\n\t\t\t<div class=\"atlist__item__attributes\"><div class=\"item-attributes item-attributes--style2\"><div class=\"item-attributes__item\"><div class=\"item-attributes__item__content\"><div class=\"item-attributes__item__content__item item-attributes__item__content__item--text\"><span>8 d\u00edas<\/span><\/div><\/div><\/div><div class=\"item-attributes__item\"><div class=\"item-attributes__item__content\"><div class=\"item-attributes__item__content__item item-attributes__item__content__item--text\"><span>Espa\u00f1ol, franc\u00e9s, ingl\u00e9s y alem\u00e1n<\/span><\/div><\/div><\/div><\/div><\/div>\t\t<\/div>\n\t<\/div>\n<\/div>[vc_empty_space height=&#8221;64px&#8221;]<div id=\"swiper1\" class=\"tours-type\">\n\t<div class=\"title title--big title--center title--underline title--decoration-bottom-center\">\n\t\t\t<div class=\"title__subtitle\">Select Your Destination<\/div>\n\t\t<h2 class=\"title__primary\">Morocco Tour Packages<\/h2>\n<\/div>\n\t<div class=\"tours-type__slider\">\n\t\t<div class=\"tours-type__slider__controls\">\n\t\t\t<a class=\"tours-type__slider__prev\" href=\"#\" aria-label=\"Previous slider\"><i class=\"fa fa-chevron-left\"><\/i><\/a>\n\t\t\t<a class=\"tours-type__slider__next\" href=\"#\" aria-label=\"Next slider\"><i class=\"fa fa-chevron-right\"><\/i><\/a>\n\t\t<\/div>\n\n\t\t<div class=\"swiper-container swiper-slider\">\n\t\t\t<div class=\"swiper-wrapper\">\n\t\t\t\t\t\t\t\t\t\t\t<div class=\"swiper-slide tours-type__item\">\n\t\t\t\t\t<a href=\"https:\/\/facetours.ma\/es\/tour-category\/circuitos-desde-agadir\/\" class=\"tours-type__item__image\"><img loading=\"lazy\" decoding=\"async\" src=\"https:\/\/facetours.ma\/wp-content\/uploads\/2022\/08\/Agadir-Ksbah-Oufella-min.jpg\" alt=\"Circuitos desde Agadir\" width=\"600\" height=\"600\" \/><\/a>\n\t\t\t\t\t<div class=\"tours-type__item__title\">Circuitos desde Agadir<\/div>\n\t\t\t\t<\/div>\n\t\t\t\t\t\t\t\t\t\t\t<div class=\"swiper-slide tours-type__item\">\n\t\t\t\t\t<a href=\"https:\/\/facetours.ma\/es\/tour-category\/circuitos-desde-casablanca\/\" class=\"tours-type__item__image\"><img loading=\"lazy\" decoding=\"async\" src=\"https:\/\/facetours.ma\/wp-content\/uploads\/2022\/08\/Hassan-II-mosque-Casablanca-min.jpg\" alt=\"Circuitos desde Casablanca\" width=\"600\" height=\"600\" \/><\/a>\n\t\t\t\t\t<div class=\"tours-type__item__title\">Circuitos desde Casablanca<\/div>\n\t\t\t\t<\/div>\n\t\t\t\t\t\t\t\t\t\t\t<div class=\"swiper-slide tours-type__item\">\n\t\t\t\t\t<a href=\"https:\/\/facetours.ma\/es\/tour-category\/circuitos-desde-fez\/\" class=\"tours-type__item__image\"><img loading=\"lazy\" decoding=\"async\" src=\"https:\/\/facetours.ma\/wp-content\/uploads\/2022\/08\/Fez-gate-royal-palace-4-min.jpg\" alt=\"Circuitos desde Fez\" width=\"600\" height=\"600\" \/><\/a>\n\t\t\t\t\t<div class=\"tours-type__item__title\">Circuitos desde Fez<\/div>\n\t\t\t\t<\/div>\n\t\t\t\t\t\t\t\t\t\t\t<div class=\"swiper-slide tours-type__item\">\n\t\t\t\t\t<a href=\"https:\/\/facetours.ma\/es\/tour-category\/circuitos-desde-marrakech\/\" class=\"tours-type__item__image\"><img loading=\"lazy\" decoding=\"async\" src=\"https:\/\/facetours.ma\/wp-content\/uploads\/2025\/01\/circuitos-desde-marrakech.jpg\" alt=\"Circuitos desde Marrakech\" width=\"600\" height=\"600\" \/><\/a>\n\t\t\t\t\t<div class=\"tours-type__item__title\">Circuitos desde Marrakech<\/div>\n\t\t\t\t<\/div>\n\t\t\t\t\t\t\t\t\t\t\t<div class=\"swiper-slide tours-type__item\">\n\t\t\t\t\t<a href=\"https:\/\/facetours.ma\/es\/tour-category\/circuitos-desde-rabat\/\" class=\"tours-type__item__image\"><img loading=\"lazy\" decoding=\"async\" src=\"https:\/\/facetours.ma\/wp-content\/uploads\/2022\/08\/tour-hassan-rabat-day-trip-from-casablanca-1.jpg\" alt=\"Circuitos desde Rabat\" width=\"600\" height=\"600\" \/><\/a>\n\t\t\t\t\t<div class=\"tours-type__item__title\">Circuitos desde Rabat<\/div>\n\t\t\t\t<\/div>\n\t\t\t\t\t\t<\/div>\n\t\t<\/div>\n\t<\/div>\n<\/div>\n[\/vc_column][\/vc_row]<\/p>\n<\/div>","protected":false},"excerpt":{"rendered":"<p>[vc_row][vc_column][vc_column_text css=&#8221;&#8221;]\u00bfBuscas una experiencia \u00fanica y a tu medida? Ofrecemos paquetes de tours personalizados desde T\u00e1nger para que puedas crear el viaje perfecto por Marruecos. Dinos tus intereses y preferencias, y nosotros dise\u00f1aremos una aventura inolvidable que se adapte a tus necesidades. Desde rutas culturales hasta escapadas al desierto, \u00a1hacemos realidad tu viaje ideal![\/vc_column_text][vc_empty_space height=&#8221;64px&#8221;][\/vc_column][\/vc_row]<\/p>\n","protected":false},"author":1,"featured_media":0,"parent":0,"menu_order":0,"comment_status":"closed","ping_status":"closed","template":"","meta":{"footnotes":""},"class_list":["post-3543","page","type-page","status-publish","hentry"],"_links":{"self":[{"href":"https:\/\/facetours.ma\/es\/wp-json\/wp\/v2\/pages\/3543","targetHints":{"allow":["GET"]}}],"collection":[{"href":"https:\/\/facetours.ma\/es\/wp-json\/wp\/v2\/pages"}],"about":[{"href":"https:\/\/facetours.ma\/es\/wp-json\/wp\/v2\/types\/page"}],"author":[{"embeddable":true,"href":"https:\/\/facetours.ma\/es\/wp-json\/wp\/v2\/users\/1"}],"replies":[{"embeddable":true,"href":"https:\/\/facetours.ma\/es\/wp-json\/wp\/v2\/comments?post=3543"}],"version-history":[{"count":4,"href":"https:\/\/facetours.ma\/es\/wp-json\/wp\/v2\/pages\/3543\/revisions"}],"predecessor-version":[{"id":3551,"href":"https:\/\/facetours.ma\/es\/wp-json\/wp\/v2\/pages\/3543\/revisions\/3551"}],"wp:attachment":[{"href":"https:\/\/facetours.ma\/es\/wp-json\/wp\/v2\/media?parent=3543"}],"curies":[{"name":"wp","href":"https:\/\/api.w.org\/{rel}","templated":true}]}}