{"id":3337,"date":"2022-08-26T13:35:18","date_gmt":"2022-08-26T12:35:18","guid":{"rendered":"https:\/\/facetours.ma\/?page_id=3337"},"modified":"2025-01-24T18:54:55","modified_gmt":"2025-01-24T17:54:55","slug":"circuitos-desde-casablanca","status":"publish","type":"page","link":"https:\/\/facetours.ma\/es\/circuitos-desde-casablanca\/","title":{"rendered":"Circuitos desde Casablanca | Explora Marruecos"},"content":{"rendered":"<div class=\"wpb-content-wrapper\"><p>[vc_row][vc_column]<div class=\"title title--center\">\n\t\t\t<div class=\"title__subtitle\">\u00a1Aventura Inolvidable!<\/div>\n\t\t<h2 class=\"title__primary\">Descubre la Belleza de Marruecos desde Casablanca<\/h2>\n<\/div>\n[vc_column_text css=&#8221;&#8221;]Emb\u00e1rcate en un viaje encantador al coraz\u00f3n de Marruecos con nuestros <strong>Circuitos desde Casablanca: Explora Marruecos<\/strong> cuidadosamente seleccionados. Descubre la fascinante mezcla de encanto tradicional y modernidad mientras te sumerges en la vibrante cultura, los majestuosos paisajes y los antiguos tesoros de este cautivador destino.[\/vc_column_text]<div class=\"title title--big title--center\">\n\t\t<h2 class=\"title__primary\">Explora Circuitos Personalizados desde Casablanca<\/h2>\n<\/div>\n\n<div class=\"atlist\">\n\t\t<div class=\"atlist__item margin-bottom\">\n\t\t<div class=\"atlist__item__image\">\n\t\t<a class=\"atlist__item__image-wrap\" href=\"https:\/\/facetours.ma\/es\/mejores-circuitos-marruecos\/gran-tour-desierto-casablanca\/\"><img loading=\"lazy\" decoding=\"async\" width=\"720\" height=\"566\" src=\"https:\/\/facetours.ma\/wp-content\/uploads\/2022\/08\/Merzouga-sand-dunes-min-720x566.jpg\" class=\"attachment-thumb_tour_box size-thumb_tour_box wp-post-image\" alt=\"\" \/><\/a>\t\t\t\t\t\t<\/div>\n\t\t<div class=\"atlist__item__content\">\n\t\t\t<div class=\"atlist__item__content__items\">\n\t\t\t\t<div class=\"atlist__item__content__item\">\n\t\t\t\t\t<h2 class=\"atlist__item__title\"><a href=\"https:\/\/facetours.ma\/es\/mejores-circuitos-marruecos\/gran-tour-desierto-casablanca\/\">Gran Tour y Desierto desde Casablanca | Marruecos<\/a><\/h2>\n\t\t\t\t\t\t\t\t\t\t\t<div class=\"atlist__item__description\">Explora Marruecos desde Casablanca. Visita ciudades imperiales, el desierto del Sahara y sum\u00e9rgete en la rica cultura marroqu\u00ed en un viaje inolvidable.<\/div>\n\t\t\t\t\t\t\t\t\t<\/div>\n\t\t\t\t<div class=\"atlist__item__content__item atlist__item__content__item--alternative\">\n\t\t\t\t\t\n\t\t\t\t\t<div class=\"atlist__item__read-more\"><a href=\"https:\/\/facetours.ma\/es\/mejores-circuitos-marruecos\/gran-tour-desierto-casablanca\/\" class=\"atbtn atbtn--small atbtn--rounded atbtn--light\">Tour details<\/a><\/div>\n\t\t\t\t<\/div>\n\t\t\t<\/div>\n\t\t\t<div class=\"atlist__item__attributes\"><div class=\"item-attributes item-attributes--style2\"><div class=\"item-attributes__item\"><div class=\"item-attributes__item__content\"><div class=\"item-attributes__item__content__item item-attributes__item__content__item--text\"><span><\/span><\/div><\/div><\/div><div class=\"item-attributes__item\"><div class=\"item-attributes__item__content\"><div class=\"item-attributes__item__content__item item-attributes__item__content__item--text\"><span>Espa\u00f1ol, franc\u00e9s, ingl\u00e9s y alem\u00e1n<\/span><\/div><\/div><\/div><\/div><\/div>\t\t<\/div>\n\t<\/div>\n\t\t<div class=\"atlist__item margin-bottom\">\n\t\t<div class=\"atlist__item__image\">\n\t\t<a class=\"atlist__item__image-wrap\" href=\"https:\/\/facetours.ma\/es\/mejores-circuitos-marruecos\/circuito-ciudades-imperiales-marruecos-casablanca\/\"><img loading=\"lazy\" decoding=\"async\" width=\"720\" height=\"566\" src=\"https:\/\/facetours.ma\/wp-content\/uploads\/2022\/08\/mosque-hassan-II-casablanca-11-22-4-720x566.jpg\" class=\"attachment-thumb_tour_box size-thumb_tour_box wp-post-image\" alt=\"\" \/><\/a>\t\t\t\t\t\t<\/div>\n\t\t<div class=\"atlist__item__content\">\n\t\t\t<div class=\"atlist__item__content__items\">\n\t\t\t\t<div class=\"atlist__item__content__item\">\n\t\t\t\t\t<h2 class=\"atlist__item__title\"><a href=\"https:\/\/facetours.ma\/es\/mejores-circuitos-marruecos\/circuito-ciudades-imperiales-marruecos-casablanca\/\">Tour Ciudades Imperiales Marruecos desde Casablanca | 8 D\u00edas<\/a><\/h2>\n\t\t\t\t\t\t\t\t\t\t\t<div class=\"atlist__item__description\">Viaje inolvidable por las ciudades imperiales de Marruecos desde Casablanca. Explora la rica historia y cultura de Fez, Marrakech, Meknes y Rabat.<\/div>\n\t\t\t\t\t\t\t\t\t<\/div>\n\t\t\t\t<div class=\"atlist__item__content__item atlist__item__content__item--alternative\">\n\t\t\t\t\t\n\t\t\t\t\t<div class=\"atlist__item__read-more\"><a href=\"https:\/\/facetours.ma\/es\/mejores-circuitos-marruecos\/circuito-ciudades-imperiales-marruecos-casablanca\/\" class=\"atbtn atbtn--small atbtn--rounded atbtn--light\">Tour details<\/a><\/div>\n\t\t\t\t<\/div>\n\t\t\t<\/div>\n\t\t\t<div class=\"atlist__item__attributes\"><div class=\"item-attributes item-attributes--style2\"><div class=\"item-attributes__item\"><div class=\"item-attributes__item__content\"><div class=\"item-attributes__item__content__item item-attributes__item__content__item--text\"><span>7 d\u00edas<\/span><\/div><\/div><\/div><div class=\"item-attributes__item\"><div class=\"item-attributes__item__content\"><div class=\"item-attributes__item__content__item item-attributes__item__content__item--text\"><span>Espa\u00f1ol, franc\u00e9s, ingl\u00e9s y alem\u00e1n<\/span><\/div><\/div><\/div><\/div><\/div>\t\t<\/div>\n\t<\/div>\n\t\t<div class=\"atlist__item margin-bottom\">\n\t\t<div class=\"atlist__item__image\">\n\t\t<a class=\"atlist__item__image-wrap\" href=\"https:\/\/facetours.ma\/es\/mejores-circuitos-marruecos\/circuito-norte-marruecos-desde-casablanca\/\"><img loading=\"lazy\" decoding=\"async\" width=\"720\" height=\"566\" src=\"https:\/\/facetours.ma\/wp-content\/uploads\/2022\/08\/Chefchaouen-upstairs-of-old-medina-min-720x566.jpg\" class=\"attachment-thumb_tour_box size-thumb_tour_box wp-post-image\" alt=\"\" \/><\/a>\t\t\t\t\t\t<\/div>\n\t\t<div class=\"atlist__item__content\">\n\t\t\t<div class=\"atlist__item__content__items\">\n\t\t\t\t<div class=\"atlist__item__content__item\">\n\t\t\t\t\t<h2 class=\"atlist__item__title\"><a href=\"https:\/\/facetours.ma\/es\/mejores-circuitos-marruecos\/circuito-norte-marruecos-desde-casablanca\/\">Tour Norte de Marruecos desde Casablanca | 7 D\u00edas<\/a><\/h2>\n\t\t\t\t\t\t\t\t\t\t\t<div class=\"atlist__item__description\">Descubre el encanto del norte de Marruecos en un tour de 7 d\u00edas desde Casablanca. Explora ciudades imperiales y pueblos azules.<\/div>\n\t\t\t\t\t\t\t\t\t<\/div>\n\t\t\t\t<div class=\"atlist__item__content__item atlist__item__content__item--alternative\">\n\t\t\t\t\t\n\t\t\t\t\t<div class=\"atlist__item__read-more\"><a href=\"https:\/\/facetours.ma\/es\/mejores-circuitos-marruecos\/circuito-norte-marruecos-desde-casablanca\/\" class=\"atbtn atbtn--small atbtn--rounded atbtn--light\">Tour details<\/a><\/div>\n\t\t\t\t<\/div>\n\t\t\t<\/div>\n\t\t\t<div class=\"atlist__item__attributes\"><div class=\"item-attributes item-attributes--style2\"><div class=\"item-attributes__item\"><div class=\"item-attributes__item__content\"><div class=\"item-attributes__item__content__item item-attributes__item__content__item--text\"><span>7 d\u00edas<\/span><\/div><\/div><\/div><div class=\"item-attributes__item\"><div class=\"item-attributes__item__content\"><div class=\"item-attributes__item__content__item item-attributes__item__content__item--text\"><span>Espa\u00f1ol, franc\u00e9s, ingl\u00e9s y alem\u00e1n<\/span><\/div><\/div><\/div><\/div><\/div>\t\t<\/div>\n\t<\/div>\n<\/div>[vc_empty_space height=&#8221;64px&#8221;]<div id=\"swiper1\" class=\"tours-type\">\n\t<div class=\"title title--big title--center title--underline title--decoration-bottom-center\">\n\t\t<h2 class=\"title__primary\">Elige tu destino de salida<\/h2>\n<\/div>\n\t<div class=\"tours-type__slider\">\n\t\t<div class=\"tours-type__slider__controls\">\n\t\t\t<a class=\"tours-type__slider__prev\" href=\"#\" aria-label=\"Previous slider\"><i class=\"fa fa-chevron-left\"><\/i><\/a>\n\t\t\t<a class=\"tours-type__slider__next\" href=\"#\" aria-label=\"Next slider\"><i class=\"fa fa-chevron-right\"><\/i><\/a>\n\t\t<\/div>\n\n\t\t<div class=\"swiper-container swiper-slider\">\n\t\t\t<div class=\"swiper-wrapper\">\n\t\t\t\t\t\t\t\t\t\t\t<div class=\"swiper-slide tours-type__item\">\n\t\t\t\t\t<a href=\"https:\/\/facetours.ma\/es\/tour-category\/circuitos-desde-agadir\/\" class=\"tours-type__item__image\"><img loading=\"lazy\" decoding=\"async\" src=\"https:\/\/facetours.ma\/wp-content\/uploads\/2022\/08\/Agadir-Ksbah-Oufella-min.jpg\" alt=\"Circuitos desde Agadir\" width=\"600\" height=\"600\" \/><\/a>\n\t\t\t\t\t<div class=\"tours-type__item__title\">Circuitos desde Agadir<\/div>\n\t\t\t\t<\/div>\n\t\t\t\t\t\t\t\t\t\t\t<div class=\"swiper-slide tours-type__item\">\n\t\t\t\t\t<a href=\"https:\/\/facetours.ma\/es\/tour-category\/circuitos-desde-fez\/\" class=\"tours-type__item__image\"><img loading=\"lazy\" decoding=\"async\" src=\"https:\/\/facetours.ma\/wp-content\/uploads\/2022\/08\/Fez-gate-royal-palace-4-min.jpg\" alt=\"Circuitos desde Fez\" width=\"600\" height=\"600\" \/><\/a>\n\t\t\t\t\t<div class=\"tours-type__item__title\">Circuitos desde Fez<\/div>\n\t\t\t\t<\/div>\n\t\t\t\t\t\t\t\t\t\t\t<div class=\"swiper-slide tours-type__item\">\n\t\t\t\t\t<a href=\"https:\/\/facetours.ma\/es\/tour-category\/circuitos-desde-marrakech\/\" class=\"tours-type__item__image\"><img loading=\"lazy\" decoding=\"async\" src=\"https:\/\/facetours.ma\/wp-content\/uploads\/2025\/01\/circuitos-desde-marrakech.jpg\" alt=\"Circuitos desde Marrakech\" width=\"600\" height=\"600\" \/><\/a>\n\t\t\t\t\t<div class=\"tours-type__item__title\">Circuitos desde Marrakech<\/div>\n\t\t\t\t<\/div>\n\t\t\t\t\t\t\t\t\t\t\t<div class=\"swiper-slide tours-type__item\">\n\t\t\t\t\t<a href=\"https:\/\/facetours.ma\/es\/tour-category\/circuitos-desde-rabat\/\" class=\"tours-type__item__image\"><img loading=\"lazy\" decoding=\"async\" src=\"https:\/\/facetours.ma\/wp-content\/uploads\/2022\/08\/tour-hassan-rabat-day-trip-from-casablanca-1.jpg\" alt=\"Circuitos desde Rabat\" width=\"600\" height=\"600\" \/><\/a>\n\t\t\t\t\t<div class=\"tours-type__item__title\">Circuitos desde Rabat<\/div>\n\t\t\t\t<\/div>\n\t\t\t\t\t\t\t\t\t\t\t<div class=\"swiper-slide tours-type__item\">\n\t\t\t\t\t<a href=\"https:\/\/facetours.ma\/es\/tour-category\/circuitos-desde-tanger\/\" class=\"tours-type__item__image\"><img loading=\"lazy\" decoding=\"async\" src=\"https:\/\/facetours.ma\/wp-content\/uploads\/2025\/01\/circuitos-desde-tanger.jpg\" alt=\"Circuitos desde T\u00e1nger\" width=\"600\" height=\"600\" \/><\/a>\n\t\t\t\t\t<div class=\"tours-type__item__title\">Circuitos desde T\u00e1nger<\/div>\n\t\t\t\t<\/div>\n\t\t\t\t\t\t<\/div>\n\t\t<\/div>\n\t<\/div>\n<\/div>\n[\/vc_column][\/vc_row]<\/p>\n<\/div>","protected":false},"excerpt":{"rendered":"<p>[vc_row][vc_column][vc_column_text css=&#8221;&#8221;]Emb\u00e1rcate en un viaje encantador al coraz\u00f3n de Marruecos con nuestros Circuitos desde Casablanca: Explora Marruecos cuidadosamente seleccionados. Descubre la fascinante mezcla de encanto tradicional y modernidad mientras te sumerges en la vibrante cultura, los majestuosos paisajes y los antiguos tesoros de este cautivador destino.[\/vc_column_text][vc_empty_space height=&#8221;64px&#8221;][\/vc_column][\/vc_row]<\/p>\n","protected":false},"author":1,"featured_media":0,"parent":0,"menu_order":0,"comment_status":"closed","ping_status":"closed","template":"","meta":{"footnotes":""},"class_list":["post-3337","page","type-page","status-publish","hentry"],"_links":{"self":[{"href":"https:\/\/facetours.ma\/es\/wp-json\/wp\/v2\/pages\/3337","targetHints":{"allow":["GET"]}}],"collection":[{"href":"https:\/\/facetours.ma\/es\/wp-json\/wp\/v2\/pages"}],"about":[{"href":"https:\/\/facetours.ma\/es\/wp-json\/wp\/v2\/types\/page"}],"author":[{"embeddable":true,"href":"https:\/\/facetours.ma\/es\/wp-json\/wp\/v2\/users\/1"}],"replies":[{"embeddable":true,"href":"https:\/\/facetours.ma\/es\/wp-json\/wp\/v2\/comments?post=3337"}],"version-history":[{"count":4,"href":"https:\/\/facetours.ma\/es\/wp-json\/wp\/v2\/pages\/3337\/revisions"}],"predecessor-version":[{"id":3341,"href":"https:\/\/facetours.ma\/es\/wp-json\/wp\/v2\/pages\/3337\/revisions\/3341"}],"wp:attachment":[{"href":"https:\/\/facetours.ma\/es\/wp-json\/wp\/v2\/media?parent=3337"}],"curies":[{"name":"wp","href":"https:\/\/api.w.org\/{rel}","templated":true}]}}