{"id":3278,"date":"2024-04-14T17:33:58","date_gmt":"2024-04-14T16:33:58","guid":{"rendered":"https:\/\/facetours.ma\/?page_id=3278"},"modified":"2025-01-24T18:21:00","modified_gmt":"2025-01-24T17:21:00","slug":"excursiones-desde-puerto-casablanca-marruecos","status":"publish","type":"page","link":"https:\/\/facetours.ma\/es\/excursiones-desde-puerto-casablanca-marruecos\/","title":{"rendered":"Excursiones desde el Puerto de Casablanca a Marruecos"},"content":{"rendered":"<div class=\"wpb-content-wrapper\"><p>[vc_row][vc_column]<div class=\"title title--decoration-bottom-left\">\n\t\t\t<div class=\"title__subtitle\">\u00a1Descubre lo Mejor de Marruecos!<\/div>\n\t\t<h2 class=\"title__primary\">Excursiones desde el Puerto de Cruceros de Casablanca<\/h2>\n<\/div>\n[vc_column_text css=&#8221;&#8221;]Explorar m\u00e1s all\u00e1 de Casablanca es descubrir un Marruecos lleno de maravillas. Desde el azul vibrante de Chefchaouen hasta la historia viva de Rabat, cada excursi\u00f3n es una nueva aventura. \u00a1Aqu\u00ed te dejamos algunas opciones que no puedes perderte!<\/p>\n<h3><a href=\"https:\/\/facetours.ma\/es\/mejores-circuitos-marruecos\/el-jadida-azemmour-excursion-casablanca\/\" target=\"_new\" rel=\"noopener\">Excursi\u00f3n a El Jadida y Azemmour desde Casablanca<\/a><\/h3>\n<p>Emb\u00e1rcate en un viaje fascinante a las encantadoras ciudades costeras de El Jadida y Azemmour. Disfruta de su arquitectura \u00fanica y el ambiente relajado, un verdadero tesoro oculto en la costa atl\u00e1ntica.<\/p>\n<h3><a href=\"https:\/\/facetours.ma\/es\/mejores-circuitos-marruecos\/chefchaouen-excursion-casablanca\/\" target=\"_new\" rel=\"noopener\">Excursi\u00f3n a Chefchaouen desde Casablanca<\/a><\/h3>\n<p>Sum\u00e9rgete en el encanto de Chefchaouen, la ciudad azul. Pasea por su antigua Medina, descubre sus callejones azules y disfruta de las cascadas que rodean este pintoresco destino.<\/p>\n<h3><a href=\"https:\/\/facetours.ma\/es\/mejores-circuitos-marruecos\/rabat-excursion-casablanca\/\" target=\"_new\" rel=\"noopener\">Excursi\u00f3n a Rabat desde Casablanca<\/a><\/h3>\n<p>Explora la capital de Marruecos, Rabat, en una excursi\u00f3n de un d\u00eda. Conoce su rica historia, su arquitectura imperial y su vibrante vida cultural en un recorrido que te cautivar\u00e1.<\/p>\n<h3><a href=\"https:\/\/facetours.ma\/es\/mejores-circuitos-marruecos\/marrakech-excursion-casablanca\/\" target=\"_new\" rel=\"noopener\">Excursi\u00f3n a Marrakech desde Casablanca<\/a><\/h3>\n<p>Vive la magia de Marrakech en una excursi\u00f3n inolvidable. Admira la imponente Mezquita Koutoubia, pasea por los majestuosos T\u00famulos Saad\u00edes y d\u00e9jate envolver por la atm\u00f3sfera \u00fanica de la ciudad roja.<\/p>\n<h3><a href=\"https:\/\/facetours.ma\/es\/mejores-circuitos-marruecos\/casablanca-city-tour\/\" target=\"_new\" rel=\"noopener\">Excursi\u00f3n a la Ciudad de Casablanca<\/a><\/h3>\n<p>Descubre Casablanca en un fascinante recorrido por la ciudad. Visita la ic\u00f3nica Mezquita Hassan II y disfruta de las vistas al mar desde la Corniche Ain Diab, en el coraz\u00f3n de la ciudad cosmopolita.[\/vc_column_text]\n<div class=\"atgrid\">\n\t<div class=\"row atgrid__row\">\n\t\t\t\t\t<div class=\"col-md-4 col-xs-6 atgrid__item-wrap\">\n\t\t\t<div class=\"atgrid__item\">\n\t\t\t\t<div class=\"atgrid__item__top\">\n\t\t\t\t\t<a href=\"https:\/\/facetours.ma\/es\/mejores-circuitos-marruecos\/el-jadida-azemmour-excursion-casablanca\/\" class=\"atgrid__item__top__image\"><img loading=\"lazy\" decoding=\"async\" width=\"360\" height=\"240\" src=\"https:\/\/facetours.ma\/wp-content\/uploads\/2022\/08\/medina-el-jadida-day-trip-from-casablanca-360x240.jpg\" class=\"attachment-thumb_tour_listing_small size-thumb_tour_listing_small wp-post-image\" alt=\"El-Jadida and Azemmour day trip from Casablanca\" srcset=\"https:\/\/facetours.ma\/wp-content\/uploads\/2022\/08\/medina-el-jadida-day-trip-from-casablanca-360x240.jpg 360w, https:\/\/facetours.ma\/wp-content\/uploads\/2022\/08\/medina-el-jadida-day-trip-from-casablanca-531x354.jpg 531w, https:\/\/facetours.ma\/wp-content\/uploads\/2022\/08\/medina-el-jadida-day-trip-from-casablanca-180x120.jpg 180w, https:\/\/facetours.ma\/wp-content\/uploads\/2022\/08\/medina-el-jadida-day-trip-from-casablanca-600x400.jpg 600w, https:\/\/facetours.ma\/wp-content\/uploads\/2022\/08\/medina-el-jadida-day-trip-from-casablanca-300x200.jpg 300w, https:\/\/facetours.ma\/wp-content\/uploads\/2022\/08\/medina-el-jadida-day-trip-from-casablanca.jpg 612w\" sizes=\"auto, (max-width: 360px) 100vw, 360px\" \/><\/a>\t\t\t\t\t\t\t\t\t\t\t\t\t\t<\/div>\n\t\t\t\t<div class=\"atgrid__item__content\">\n\t\t\t\t\t<h3 class=\"atgrid__item__title\"><a href=\"https:\/\/facetours.ma\/es\/mejores-circuitos-marruecos\/el-jadida-azemmour-excursion-casablanca\/\">Excursi\u00f3n a El Jadida y Azemmur desde Casablanca<\/a><\/h3>\n\t\t\t\t\t\t\t\t\t<div class=\"atgrid__item__description\">Excursi\u00f3n a El Jadida y Azemmur desde Casablanca. Visita la Cisterna Portuguesa, la medina y una sinagoga del siglo XVI.<\/div>\n\t\t\t\t\t\t\t\t<\/div>\n\t\t\t\t<div class=\"item-attributes\">\n\t\t\t\t\t<div class=\"item-attributes__item\"><div class=\"item-attributes__item__content\"><div class=\"item-attributes__item__content__item item-attributes__item__content__item--text\"><span>1 d\u00eda<\/span><\/div><\/div><\/div><div class=\"item-attributes__item\"><div class=\"item-attributes__item__content\"><div class=\"item-attributes__item__content__item item-attributes__item__content__item--text\"><span>Conductor de habla hispana<\/span><\/div><\/div><\/div>\t\t\t\t\t<div class=\"item-attributes__item\"><a href=\"https:\/\/facetours.ma\/es\/mejores-circuitos-marruecos\/el-jadida-azemmour-excursion-casablanca\/\" class=\"item-attributes__link\" aria-label=\"View the tour\"><i class=\"fa fa-eye\"><\/i><\/a><\/div>\n\t\t\t\t<\/div>\n\t\t\t<\/div>\n\t\t<\/div>\n\t\t\t\t\t<div class=\"col-md-4 col-xs-6 atgrid__item-wrap\">\n\t\t\t<div class=\"atgrid__item\">\n\t\t\t\t<div class=\"atgrid__item__top\">\n\t\t\t\t\t<a href=\"https:\/\/facetours.ma\/es\/mejores-circuitos-marruecos\/chefchaouen-excursion-casablanca\/\" class=\"atgrid__item__top__image\"><img loading=\"lazy\" decoding=\"async\" width=\"360\" height=\"240\" src=\"https:\/\/facetours.ma\/wp-content\/uploads\/2022\/08\/Chefchaouen-small-groups-with-local-colthes-min-360x240.jpg\" class=\"attachment-thumb_tour_listing_small size-thumb_tour_listing_small wp-post-image\" alt=\"\" srcset=\"https:\/\/facetours.ma\/wp-content\/uploads\/2022\/08\/Chefchaouen-small-groups-with-local-colthes-min-360x240.jpg 360w, https:\/\/facetours.ma\/wp-content\/uploads\/2022\/08\/Chefchaouen-small-groups-with-local-colthes-min-531x354.jpg 531w, https:\/\/facetours.ma\/wp-content\/uploads\/2022\/08\/Chefchaouen-small-groups-with-local-colthes-min-180x120.jpg 180w, https:\/\/facetours.ma\/wp-content\/uploads\/2022\/08\/Chefchaouen-small-groups-with-local-colthes-min-600x400.jpg 600w, https:\/\/facetours.ma\/wp-content\/uploads\/2022\/08\/Chefchaouen-small-groups-with-local-colthes-min-300x200.jpg 300w, https:\/\/facetours.ma\/wp-content\/uploads\/2022\/08\/Chefchaouen-small-groups-with-local-colthes-min-768x512.jpg 768w, https:\/\/facetours.ma\/wp-content\/uploads\/2022\/08\/Chefchaouen-small-groups-with-local-colthes-min-720x480.jpg 720w, https:\/\/facetours.ma\/wp-content\/uploads\/2022\/08\/Chefchaouen-small-groups-with-local-colthes-min.jpg 849w\" sizes=\"auto, (max-width: 360px) 100vw, 360px\" \/><\/a>\t\t\t\t\t\t\t\t\t\t\t\t\t\t<\/div>\n\t\t\t\t<div class=\"atgrid__item__content\">\n\t\t\t\t\t<h3 class=\"atgrid__item__title\"><a href=\"https:\/\/facetours.ma\/es\/mejores-circuitos-marruecos\/chefchaouen-excursion-casablanca\/\">Excursi\u00f3n a Chefchaouen desde Casablanca | Ciudad Azul<\/a><\/h3>\n\t\t\t\t\t\t\t\t\t<div class=\"atgrid__item__description\">Excursi\u00f3n a Chefchaouen desde Casablanca. Recorre la medina azul, la plaza Outa el-Hammam y las cascadas Ras Al Maa.<\/div>\n\t\t\t\t\t\t\t\t<\/div>\n\t\t\t\t<div class=\"item-attributes\">\n\t\t\t\t\t<div class=\"item-attributes__item\"><div class=\"item-attributes__item__content\"><div class=\"item-attributes__item__content__item item-attributes__item__content__item--text\"><span>1 d\u00eda<\/span><\/div><\/div><\/div><div class=\"item-attributes__item\"><div class=\"item-attributes__item__content\"><div class=\"item-attributes__item__content__item item-attributes__item__content__item--text\"><span>Conductor de habla hispana<\/span><\/div><\/div><\/div>\t\t\t\t\t<div class=\"item-attributes__item\"><a href=\"https:\/\/facetours.ma\/es\/mejores-circuitos-marruecos\/chefchaouen-excursion-casablanca\/\" class=\"item-attributes__link\" aria-label=\"View the tour\"><i class=\"fa fa-eye\"><\/i><\/a><\/div>\n\t\t\t\t<\/div>\n\t\t\t<\/div>\n\t\t<\/div>\n\t\t\t<div class=\"atgrid__row-separator clearfix visible-sm visible-xs\"><\/div>\t\t<div class=\"col-md-4 col-xs-6 atgrid__item-wrap\">\n\t\t\t<div class=\"atgrid__item\">\n\t\t\t\t<div class=\"atgrid__item__top\">\n\t\t\t\t\t<a href=\"https:\/\/facetours.ma\/es\/mejores-circuitos-marruecos\/rabat-excursion-casablanca\/\" class=\"atgrid__item__top__image\"><img loading=\"lazy\" decoding=\"async\" width=\"360\" height=\"240\" src=\"https:\/\/facetours.ma\/wp-content\/uploads\/2022\/08\/tour-hassan-rabat-day-trip-from-casablanca-1-360x240.jpg\" class=\"attachment-thumb_tour_listing_small size-thumb_tour_listing_small wp-post-image\" alt=\"Rabat day trip from Casablanca\" srcset=\"https:\/\/facetours.ma\/wp-content\/uploads\/2022\/08\/tour-hassan-rabat-day-trip-from-casablanca-1-360x240.jpg 360w, https:\/\/facetours.ma\/wp-content\/uploads\/2022\/08\/tour-hassan-rabat-day-trip-from-casablanca-1-531x354.jpg 531w, https:\/\/facetours.ma\/wp-content\/uploads\/2022\/08\/tour-hassan-rabat-day-trip-from-casablanca-1-180x120.jpg 180w, https:\/\/facetours.ma\/wp-content\/uploads\/2022\/08\/tour-hassan-rabat-day-trip-from-casablanca-1-600x401.jpg 600w, https:\/\/facetours.ma\/wp-content\/uploads\/2022\/08\/tour-hassan-rabat-day-trip-from-casablanca-1-300x200.jpg 300w, https:\/\/facetours.ma\/wp-content\/uploads\/2022\/08\/tour-hassan-rabat-day-trip-from-casablanca-1.jpg 612w\" sizes=\"auto, (max-width: 360px) 100vw, 360px\" \/><\/a>\t\t\t\t\t\t\t\t\t\t\t\t\t\t<\/div>\n\t\t\t\t<div class=\"atgrid__item__content\">\n\t\t\t\t\t<h3 class=\"atgrid__item__title\"><a href=\"https:\/\/facetours.ma\/es\/mejores-circuitos-marruecos\/rabat-excursion-casablanca\/\">Excursi\u00f3n a Rabat desde Casablanca | Ciudad Imperial<\/a><\/h3>\n\t\t\t\t\t\t\t\t\t<div class=\"atgrid__item__description\">Excursi\u00f3n a Rabat desde Casablanca. Recorrido por la Chellah, Mausoleo de Mohammed V, Torre Hassan y la Kasbah de los Oudayas.<\/div>\n\t\t\t\t\t\t\t\t<\/div>\n\t\t\t\t<div class=\"item-attributes\">\n\t\t\t\t\t<div class=\"item-attributes__item\"><div class=\"item-attributes__item__content\"><div class=\"item-attributes__item__content__item item-attributes__item__content__item--text\"><span>1 d\u00eda<\/span><\/div><\/div><\/div>\t\t\t\t\t<div class=\"item-attributes__item\"><a href=\"https:\/\/facetours.ma\/es\/mejores-circuitos-marruecos\/rabat-excursion-casablanca\/\" class=\"item-attributes__link\" aria-label=\"View the tour\"><i class=\"fa fa-eye\"><\/i><\/a><\/div>\n\t\t\t\t<\/div>\n\t\t\t<\/div>\n\t\t<\/div>\n\t\t\t<div class=\"atgrid__row-separator clearfix hidden-sm hidden-xs\"><\/div>\t\t<div class=\"col-md-4 col-xs-6 atgrid__item-wrap\">\n\t\t\t<div class=\"atgrid__item\">\n\t\t\t\t<div class=\"atgrid__item__top\">\n\t\t\t\t\t<a href=\"https:\/\/facetours.ma\/es\/mejores-circuitos-marruecos\/marrakech-excursion-casablanca\/\" class=\"atgrid__item__top__image\"><img loading=\"lazy\" decoding=\"async\" width=\"360\" height=\"240\" src=\"https:\/\/facetours.ma\/wp-content\/uploads\/2022\/08\/Marrakech-Dar-El-Bacha-garden-4-min-360x240.jpg\" class=\"attachment-thumb_tour_listing_small size-thumb_tour_listing_small wp-post-image\" alt=\"Marrakech Day Trip From Casablanca\" srcset=\"https:\/\/facetours.ma\/wp-content\/uploads\/2022\/08\/Marrakech-Dar-El-Bacha-garden-4-min-360x240.jpg 360w, https:\/\/facetours.ma\/wp-content\/uploads\/2022\/08\/Marrakech-Dar-El-Bacha-garden-4-min-531x354.jpg 531w, https:\/\/facetours.ma\/wp-content\/uploads\/2022\/08\/Marrakech-Dar-El-Bacha-garden-4-min-180x120.jpg 180w, https:\/\/facetours.ma\/wp-content\/uploads\/2022\/08\/Marrakech-Dar-El-Bacha-garden-4-min-600x400.jpg 600w, https:\/\/facetours.ma\/wp-content\/uploads\/2022\/08\/Marrakech-Dar-El-Bacha-garden-4-min-300x200.jpg 300w, https:\/\/facetours.ma\/wp-content\/uploads\/2022\/08\/Marrakech-Dar-El-Bacha-garden-4-min-768x512.jpg 768w, https:\/\/facetours.ma\/wp-content\/uploads\/2022\/08\/Marrakech-Dar-El-Bacha-garden-4-min-720x480.jpg 720w, https:\/\/facetours.ma\/wp-content\/uploads\/2022\/08\/Marrakech-Dar-El-Bacha-garden-4-min.jpg 849w\" sizes=\"auto, (max-width: 360px) 100vw, 360px\" \/><\/a>\t\t\t\t\t\t\t\t\t\t\t\t\t\t<\/div>\n\t\t\t\t<div class=\"atgrid__item__content\">\n\t\t\t\t\t<h3 class=\"atgrid__item__title\"><a href=\"https:\/\/facetours.ma\/es\/mejores-circuitos-marruecos\/marrakech-excursion-casablanca\/\">Excursi\u00f3n a Marrakech desde Casablanca | Ciudad Roja<\/a><\/h3>\n\t\t\t\t\t\t\t\t\t<div class=\"atgrid__item__description\">Excursi\u00f3n de un d\u00eda a Marrakech desde Casablanca. Recorrido por los principales monumentos y la vibrante plaza Jemaa el-Fnaa.<\/div>\n\t\t\t\t\t\t\t\t<\/div>\n\t\t\t\t<div class=\"item-attributes\">\n\t\t\t\t\t<div class=\"item-attributes__item\"><div class=\"item-attributes__item__content\"><div class=\"item-attributes__item__content__item item-attributes__item__content__item--text\"><span>1 d\u00eda<\/span><\/div><\/div><\/div>\t\t\t\t\t<div class=\"item-attributes__item\"><a href=\"https:\/\/facetours.ma\/es\/mejores-circuitos-marruecos\/marrakech-excursion-casablanca\/\" class=\"item-attributes__link\" aria-label=\"View the tour\"><i class=\"fa fa-eye\"><\/i><\/a><\/div>\n\t\t\t\t<\/div>\n\t\t\t<\/div>\n\t\t<\/div>\n\t\t\t<div class=\"atgrid__row-separator clearfix visible-sm visible-xs\"><\/div>\t\t<div class=\"col-md-4 col-xs-6 atgrid__item-wrap\">\n\t\t\t<div class=\"atgrid__item\">\n\t\t\t\t<div class=\"atgrid__item__top\">\n\t\t\t\t\t<a href=\"https:\/\/facetours.ma\/es\/mejores-circuitos-marruecos\/casablanca-city-tour\/\" class=\"atgrid__item__top__image\"><img loading=\"lazy\" decoding=\"async\" width=\"360\" height=\"240\" src=\"https:\/\/facetours.ma\/wp-content\/uploads\/2022\/08\/Hassan-II-mosque-Casablanca-min-360x240.jpg\" class=\"attachment-thumb_tour_listing_small size-thumb_tour_listing_small wp-post-image\" alt=\"Circuitos desde Casablanca\" srcset=\"https:\/\/facetours.ma\/wp-content\/uploads\/2022\/08\/Hassan-II-mosque-Casablanca-min-360x240.jpg 360w, https:\/\/facetours.ma\/wp-content\/uploads\/2022\/08\/Hassan-II-mosque-Casablanca-min-531x354.jpg 531w, https:\/\/facetours.ma\/wp-content\/uploads\/2022\/08\/Hassan-II-mosque-Casablanca-min-180x120.jpg 180w, https:\/\/facetours.ma\/wp-content\/uploads\/2022\/08\/Hassan-II-mosque-Casablanca-min-600x399.jpg 600w, https:\/\/facetours.ma\/wp-content\/uploads\/2022\/08\/Hassan-II-mosque-Casablanca-min-300x200.jpg 300w, https:\/\/facetours.ma\/wp-content\/uploads\/2022\/08\/Hassan-II-mosque-Casablanca-min-768x511.jpg 768w, https:\/\/facetours.ma\/wp-content\/uploads\/2022\/08\/Hassan-II-mosque-Casablanca-min-720x480.jpg 720w, https:\/\/facetours.ma\/wp-content\/uploads\/2022\/08\/Hassan-II-mosque-Casablanca-min.jpg 849w\" sizes=\"auto, (max-width: 360px) 100vw, 360px\" \/><\/a>\t\t\t\t\t\t\t\t\t\t\t\t\t\t<\/div>\n\t\t\t\t<div class=\"atgrid__item__content\">\n\t\t\t\t\t<h3 class=\"atgrid__item__title\"><a href=\"https:\/\/facetours.ma\/es\/mejores-circuitos-marruecos\/casablanca-city-tour\/\">Excursi\u00f3n por Casablanca | Descubre la Casa Blanca<\/a><\/h3>\n\t\t\t\t\t\t\t\t\t<div class=\"atgrid__item__description\">Recorrido por Casablanca, incluyendo la Mezquita Hassan II, la Plaza Mohammed V, Anfa y la playa de La Corniche.<\/div>\n\t\t\t\t\t\t\t\t<\/div>\n\t\t\t\t<div class=\"item-attributes\">\n\t\t\t\t\t<div class=\"item-attributes__item\"><div class=\"item-attributes__item__content\"><div class=\"item-attributes__item__content__item item-attributes__item__content__item--text\"><span>1\/2 d\u00eda<\/span><\/div><\/div><\/div>\t\t\t\t\t<div class=\"item-attributes__item\"><a href=\"https:\/\/facetours.ma\/es\/mejores-circuitos-marruecos\/casablanca-city-tour\/\" class=\"item-attributes__link\" aria-label=\"View the tour\"><i class=\"fa fa-eye\"><\/i><\/a><\/div>\n\t\t\t\t<\/div>\n\t\t\t<\/div>\n\t\t<\/div>\n\t\t\t<\/div>\n<\/div>\n[vc_empty_space height=&#8221;48px&#8221;][vc_cta h2=&#8221;\u00bfEst\u00e1s listo para una experiencia \u00fanica?&#8221; css=&#8221;&#8221;]\u00danete a nosotros en estas extraordinarias excursiones desde el puerto de Casablanca y crea recuerdos imborrables en el maravilloso Marruecos. \u00a1Haz clic aqu\u00ed para obtener m\u00e1s informaci\u00f3n!<\/p>\n<p><a href=\"https:\/\/facetours.ma\/es\/contacte-con-nosotros\/\" target=\"_new\" rel=\"noopener\"><strong>Cont\u00e1ctanos para m\u00e1s detalles<\/strong><\/a>[\/vc_cta][\/vc_column][\/vc_row]<\/p>\n<\/div>","protected":false},"excerpt":{"rendered":"<p>[vc_row][vc_column][vc_column_text css=&#8221;&#8221;]Explorar m\u00e1s all\u00e1 de Casablanca es descubrir un Marruecos lleno de maravillas. Desde el azul vibrante de Chefchaouen hasta la historia viva de Rabat, cada excursi\u00f3n es una nueva aventura. \u00a1Aqu\u00ed te dejamos algunas opciones que no puedes perderte! Excursi\u00f3n a El Jadida y Azemmour desde Casablanca Emb\u00e1rcate en un viaje fascinante a las<\/p>\n<div class=\"padding-top text-center\"><a href=\"https:\/\/facetours.ma\/es\/mejores-circuitos-marruecos\/casablanca-city-tour\/\" class=\"atbtn atbtn--medium atbtn--rounded atbtn--transparent\">Read more<i class=\"atbtn__icon atbtn__icon--right fa fa-long-arrow-right\"><\/i><\/a><\/div>\n","protected":false},"author":1,"featured_media":0,"parent":0,"menu_order":0,"comment_status":"closed","ping_status":"closed","template":"","meta":{"footnotes":""},"class_list":["post-3278","page","type-page","status-publish","hentry"],"_links":{"self":[{"href":"https:\/\/facetours.ma\/es\/wp-json\/wp\/v2\/pages\/3278","targetHints":{"allow":["GET"]}}],"collection":[{"href":"https:\/\/facetours.ma\/es\/wp-json\/wp\/v2\/pages"}],"about":[{"href":"https:\/\/facetours.ma\/es\/wp-json\/wp\/v2\/types\/page"}],"author":[{"embeddable":true,"href":"https:\/\/facetours.ma\/es\/wp-json\/wp\/v2\/users\/1"}],"replies":[{"embeddable":true,"href":"https:\/\/facetours.ma\/es\/wp-json\/wp\/v2\/comments?post=3278"}],"version-history":[{"count":4,"href":"https:\/\/facetours.ma\/es\/wp-json\/wp\/v2\/pages\/3278\/revisions"}],"predecessor-version":[{"id":3284,"href":"https:\/\/facetours.ma\/es\/wp-json\/wp\/v2\/pages\/3278\/revisions\/3284"}],"wp:attachment":[{"href":"https:\/\/facetours.ma\/es\/wp-json\/wp\/v2\/media?parent=3278"}],"curies":[{"name":"wp","href":"https:\/\/api.w.org\/{rel}","templated":true}]}}