{"id":2959,"date":"2022-08-30T10:58:49","date_gmt":"2022-08-30T09:58:49","guid":{"rendered":"https:\/\/facetours.ma\/?page_id=2959"},"modified":"2025-01-24T12:14:52","modified_gmt":"2025-01-24T11:14:52","slug":"excursiones-dia-agadir-taghazout","status":"publish","type":"page","link":"https:\/\/facetours.ma\/es\/excursiones-dia-agadir-taghazout\/","title":{"rendered":"Excursiones de un D\u00eda desde Agadir y Taghazout"},"content":{"rendered":"<div class=\"wpb-content-wrapper\"><p>[vc_row][vc_column]<div class=\"title title--big title--center\">\n\t\t<h2 class=\"title__primary\">Paquetes de Excursiones de un D\u00eda desde Agadir &amp; Taghazout<\/h2>\n<\/div>\n\n<div class=\"atgrid\">\n\t<div class=\"row atgrid__row\">\n\t\t\t\t\t<div class=\"col-md-4 col-xs-6 atgrid__item-wrap\">\n\t\t\t<div class=\"atgrid__item\">\n\t\t\t\t<div class=\"atgrid__item__top\">\n\t\t\t\t\t<a href=\"https:\/\/facetours.ma\/es\/mejores-circuitos-marruecos\/valle-paraiso-agadir-taghazout\/\" class=\"atgrid__item__top__image\"><img loading=\"lazy\" decoding=\"async\" width=\"360\" height=\"240\" src=\"https:\/\/facetours.ma\/wp-content\/uploads\/2022\/08\/paradise-valley-half-day-from-agadir-and-taghazout-360x240.jpg\" class=\"attachment-thumb_tour_listing_small size-thumb_tour_listing_small wp-post-image\" alt=\"\" srcset=\"https:\/\/facetours.ma\/wp-content\/uploads\/2022\/08\/paradise-valley-half-day-from-agadir-and-taghazout-360x240.jpg 360w, https:\/\/facetours.ma\/wp-content\/uploads\/2022\/08\/paradise-valley-half-day-from-agadir-and-taghazout-531x354.jpg 531w, https:\/\/facetours.ma\/wp-content\/uploads\/2022\/08\/paradise-valley-half-day-from-agadir-and-taghazout-180x120.jpg 180w, https:\/\/facetours.ma\/wp-content\/uploads\/2022\/08\/paradise-valley-half-day-from-agadir-and-taghazout-600x400.jpg 600w, https:\/\/facetours.ma\/wp-content\/uploads\/2022\/08\/paradise-valley-half-day-from-agadir-and-taghazout-300x200.jpg 300w, https:\/\/facetours.ma\/wp-content\/uploads\/2022\/08\/paradise-valley-half-day-from-agadir-and-taghazout.jpg 748w\" sizes=\"auto, (max-width: 360px) 100vw, 360px\" \/><\/a>\t\t\t\t\t\t\t\t\t\t\t\t\t\t<\/div>\n\t\t\t\t<div class=\"atgrid__item__content\">\n\t\t\t\t\t<h3 class=\"atgrid__item__title\"><a href=\"https:\/\/facetours.ma\/es\/mejores-circuitos-marruecos\/valle-paraiso-agadir-taghazout\/\">Excursi\u00f3n Valle del Para\u00edso desde Agadir y Taghazout<\/a><\/h3>\n\t\t\t\t\t\t\t\t\t<div class=\"atgrid__item__description\">Excursi\u00f3n al Valle del Para\u00edso desde Agadir y Taghazout. Explora paisajes, piscinas naturales y aprende sobre el arg\u00e1n.<\/div>\n\t\t\t\t\t\t\t\t<\/div>\n\t\t\t\t<div class=\"item-attributes\">\n\t\t\t\t\t<div class=\"item-attributes__item\"><div class=\"item-attributes__item__content\"><div class=\"item-attributes__item__content__item item-attributes__item__content__item--text\"><span>1\/2 d\u00eda<\/span><\/div><\/div><\/div>\t\t\t\t\t<div class=\"item-attributes__item\"><a href=\"https:\/\/facetours.ma\/es\/mejores-circuitos-marruecos\/valle-paraiso-agadir-taghazout\/\" class=\"item-attributes__link\" aria-label=\"View the tour\"><i class=\"fa fa-eye\"><\/i><\/a><\/div>\n\t\t\t\t<\/div>\n\t\t\t<\/div>\n\t\t<\/div>\n\t\t\t\t\t<div class=\"col-md-4 col-xs-6 atgrid__item-wrap\">\n\t\t\t<div class=\"atgrid__item\">\n\t\t\t\t<div class=\"atgrid__item__top\">\n\t\t\t\t\t<a href=\"https:\/\/facetours.ma\/es\/mejores-circuitos-marruecos\/excursion-legzira-agadir-taghazout\/\" class=\"atgrid__item__top__image\"><img loading=\"lazy\" decoding=\"async\" width=\"360\" height=\"240\" src=\"https:\/\/facetours.ma\/wp-content\/uploads\/2022\/08\/legzira-beach-day-trip-from-agadir-and-taghazout-360x240.jpg\" class=\"attachment-thumb_tour_listing_small size-thumb_tour_listing_small wp-post-image\" alt=\"\" srcset=\"https:\/\/facetours.ma\/wp-content\/uploads\/2022\/08\/legzira-beach-day-trip-from-agadir-and-taghazout-360x240.jpg 360w, https:\/\/facetours.ma\/wp-content\/uploads\/2022\/08\/legzira-beach-day-trip-from-agadir-and-taghazout-531x354.jpg 531w, https:\/\/facetours.ma\/wp-content\/uploads\/2022\/08\/legzira-beach-day-trip-from-agadir-and-taghazout-180x120.jpg 180w, https:\/\/facetours.ma\/wp-content\/uploads\/2022\/08\/legzira-beach-day-trip-from-agadir-and-taghazout-600x400.jpg 600w, https:\/\/facetours.ma\/wp-content\/uploads\/2022\/08\/legzira-beach-day-trip-from-agadir-and-taghazout-300x200.jpg 300w, https:\/\/facetours.ma\/wp-content\/uploads\/2022\/08\/legzira-beach-day-trip-from-agadir-and-taghazout.jpg 612w\" sizes=\"auto, (max-width: 360px) 100vw, 360px\" \/><\/a>\t\t\t\t\t\t\t\t\t\t\t\t\t\t<\/div>\n\t\t\t\t<div class=\"atgrid__item__content\">\n\t\t\t\t\t<h3 class=\"atgrid__item__title\"><a href=\"https:\/\/facetours.ma\/es\/mejores-circuitos-marruecos\/excursion-legzira-agadir-taghazout\/\">Excursi\u00f3n a la Playa de Legzira desde Agadir y Taghazout<\/a><\/h3>\n\t\t\t\t\t\t\t\t\t<div class=\"atgrid__item__description\">Excursi\u00f3n a la playa de Legzira desde Agadir y Taghazout. Visita Tiznit, disfruta de la playa y sus formaciones rocosas.<\/div>\n\t\t\t\t\t\t\t\t<\/div>\n\t\t\t\t<div class=\"item-attributes\">\n\t\t\t\t\t<div class=\"item-attributes__item\"><div class=\"item-attributes__item__content\"><div class=\"item-attributes__item__content__item item-attributes__item__content__item--text\"><span>1 d\u00eda<\/span><\/div><\/div><\/div>\t\t\t\t\t<div class=\"item-attributes__item\"><a href=\"https:\/\/facetours.ma\/es\/mejores-circuitos-marruecos\/excursion-legzira-agadir-taghazout\/\" class=\"item-attributes__link\" aria-label=\"View the tour\"><i class=\"fa fa-eye\"><\/i><\/a><\/div>\n\t\t\t\t<\/div>\n\t\t\t<\/div>\n\t\t<\/div>\n\t\t\t<div class=\"atgrid__row-separator clearfix visible-sm visible-xs\"><\/div>\t\t<div class=\"col-md-4 col-xs-6 atgrid__item-wrap\">\n\t\t\t<div class=\"atgrid__item\">\n\t\t\t\t<div class=\"atgrid__item__top\">\n\t\t\t\t\t<a href=\"https:\/\/facetours.ma\/es\/mejores-circuitos-marruecos\/excursion-agadir-taghazout-city-tour\/\" class=\"atgrid__item__top__image\"><img loading=\"lazy\" decoding=\"async\" width=\"360\" height=\"240\" src=\"https:\/\/facetours.ma\/wp-content\/uploads\/2022\/08\/marina-port-agadir-city-tour-from-agadir-and-taghazout-360x240.jpg\" class=\"attachment-thumb_tour_listing_small size-thumb_tour_listing_small wp-post-image\" alt=\"\" srcset=\"https:\/\/facetours.ma\/wp-content\/uploads\/2022\/08\/marina-port-agadir-city-tour-from-agadir-and-taghazout-360x240.jpg 360w, https:\/\/facetours.ma\/wp-content\/uploads\/2022\/08\/marina-port-agadir-city-tour-from-agadir-and-taghazout-531x354.jpg 531w, https:\/\/facetours.ma\/wp-content\/uploads\/2022\/08\/marina-port-agadir-city-tour-from-agadir-and-taghazout-180x120.jpg 180w, https:\/\/facetours.ma\/wp-content\/uploads\/2022\/08\/marina-port-agadir-city-tour-from-agadir-and-taghazout-600x400.jpg 600w, https:\/\/facetours.ma\/wp-content\/uploads\/2022\/08\/marina-port-agadir-city-tour-from-agadir-and-taghazout-300x200.jpg 300w, https:\/\/facetours.ma\/wp-content\/uploads\/2022\/08\/marina-port-agadir-city-tour-from-agadir-and-taghazout.jpg 612w\" sizes=\"auto, (max-width: 360px) 100vw, 360px\" \/><\/a>\t\t\t\t\t\t\t\t\t\t\t\t\t\t<\/div>\n\t\t\t\t<div class=\"atgrid__item__content\">\n\t\t\t\t\t<h3 class=\"atgrid__item__title\"><a href=\"https:\/\/facetours.ma\/es\/mejores-circuitos-marruecos\/excursion-agadir-taghazout-city-tour\/\">Excursi\u00f3n a Agadir desde Taghazout | City Tour<\/a><\/h3>\n\t\t\t\t\t\t\t\t\t<div class=\"atgrid__item__description\">Excursi\u00f3n de un d\u00eda a Agadir desde Taghazout. Recorrido por la Kasbah, Mezquita Talborjt y el Zoco el Had.<\/div>\n\t\t\t\t\t\t\t\t<\/div>\n\t\t\t\t<div class=\"item-attributes\">\n\t\t\t\t\t<div class=\"item-attributes__item\"><div class=\"item-attributes__item__content\"><div class=\"item-attributes__item__content__item item-attributes__item__content__item--text\"><span>1\/2 d\u00eda<\/span><\/div><\/div><\/div>\t\t\t\t\t<div class=\"item-attributes__item\"><a href=\"https:\/\/facetours.ma\/es\/mejores-circuitos-marruecos\/excursion-agadir-taghazout-city-tour\/\" class=\"item-attributes__link\" aria-label=\"View the tour\"><i class=\"fa fa-eye\"><\/i><\/a><\/div>\n\t\t\t\t<\/div>\n\t\t\t<\/div>\n\t\t<\/div>\n\t\t\t<div class=\"atgrid__row-separator clearfix hidden-sm hidden-xs\"><\/div>\t\t<div class=\"col-md-4 col-xs-6 atgrid__item-wrap\">\n\t\t\t<div class=\"atgrid__item\">\n\t\t\t\t<div class=\"atgrid__item__top\">\n\t\t\t\t\t<a href=\"https:\/\/facetours.ma\/es\/mejores-circuitos-marruecos\/marrakech-excursion-agadir-taghazout\/\" class=\"atgrid__item__top__image\"><img loading=\"lazy\" decoding=\"async\" width=\"360\" height=\"240\" src=\"https:\/\/facetours.ma\/wp-content\/uploads\/2022\/08\/Marrrakech-Koutoubia-square-2-min-360x240.jpg\" class=\"attachment-thumb_tour_listing_small size-thumb_tour_listing_small wp-post-image\" alt=\"\" srcset=\"https:\/\/facetours.ma\/wp-content\/uploads\/2022\/08\/Marrrakech-Koutoubia-square-2-min-360x240.jpg 360w, https:\/\/facetours.ma\/wp-content\/uploads\/2022\/08\/Marrrakech-Koutoubia-square-2-min-531x354.jpg 531w, https:\/\/facetours.ma\/wp-content\/uploads\/2022\/08\/Marrrakech-Koutoubia-square-2-min-180x120.jpg 180w, https:\/\/facetours.ma\/wp-content\/uploads\/2022\/08\/Marrrakech-Koutoubia-square-2-min-600x399.jpg 600w, https:\/\/facetours.ma\/wp-content\/uploads\/2022\/08\/Marrrakech-Koutoubia-square-2-min-300x200.jpg 300w, https:\/\/facetours.ma\/wp-content\/uploads\/2022\/08\/Marrrakech-Koutoubia-square-2-min-768x511.jpg 768w, https:\/\/facetours.ma\/wp-content\/uploads\/2022\/08\/Marrrakech-Koutoubia-square-2-min-720x480.jpg 720w, https:\/\/facetours.ma\/wp-content\/uploads\/2022\/08\/Marrrakech-Koutoubia-square-2-min.jpg 849w\" sizes=\"auto, (max-width: 360px) 100vw, 360px\" \/><\/a>\t\t\t\t\t\t\t\t\t\t\t\t\t\t<\/div>\n\t\t\t\t<div class=\"atgrid__item__content\">\n\t\t\t\t\t<h3 class=\"atgrid__item__title\"><a href=\"https:\/\/facetours.ma\/es\/mejores-circuitos-marruecos\/marrakech-excursion-agadir-taghazout\/\">Excursi\u00f3n a Marrakech desde Agadir y Taghazout<\/a><\/h3>\n\t\t\t\t\t\t\t\t\t<div class=\"atgrid__item__description\">Excursi\u00f3n a Marrakech desde Agadir y Taghazout. Visita la mezquita Koutoubia, el Palacio de Bahia y la plaza Jemaa el-Fnaa.<\/div>\n\t\t\t\t\t\t\t\t<\/div>\n\t\t\t\t<div class=\"item-attributes\">\n\t\t\t\t\t<div class=\"item-attributes__item\"><div class=\"item-attributes__item__content\"><div class=\"item-attributes__item__content__item item-attributes__item__content__item--text\"><span>1 d\u00eda<\/span><\/div><\/div><\/div>\t\t\t\t\t<div class=\"item-attributes__item\"><a href=\"https:\/\/facetours.ma\/es\/mejores-circuitos-marruecos\/marrakech-excursion-agadir-taghazout\/\" class=\"item-attributes__link\" aria-label=\"View the tour\"><i class=\"fa fa-eye\"><\/i><\/a><\/div>\n\t\t\t\t<\/div>\n\t\t\t<\/div>\n\t\t<\/div>\n\t\t\t<div class=\"atgrid__row-separator clearfix visible-sm visible-xs\"><\/div>\t\t<div class=\"col-md-4 col-xs-6 atgrid__item-wrap\">\n\t\t\t<div class=\"atgrid__item\">\n\t\t\t\t<div class=\"atgrid__item__top\">\n\t\t\t\t\t<a href=\"https:\/\/facetours.ma\/es\/mejores-circuitos-marruecos\/tiout-taroudant-excursion-agadir-taghazout\/\" class=\"atgrid__item__top__image\"><img loading=\"lazy\" decoding=\"async\" width=\"360\" height=\"240\" src=\"https:\/\/facetours.ma\/wp-content\/uploads\/2022\/08\/tiout-palms-tiout-day-trip-from-agadir-and-taghazout-360x240.jpg\" class=\"attachment-thumb_tour_listing_small size-thumb_tour_listing_small wp-post-image\" alt=\"\" srcset=\"https:\/\/facetours.ma\/wp-content\/uploads\/2022\/08\/tiout-palms-tiout-day-trip-from-agadir-and-taghazout-360x240.jpg 360w, https:\/\/facetours.ma\/wp-content\/uploads\/2022\/08\/tiout-palms-tiout-day-trip-from-agadir-and-taghazout-531x354.jpg 531w, https:\/\/facetours.ma\/wp-content\/uploads\/2022\/08\/tiout-palms-tiout-day-trip-from-agadir-and-taghazout-180x120.jpg 180w, https:\/\/facetours.ma\/wp-content\/uploads\/2022\/08\/tiout-palms-tiout-day-trip-from-agadir-and-taghazout-600x400.jpg 600w, https:\/\/facetours.ma\/wp-content\/uploads\/2022\/08\/tiout-palms-tiout-day-trip-from-agadir-and-taghazout-300x200.jpg 300w, https:\/\/facetours.ma\/wp-content\/uploads\/2022\/08\/tiout-palms-tiout-day-trip-from-agadir-and-taghazout.jpg 748w\" sizes=\"auto, (max-width: 360px) 100vw, 360px\" \/><\/a>\t\t\t\t\t\t\t\t\t\t\t\t\t\t<\/div>\n\t\t\t\t<div class=\"atgrid__item__content\">\n\t\t\t\t\t<h3 class=\"atgrid__item__title\"><a href=\"https:\/\/facetours.ma\/es\/mejores-circuitos-marruecos\/tiout-taroudant-excursion-agadir-taghazout\/\">Excursi\u00f3n a Tiout y Taroudant desde Agadir y Taghazout<\/a><\/h3>\n\t\t\t\t\t\t\t\t\t<div class=\"atgrid__item__description\">Excursi\u00f3n de un d\u00eda a Tiout y Taroudant. Explora oasis, disfruta de un paseo en burro y visita la antigua medina.<\/div>\n\t\t\t\t\t\t\t\t<\/div>\n\t\t\t\t<div class=\"item-attributes\">\n\t\t\t\t\t<div class=\"item-attributes__item\"><div class=\"item-attributes__item__content\"><div class=\"item-attributes__item__content__item item-attributes__item__content__item--text\"><span>1 d\u00eda<\/span><\/div><\/div><\/div>\t\t\t\t\t<div class=\"item-attributes__item\"><a href=\"https:\/\/facetours.ma\/es\/mejores-circuitos-marruecos\/tiout-taroudant-excursion-agadir-taghazout\/\" class=\"item-attributes__link\" aria-label=\"View the tour\"><i class=\"fa fa-eye\"><\/i><\/a><\/div>\n\t\t\t\t<\/div>\n\t\t\t<\/div>\n\t\t<\/div>\n\t\t\t\t\t<div class=\"col-md-4 col-xs-6 atgrid__item-wrap\">\n\t\t\t<div class=\"atgrid__item\">\n\t\t\t\t<div class=\"atgrid__item__top\">\n\t\t\t\t\t<a href=\"https:\/\/facetours.ma\/es\/mejores-circuitos-marruecos\/tafraout-tiznit-excursion-agadir-taghazout\/\" class=\"atgrid__item__top__image\"><img loading=\"lazy\" decoding=\"async\" width=\"360\" height=\"240\" src=\"https:\/\/facetours.ma\/wp-content\/uploads\/2022\/08\/painted-rocks-tafraout-and-tiznit-day-trip-from-agadir-and-taghazout-360x240.jpg\" class=\"attachment-thumb_tour_listing_small size-thumb_tour_listing_small wp-post-image\" alt=\"\" srcset=\"https:\/\/facetours.ma\/wp-content\/uploads\/2022\/08\/painted-rocks-tafraout-and-tiznit-day-trip-from-agadir-and-taghazout-360x240.jpg 360w, https:\/\/facetours.ma\/wp-content\/uploads\/2022\/08\/painted-rocks-tafraout-and-tiznit-day-trip-from-agadir-and-taghazout-531x354.jpg 531w, https:\/\/facetours.ma\/wp-content\/uploads\/2022\/08\/painted-rocks-tafraout-and-tiznit-day-trip-from-agadir-and-taghazout-180x120.jpg 180w, https:\/\/facetours.ma\/wp-content\/uploads\/2022\/08\/painted-rocks-tafraout-and-tiznit-day-trip-from-agadir-and-taghazout-600x400.jpg 600w, https:\/\/facetours.ma\/wp-content\/uploads\/2022\/08\/painted-rocks-tafraout-and-tiznit-day-trip-from-agadir-and-taghazout-300x200.jpg 300w, https:\/\/facetours.ma\/wp-content\/uploads\/2022\/08\/painted-rocks-tafraout-and-tiznit-day-trip-from-agadir-and-taghazout.jpg 612w\" sizes=\"auto, (max-width: 360px) 100vw, 360px\" \/><\/a>\t\t\t\t\t\t\t\t\t\t\t\t\t\t<\/div>\n\t\t\t\t<div class=\"atgrid__item__content\">\n\t\t\t\t\t<h3 class=\"atgrid__item__title\"><a href=\"https:\/\/facetours.ma\/es\/mejores-circuitos-marruecos\/tafraout-tiznit-excursion-agadir-taghazout\/\">Excursi\u00f3n a Tafraout y Tiznit desde Agadir y Taghazout<\/a><\/h3>\n\t\t\t\t\t\t\t\t\t<div class=\"atgrid__item__description\">Excursi\u00f3n a Tafraout y Tiznit desde Agadir y Taghazout. Incluye visita a la Kasbah, Tafraout y sus alrededores, y la ciudad de Tiznit.<\/div>\n\t\t\t\t\t\t\t\t<\/div>\n\t\t\t\t<div class=\"item-attributes\">\n\t\t\t\t\t<div class=\"item-attributes__item\"><div class=\"item-attributes__item__content\"><div class=\"item-attributes__item__content__item item-attributes__item__content__item--text\"><span>1 d\u00eda<\/span><\/div><\/div><\/div>\t\t\t\t\t<div class=\"item-attributes__item\"><a href=\"https:\/\/facetours.ma\/es\/mejores-circuitos-marruecos\/tafraout-tiznit-excursion-agadir-taghazout\/\" class=\"item-attributes__link\" aria-label=\"View the tour\"><i class=\"fa fa-eye\"><\/i><\/a><\/div>\n\t\t\t\t<\/div>\n\t\t\t<\/div>\n\t\t<\/div>\n\t\t\t<div class=\"atgrid__row-separator clearfix hidden-sm hidden-xs\"><\/div><div class=\"atgrid__row-separator clearfix visible-sm visible-xs\"><\/div>\t\t<div class=\"col-md-4 col-xs-6 atgrid__item-wrap\">\n\t\t\t<div class=\"atgrid__item\">\n\t\t\t\t<div class=\"atgrid__item__top\">\n\t\t\t\t\t<a href=\"https:\/\/facetours.ma\/es\/mejores-circuitos-marruecos\/massa-dunas-excursion-agadir-taghazout\/\" class=\"atgrid__item__top__image\"><img loading=\"lazy\" decoding=\"async\" width=\"360\" height=\"240\" src=\"https:\/\/facetours.ma\/wp-content\/uploads\/2022\/08\/ride-camel-massa-and-small-dunes-from-agadir-and-taghazout-360x240.jpg\" class=\"attachment-thumb_tour_listing_small size-thumb_tour_listing_small wp-post-image\" alt=\"\" srcset=\"https:\/\/facetours.ma\/wp-content\/uploads\/2022\/08\/ride-camel-massa-and-small-dunes-from-agadir-and-taghazout-360x240.jpg 360w, https:\/\/facetours.ma\/wp-content\/uploads\/2022\/08\/ride-camel-massa-and-small-dunes-from-agadir-and-taghazout-531x354.jpg 531w, https:\/\/facetours.ma\/wp-content\/uploads\/2022\/08\/ride-camel-massa-and-small-dunes-from-agadir-and-taghazout-180x120.jpg 180w, https:\/\/facetours.ma\/wp-content\/uploads\/2022\/08\/ride-camel-massa-and-small-dunes-from-agadir-and-taghazout-600x400.jpg 600w, https:\/\/facetours.ma\/wp-content\/uploads\/2022\/08\/ride-camel-massa-and-small-dunes-from-agadir-and-taghazout-300x200.jpg 300w, https:\/\/facetours.ma\/wp-content\/uploads\/2022\/08\/ride-camel-massa-and-small-dunes-from-agadir-and-taghazout.jpg 748w\" sizes=\"auto, (max-width: 360px) 100vw, 360px\" \/><\/a>\t\t\t\t\t\t\t\t\t\t\t\t\t\t<\/div>\n\t\t\t\t<div class=\"atgrid__item__content\">\n\t\t\t\t\t<h3 class=\"atgrid__item__title\"><a href=\"https:\/\/facetours.ma\/es\/mejores-circuitos-marruecos\/massa-dunas-excursion-agadir-taghazout\/\">Excursi\u00f3n a Massa y Dunas desde Agadir y Taghazout<\/a><\/h3>\n\t\t\t\t\t\t\t\t\t<div class=\"atgrid__item__description\">Excursi\u00f3n a Massa y las dunas desde Agadir y Taghazout. Incluye visita a pueblo alfarero, paseo en camello y almuerzo.<\/div>\n\t\t\t\t\t\t\t\t<\/div>\n\t\t\t\t<div class=\"item-attributes\">\n\t\t\t\t\t<div class=\"item-attributes__item\"><div class=\"item-attributes__item__content\"><div class=\"item-attributes__item__content__item item-attributes__item__content__item--text\"><span>1 d\u00eda<\/span><\/div><\/div><\/div>\t\t\t\t\t<div class=\"item-attributes__item\"><a href=\"https:\/\/facetours.ma\/es\/mejores-circuitos-marruecos\/massa-dunas-excursion-agadir-taghazout\/\" class=\"item-attributes__link\" aria-label=\"View the tour\"><i class=\"fa fa-eye\"><\/i><\/a><\/div>\n\t\t\t\t<\/div>\n\t\t\t<\/div>\n\t\t<\/div>\n\t\t\t\t\t<div class=\"col-md-4 col-xs-6 atgrid__item-wrap\">\n\t\t\t<div class=\"atgrid__item\">\n\t\t\t\t<div class=\"atgrid__item__top\">\n\t\t\t\t\t<a href=\"https:\/\/facetours.ma\/es\/mejores-circuitos-marruecos\/excursion-essaouira-marruecos-agadir\/\" class=\"atgrid__item__top__image\"><img loading=\"lazy\" decoding=\"async\" width=\"360\" height=\"240\" src=\"https:\/\/facetours.ma\/wp-content\/uploads\/2022\/08\/Essaouira-port-min-360x240.jpg\" class=\"attachment-thumb_tour_listing_small size-thumb_tour_listing_small wp-post-image\" alt=\"\" srcset=\"https:\/\/facetours.ma\/wp-content\/uploads\/2022\/08\/Essaouira-port-min-360x240.jpg 360w, https:\/\/facetours.ma\/wp-content\/uploads\/2022\/08\/Essaouira-port-min-531x354.jpg 531w, https:\/\/facetours.ma\/wp-content\/uploads\/2022\/08\/Essaouira-port-min-180x120.jpg 180w, https:\/\/facetours.ma\/wp-content\/uploads\/2022\/08\/Essaouira-port-min-600x400.jpg 600w, https:\/\/facetours.ma\/wp-content\/uploads\/2022\/08\/Essaouira-port-min-300x200.jpg 300w, https:\/\/facetours.ma\/wp-content\/uploads\/2022\/08\/Essaouira-port-min-768x512.jpg 768w, https:\/\/facetours.ma\/wp-content\/uploads\/2022\/08\/Essaouira-port-min-720x480.jpg 720w, https:\/\/facetours.ma\/wp-content\/uploads\/2022\/08\/Essaouira-port-min.jpg 849w\" sizes=\"auto, (max-width: 360px) 100vw, 360px\" \/><\/a>\t\t\t\t\t\t\t\t\t\t\t\t\t\t<\/div>\n\t\t\t\t<div class=\"atgrid__item__content\">\n\t\t\t\t\t<h3 class=\"atgrid__item__title\"><a href=\"https:\/\/facetours.ma\/es\/mejores-circuitos-marruecos\/excursion-essaouira-marruecos-agadir\/\">Excursi\u00f3n a Essaouira desde Agadir: Historia y Cultura Local<\/a><\/h3>\n\t\t\t\t\t\t\t\t\t<div class=\"atgrid__item__description\">Explora la ciudad costera de Essaouira desde Agadir, visitando su puerto, Kasbah, Medina, y museo jud\u00edo, mientras disfrutas de la cultura local y el delicioso pescado fresco.<\/div>\n\t\t\t\t\t\t\t\t<\/div>\n\t\t\t\t<div class=\"item-attributes\">\n\t\t\t\t\t<div class=\"item-attributes__item\"><div class=\"item-attributes__item__content\"><div class=\"item-attributes__item__content__item item-attributes__item__content__item--text\"><span>1 d\u00eda<\/span><\/div><\/div><\/div>\t\t\t\t\t<div class=\"item-attributes__item\"><a href=\"https:\/\/facetours.ma\/es\/mejores-circuitos-marruecos\/excursion-essaouira-marruecos-agadir\/\" class=\"item-attributes__link\" aria-label=\"View the tour\"><i class=\"fa fa-eye\"><\/i><\/a><\/div>\n\t\t\t\t<\/div>\n\t\t\t<\/div>\n\t\t<\/div>\n\t\t\t<\/div>\n<\/div>\n[vc_empty_space height=&#8221;48px&#8221;]<div id=\"swiper1\" class=\"tours-type\">\n\t<div class=\"title title--big title--center title--underline title--decoration-bottom-center\">\n\t\t\t<div class=\"title__subtitle\">Selecciona tu Destino<\/div>\n\t\t<h2 class=\"title__primary\">Paquetes de Viajes por Marruecos<\/h2>\n<\/div>\n\t<div class=\"tours-type__slider\">\n\t\t<div class=\"tours-type__slider__controls\">\n\t\t\t<a class=\"tours-type__slider__prev\" href=\"#\" aria-label=\"Previous slider\"><i class=\"fa fa-chevron-left\"><\/i><\/a>\n\t\t\t<a class=\"tours-type__slider__next\" href=\"#\" aria-label=\"Next slider\"><i class=\"fa fa-chevron-right\"><\/i><\/a>\n\t\t<\/div>\n\n\t\t<div class=\"swiper-container swiper-slider\">\n\t\t\t<div class=\"swiper-wrapper\">\n\t\t\t\t\t\t\t\t\t\t\t<div class=\"swiper-slide tours-type__item\">\n\t\t\t\t\t<a href=\"https:\/\/facetours.ma\/es\/tour-category\/excursiones-desde-casablanca\/\" class=\"tours-type__item__image\"><img loading=\"lazy\" decoding=\"async\" src=\"https:\/\/facetours.ma\/wp-content\/themes\/face-tours\/assets\/images\/placeholder.png\" alt=\"Excursiones de un d\u00eda desde Casablanca\" width=\"600\" height=\"600\" \/><\/a>\n\t\t\t\t\t<div class=\"tours-type__item__title\">Excursiones de un d\u00eda desde Casablanca<\/div>\n\t\t\t\t<\/div>\n\t\t\t\t\t\t\t\t\t\t\t<div class=\"swiper-slide tours-type__item\">\n\t\t\t\t\t<a href=\"https:\/\/facetours.ma\/es\/tour-category\/excursiones-desde-fez\/\" class=\"tours-type__item__image\"><img loading=\"lazy\" decoding=\"async\" src=\"https:\/\/facetours.ma\/wp-content\/themes\/face-tours\/assets\/images\/placeholder.png\" alt=\"Excursiones de un d\u00eda desde Fez\" width=\"600\" height=\"600\" \/><\/a>\n\t\t\t\t\t<div class=\"tours-type__item__title\">Excursiones de un d\u00eda desde Fez<\/div>\n\t\t\t\t<\/div>\n\t\t\t\t\t\t\t\t\t\t\t<div class=\"swiper-slide tours-type__item\">\n\t\t\t\t\t<a href=\"https:\/\/facetours.ma\/es\/tour-category\/excursiones-desde-marrakech\/\" class=\"tours-type__item__image\"><img loading=\"lazy\" decoding=\"async\" src=\"https:\/\/facetours.ma\/wp-content\/themes\/face-tours\/assets\/images\/placeholder.png\" alt=\"Excursiones de un d\u00eda desde Marrakech\" width=\"600\" height=\"600\" \/><\/a>\n\t\t\t\t\t<div class=\"tours-type__item__title\">Excursiones de un d\u00eda desde Marrakech<\/div>\n\t\t\t\t<\/div>\n\t\t\t\t\t\t\t\t\t\t\t<div class=\"swiper-slide tours-type__item\">\n\t\t\t\t\t<a href=\"https:\/\/facetours.ma\/es\/tour-category\/excursiones-desde-rabat\/\" class=\"tours-type__item__image\"><img loading=\"lazy\" decoding=\"async\" src=\"https:\/\/facetours.ma\/wp-content\/themes\/face-tours\/assets\/images\/placeholder.png\" alt=\"Excursiones de un d\u00eda desde Rabat\" width=\"600\" height=\"600\" \/><\/a>\n\t\t\t\t\t<div class=\"tours-type__item__title\">Excursiones de un d\u00eda desde Rabat<\/div>\n\t\t\t\t<\/div>\n\t\t\t\t\t\t<\/div>\n\t\t<\/div>\n\t<\/div>\n<\/div>\n[\/vc_column][\/vc_row]<\/p>\n<\/div>","protected":false},"excerpt":{"rendered":"<p>[vc_row][vc_column][vc_empty_space height=&#8221;48px&#8221;][\/vc_column][\/vc_row]<\/p>\n","protected":false},"author":1,"featured_media":0,"parent":0,"menu_order":0,"comment_status":"closed","ping_status":"closed","template":"","meta":{"footnotes":""},"class_list":["post-2959","page","type-page","status-publish","hentry"],"_links":{"self":[{"href":"https:\/\/facetours.ma\/es\/wp-json\/wp\/v2\/pages\/2959","targetHints":{"allow":["GET"]}}],"collection":[{"href":"https:\/\/facetours.ma\/es\/wp-json\/wp\/v2\/pages"}],"about":[{"href":"https:\/\/facetours.ma\/es\/wp-json\/wp\/v2\/types\/page"}],"author":[{"embeddable":true,"href":"https:\/\/facetours.ma\/es\/wp-json\/wp\/v2\/users\/1"}],"replies":[{"embeddable":true,"href":"https:\/\/facetours.ma\/es\/wp-json\/wp\/v2\/comments?post=2959"}],"version-history":[{"count":4,"href":"https:\/\/facetours.ma\/es\/wp-json\/wp\/v2\/pages\/2959\/revisions"}],"predecessor-version":[{"id":2966,"href":"https:\/\/facetours.ma\/es\/wp-json\/wp\/v2\/pages\/2959\/revisions\/2966"}],"wp:attachment":[{"href":"https:\/\/facetours.ma\/es\/wp-json\/wp\/v2\/media?parent=2959"}],"curies":[{"name":"wp","href":"https:\/\/api.w.org\/{rel}","templated":true}]}}