{"id":2825,"date":"2022-08-31T11:25:25","date_gmt":"2022-08-31T10:25:25","guid":{"rendered":"https:\/\/facetours.ma\/?page_id=2825"},"modified":"2025-01-23T18:01:29","modified_gmt":"2025-01-23T17:01:29","slug":"actividades-populares-marrakech","status":"publish","type":"page","link":"https:\/\/facetours.ma\/es\/actividades-populares-marrakech\/","title":{"rendered":"Actividades y experiencias en Marrakech | Turismo en Marruecos"},"content":{"rendered":"<div class=\"wpb-content-wrapper\"><p>[vc_row][vc_column]<div class=\"title title--big title--center title--underline title--decoration-bottom-center\">\n\t\t<h2 class=\"title__primary\">Cosas que Hacer en Marrakech<\/h2>\n<\/div>\n[vc_column_text css=&#8221;&#8221;]Te ofrecemos las actividades m\u00e1s populares y destacadas en Marrakech y sus alrededores, adem\u00e1s de recomendaciones sobre las mejores experiencias en la ciudad roja y sus zonas cercanas. Entre ellas se incluyen:<\/p>\n<ul>\n<li><strong>Cena en el campamento de lujo en el desierto de Agafay<\/strong>: Disfruta de una velada \u00fanica en el desierto de Agafay, con una cena bajo las estrellas en un entorno espectacular.<\/li>\n<li><strong>Clases de cocina marroqu\u00ed en Marrakech<\/strong>: Aprende a preparar deliciosos platos tradicionales como el taj\u00edn y la pastela, guiado por chefs locales expertos.<\/li>\n<li><strong>Paseo en camello por Marrakech<\/strong>: Vive la esencia del desierto con un paseo en camello por los alrededores de la ciudad, una experiencia cl\u00e1sica e inolvidable.<\/li>\n<li><strong>Aventura en quad y buggy en Marrakech<\/strong>: Si eres amante de la adrenalina, no te puedes perder un recorrido en quad o buggy por el desierto y las dunas cercanas.<\/li>\n<li><strong>Noche de Fantas\u00eda en Marrakech<\/strong>: Disfruta de una noche llena de magia, m\u00fasica, danza y cultura marroqu\u00ed, con una cena tradicional acompa\u00f1ada de un impresionante espect\u00e1culo.<\/li>\n<li><strong>Paseo en carruaje tirado por caballos en Marrakech<\/strong>: Rel\u00e1jate mientras recorres los hermosos jardines y monumentos de la ciudad en un elegante carruaje.<\/li>\n<li><strong>Paseo en globo aerost\u00e1tico en Marrakech<\/strong>: Sube a un globo aerost\u00e1tico y contempla las incre\u00edbles vistas panor\u00e1micas de la ciudad y sus alrededores, una experiencia \u00fanica.<\/li>\n<\/ul>\n<p>[\/vc_column_text][vc_cta h2=&#8221;&#8221; css=&#8221;&#8221;]Y si prefieres actividades a medida, tambi\u00e9n ofrecemos experiencias personalizadas para adaptarnos a tus deseos y hacer tu viaje a\u00fan m\u00e1s especial. \u00a1Marrakech te espera con muchas aventuras por descubrir![\/vc_cta]\n<div class=\"atgrid\">\n\t<div class=\"title title--big title--center title--underline title--decoration-bottom-center\">\n\t\t<h2 class=\"title__primary\">Atracciones y Cosas que Hacer en Marrakech<\/h2>\n<\/div>\n\t<div class=\"row atgrid__row\">\n\t\t\t\t\t<div class=\"col-md-4 col-xs-6 atgrid__item-wrap\">\n\t\t\t<div class=\"atgrid__item\">\n\t\t\t\t<div class=\"atgrid__item__top\">\n\t\t\t\t\t<a href=\"https:\/\/facetours.ma\/es\/mejores-circuitos-marruecos\/experiencia-en-desierto-agafay-marruecos\/\" class=\"atgrid__item__top__image\"><img loading=\"lazy\" decoding=\"async\" width=\"360\" height=\"240\" src=\"https:\/\/facetours.ma\/wp-content\/uploads\/2022\/08\/Agafay-camp-desert.min_-360x240.jpg\" class=\"attachment-thumb_tour_listing_small size-thumb_tour_listing_small wp-post-image\" alt=\"Agafay desert luxury camp dinner\" srcset=\"https:\/\/facetours.ma\/wp-content\/uploads\/2022\/08\/Agafay-camp-desert.min_-360x240.jpg 360w, https:\/\/facetours.ma\/wp-content\/uploads\/2022\/08\/Agafay-camp-desert.min_-531x354.jpg 531w, https:\/\/facetours.ma\/wp-content\/uploads\/2022\/08\/Agafay-camp-desert.min_-180x120.jpg 180w, https:\/\/facetours.ma\/wp-content\/uploads\/2022\/08\/Agafay-camp-desert.min_-600x400.jpg 600w, https:\/\/facetours.ma\/wp-content\/uploads\/2022\/08\/Agafay-camp-desert.min_.jpg 849w\" sizes=\"auto, (max-width: 360px) 100vw, 360px\" \/><\/a>\t\t\t\t\t\t\t\t\t\t\t\t\t\t<\/div>\n\t\t\t\t<div class=\"atgrid__item__content\">\n\t\t\t\t\t<h3 class=\"atgrid__item__title\"><a href=\"https:\/\/facetours.ma\/es\/mejores-circuitos-marruecos\/experiencia-en-desierto-agafay-marruecos\/\">Cena y Aventura en el Desierto de Agafay - Marrakech<\/a><\/h3>\n\t\t\t\t\t\t\t\t\t<div class=\"atgrid__item__description\">Vive una experiencia \u00fanica en el desierto de Agafay: atardecer, cena marroqu\u00ed tradicional y noche de lujo. \u00a1Una velada m\u00e1gica que recordar\u00e1s siempre!<\/div>\n\t\t\t\t\t\t\t\t<\/div>\n\t\t\t\t<div class=\"item-attributes\">\n\t\t\t\t\t<div class=\"item-attributes__item\"><div class=\"item-attributes__item__content\"><div class=\"item-attributes__item__content__item item-attributes__item__content__item--text\"><span>Desierto Agafay<\/span><\/div><\/div><\/div>\t\t\t\t\t<div class=\"item-attributes__item\"><a href=\"https:\/\/facetours.ma\/es\/mejores-circuitos-marruecos\/experiencia-en-desierto-agafay-marruecos\/\" class=\"item-attributes__link\" aria-label=\"View the tour\"><i class=\"fa fa-eye\"><\/i><\/a><\/div>\n\t\t\t\t<\/div>\n\t\t\t<\/div>\n\t\t<\/div>\n\t\t\t\t\t<div class=\"col-md-4 col-xs-6 atgrid__item-wrap\">\n\t\t\t<div class=\"atgrid__item\">\n\t\t\t\t<div class=\"atgrid__item__top\">\n\t\t\t\t\t<a href=\"https:\/\/facetours.ma\/es\/mejores-circuitos-marruecos\/clase-cocina-marrakech-tradicion-marroqui\/\" class=\"atgrid__item__top__image\"><img loading=\"lazy\" decoding=\"async\" width=\"360\" height=\"240\" src=\"https:\/\/facetours.ma\/wp-content\/uploads\/2022\/08\/Tajine-360x240.jpg\" class=\"attachment-thumb_tour_listing_small size-thumb_tour_listing_small wp-post-image\" alt=\"\" srcset=\"https:\/\/facetours.ma\/wp-content\/uploads\/2022\/08\/Tajine-360x240.jpg 360w, https:\/\/facetours.ma\/wp-content\/uploads\/2022\/08\/Tajine-531x354.jpg 531w, https:\/\/facetours.ma\/wp-content\/uploads\/2022\/08\/Tajine-180x120.jpg 180w, https:\/\/facetours.ma\/wp-content\/uploads\/2022\/08\/Tajine-600x400.jpg 600w, https:\/\/facetours.ma\/wp-content\/uploads\/2022\/08\/Tajine-300x200.jpg 300w, https:\/\/facetours.ma\/wp-content\/uploads\/2022\/08\/Tajine-768x512.jpg 768w, https:\/\/facetours.ma\/wp-content\/uploads\/2022\/08\/Tajine.jpg 849w\" sizes=\"auto, (max-width: 360px) 100vw, 360px\" \/><\/a>\t\t\t\t\t\t\t\t\t\t\t\t\t\t<\/div>\n\t\t\t\t<div class=\"atgrid__item__content\">\n\t\t\t\t\t<h3 class=\"atgrid__item__title\"><a href=\"https:\/\/facetours.ma\/es\/mejores-circuitos-marruecos\/clase-cocina-marrakech-tradicion-marroqui\/\">Clase de cocina en Marrakech: Aprende la gastronom\u00eda marroqu\u00ed<\/a><\/h3>\n\t\t\t\t\t\t\t\t\t<div class=\"atgrid__item__description\">Descubre los sabores de Marruecos en una clase de cocina en Marrakech, donde aprender\u00e1s a preparar platos t\u00edpicos como taj\u00edn, cusc\u00fas y t\u00e9.<\/div>\n\t\t\t\t\t\t\t\t<\/div>\n\t\t\t\t<div class=\"item-attributes\">\n\t\t\t\t\t<div class=\"item-attributes__item\"><div class=\"item-attributes__item__content\"><div class=\"item-attributes__item__content__item item-attributes__item__content__item--text\"><span>1 hora<\/span><\/div><\/div><\/div>\t\t\t\t\t<div class=\"item-attributes__item\"><a href=\"https:\/\/facetours.ma\/es\/mejores-circuitos-marruecos\/clase-cocina-marrakech-tradicion-marroqui\/\" class=\"item-attributes__link\" aria-label=\"View the tour\"><i class=\"fa fa-eye\"><\/i><\/a><\/div>\n\t\t\t\t<\/div>\n\t\t\t<\/div>\n\t\t<\/div>\n\t\t\t<div class=\"atgrid__row-separator clearfix visible-sm visible-xs\"><\/div>\t\t<div class=\"col-md-4 col-xs-6 atgrid__item-wrap\">\n\t\t\t<div class=\"atgrid__item\">\n\t\t\t\t<div class=\"atgrid__item__top\">\n\t\t\t\t\t<a href=\"https:\/\/facetours.ma\/es\/mejores-circuitos-marruecos\/paseo-camelos-marrakech\/\" class=\"atgrid__item__top__image\"><img loading=\"lazy\" decoding=\"async\" width=\"360\" height=\"240\" src=\"https:\/\/facetours.ma\/wp-content\/uploads\/2022\/08\/Marrakech-ride-camel-min-360x240.jpg\" class=\"attachment-thumb_tour_listing_small size-thumb_tour_listing_small wp-post-image\" alt=\"\" srcset=\"https:\/\/facetours.ma\/wp-content\/uploads\/2022\/08\/Marrakech-ride-camel-min-360x240.jpg 360w, https:\/\/facetours.ma\/wp-content\/uploads\/2022\/08\/Marrakech-ride-camel-min-531x354.jpg 531w, https:\/\/facetours.ma\/wp-content\/uploads\/2022\/08\/Marrakech-ride-camel-min-180x120.jpg 180w, https:\/\/facetours.ma\/wp-content\/uploads\/2022\/08\/Marrakech-ride-camel-min-600x400.jpg 600w, https:\/\/facetours.ma\/wp-content\/uploads\/2022\/08\/Marrakech-ride-camel-min-300x200.jpg 300w, https:\/\/facetours.ma\/wp-content\/uploads\/2022\/08\/Marrakech-ride-camel-min-768x512.jpg 768w, https:\/\/facetours.ma\/wp-content\/uploads\/2022\/08\/Marrakech-ride-camel-min.jpg 849w\" sizes=\"auto, (max-width: 360px) 100vw, 360px\" \/><\/a>\t\t\t\t\t\t\t\t\t\t\t\t\t\t<\/div>\n\t\t\t\t<div class=\"atgrid__item__content\">\n\t\t\t\t\t<h3 class=\"atgrid__item__title\"><a href=\"https:\/\/facetours.ma\/es\/mejores-circuitos-marruecos\/paseo-camelos-marrakech\/\">Paseo en camello por Marrakech | Aventura en el desierto<\/a><\/h3>\n\t\t\t\t\t\t\t\t\t<div class=\"atgrid__item__description\">Disfruta de un paseo en camello por los palmerales de Marrakech y explora el desierto en una experiencia \u00fanica llena de colores y emoci\u00f3n.<\/div>\n\t\t\t\t\t\t\t\t<\/div>\n\t\t\t\t<div class=\"item-attributes\">\n\t\t\t\t\t<div class=\"item-attributes__item\"><div class=\"item-attributes__item__content\"><div class=\"item-attributes__item__content__item item-attributes__item__content__item--text\"><span>2 horas<\/span><\/div><\/div><\/div><div class=\"item-attributes__item\"><div class=\"item-attributes__item__content\"><div class=\"item-attributes__item__content__item item-attributes__item__content__item--text\"><span>Marrakech<\/span><\/div><\/div><\/div>\t\t\t\t\t<div class=\"item-attributes__item\"><a href=\"https:\/\/facetours.ma\/es\/mejores-circuitos-marruecos\/paseo-camelos-marrakech\/\" class=\"item-attributes__link\" aria-label=\"View the tour\"><i class=\"fa fa-eye\"><\/i><\/a><\/div>\n\t\t\t\t<\/div>\n\t\t\t<\/div>\n\t\t<\/div>\n\t\t\t<div class=\"atgrid__row-separator clearfix hidden-sm hidden-xs\"><\/div>\t\t<div class=\"col-md-4 col-xs-6 atgrid__item-wrap\">\n\t\t\t<div class=\"atgrid__item\">\n\t\t\t\t<div class=\"atgrid__item__top\">\n\t\t\t\t\t<a href=\"https:\/\/facetours.ma\/es\/mejores-circuitos-marruecos\/aventura-quad-buggy-marrakech\/\" class=\"atgrid__item__top__image\"><img loading=\"lazy\" decoding=\"async\" width=\"360\" height=\"240\" src=\"https:\/\/facetours.ma\/wp-content\/uploads\/2022\/08\/Marrakech-quad-tour.min_-360x240.jpg\" class=\"attachment-thumb_tour_listing_small size-thumb_tour_listing_small wp-post-image\" alt=\"\" srcset=\"https:\/\/facetours.ma\/wp-content\/uploads\/2022\/08\/Marrakech-quad-tour.min_-360x240.jpg 360w, https:\/\/facetours.ma\/wp-content\/uploads\/2022\/08\/Marrakech-quad-tour.min_-531x354.jpg 531w, https:\/\/facetours.ma\/wp-content\/uploads\/2022\/08\/Marrakech-quad-tour.min_-180x120.jpg 180w, https:\/\/facetours.ma\/wp-content\/uploads\/2022\/08\/Marrakech-quad-tour.min_-600x400.jpg 600w, https:\/\/facetours.ma\/wp-content\/uploads\/2022\/08\/Marrakech-quad-tour.min_-300x200.jpg 300w, https:\/\/facetours.ma\/wp-content\/uploads\/2022\/08\/Marrakech-quad-tour.min_-768x512.jpg 768w, https:\/\/facetours.ma\/wp-content\/uploads\/2022\/08\/Marrakech-quad-tour.min_.jpg 849w\" sizes=\"auto, (max-width: 360px) 100vw, 360px\" \/><\/a>\t\t\t\t\t\t\t\t\t\t\t\t\t\t<\/div>\n\t\t\t\t<div class=\"atgrid__item__content\">\n\t\t\t\t\t<h3 class=\"atgrid__item__title\"><a href=\"https:\/\/facetours.ma\/es\/mejores-circuitos-marruecos\/aventura-quad-buggy-marrakech\/\">Aventura en Quad y Buggy en Marrakech | Palmerales<\/a><\/h3>\n\t\t\t\t\t\t\t\t\t<div class=\"atgrid__item__description\">Explora los Palmerales de Marrakech en quad o buggy. Disfruta de una emocionante aventura con traslados, equipo y t\u00e9 bereber incluido.<\/div>\n\t\t\t\t\t\t\t\t<\/div>\n\t\t\t\t<div class=\"item-attributes\">\n\t\t\t\t\t<div class=\"item-attributes__item\"><div class=\"item-attributes__item__content\"><div class=\"item-attributes__item__content__item item-attributes__item__content__item--text\"><span>1\/2 d\u00eda<\/span><\/div><\/div><\/div><div class=\"item-attributes__item\"><div class=\"item-attributes__item__content\"><div class=\"item-attributes__item__content__item item-attributes__item__content__item--text\"><span>Marrakech<\/span><\/div><\/div><\/div>\t\t\t\t\t<div class=\"item-attributes__item\"><a href=\"https:\/\/facetours.ma\/es\/mejores-circuitos-marruecos\/aventura-quad-buggy-marrakech\/\" class=\"item-attributes__link\" aria-label=\"View the tour\"><i class=\"fa fa-eye\"><\/i><\/a><\/div>\n\t\t\t\t<\/div>\n\t\t\t<\/div>\n\t\t<\/div>\n\t\t\t<div class=\"atgrid__row-separator clearfix visible-sm visible-xs\"><\/div>\t\t<div class=\"col-md-4 col-xs-6 atgrid__item-wrap\">\n\t\t\t<div class=\"atgrid__item\">\n\t\t\t\t<div class=\"atgrid__item__top\">\n\t\t\t\t\t<a href=\"https:\/\/facetours.ma\/es\/mejores-circuitos-marruecos\/fantasia-noche-marrakech\/\" class=\"atgrid__item__top__image\"><img loading=\"lazy\" decoding=\"async\" width=\"360\" height=\"240\" src=\"https:\/\/facetours.ma\/wp-content\/uploads\/2022\/08\/fantasia-night-in-marrakech-360x240.jpg\" class=\"attachment-thumb_tour_listing_small size-thumb_tour_listing_small wp-post-image\" alt=\"\" srcset=\"https:\/\/facetours.ma\/wp-content\/uploads\/2022\/08\/fantasia-night-in-marrakech-360x240.jpg 360w, https:\/\/facetours.ma\/wp-content\/uploads\/2022\/08\/fantasia-night-in-marrakech-531x354.jpg 531w, https:\/\/facetours.ma\/wp-content\/uploads\/2022\/08\/fantasia-night-in-marrakech-180x120.jpg 180w, https:\/\/facetours.ma\/wp-content\/uploads\/2022\/08\/fantasia-night-in-marrakech-600x400.jpg 600w, https:\/\/facetours.ma\/wp-content\/uploads\/2022\/08\/fantasia-night-in-marrakech-300x200.jpg 300w, https:\/\/facetours.ma\/wp-content\/uploads\/2022\/08\/fantasia-night-in-marrakech-768x512.jpg 768w, https:\/\/facetours.ma\/wp-content\/uploads\/2022\/08\/fantasia-night-in-marrakech.jpg 849w\" sizes=\"auto, (max-width: 360px) 100vw, 360px\" \/><\/a>\t\t\t\t\t\t\t\t\t\t\t\t\t\t<\/div>\n\t\t\t\t<div class=\"atgrid__item__content\">\n\t\t\t\t\t<h3 class=\"atgrid__item__title\"><a href=\"https:\/\/facetours.ma\/es\/mejores-circuitos-marruecos\/fantasia-noche-marrakech\/\">Noche Fantasia en Marrakech: Cena, Espect\u00e1culo y Cultura<\/a><\/h3>\n\t\t\t\t\t\t\t\t\t<div class=\"atgrid__item__description\">Noche Fantasia: cena tradicional, espect\u00e1culo con danza del vientre, caballos Fantasia y folclore marroqu\u00ed. Traslados incluidos.<\/div>\n\t\t\t\t\t\t\t\t<\/div>\n\t\t\t\t<div class=\"item-attributes\">\n\t\t\t\t\t<div class=\"item-attributes__item\"><div class=\"item-attributes__item__content\"><div class=\"item-attributes__item__content__item item-attributes__item__content__item--text\"><span>1 hora<\/span><\/div><\/div><\/div><div class=\"item-attributes__item\"><div class=\"item-attributes__item__content\"><div class=\"item-attributes__item__content__item item-attributes__item__content__item--text\"><span>Marrakech<\/span><\/div><\/div><\/div>\t\t\t\t\t<div class=\"item-attributes__item\"><a href=\"https:\/\/facetours.ma\/es\/mejores-circuitos-marruecos\/fantasia-noche-marrakech\/\" class=\"item-attributes__link\" aria-label=\"View the tour\"><i class=\"fa fa-eye\"><\/i><\/a><\/div>\n\t\t\t\t<\/div>\n\t\t\t<\/div>\n\t\t<\/div>\n\t\t\t\t\t<div class=\"col-md-4 col-xs-6 atgrid__item-wrap\">\n\t\t\t<div class=\"atgrid__item\">\n\t\t\t\t<div class=\"atgrid__item__top\">\n\t\t\t\t\t<a href=\"https:\/\/facetours.ma\/es\/mejores-circuitos-marruecos\/paseo-calesa-caballos-marrakech\/\" class=\"atgrid__item__top__image\"><img loading=\"lazy\" decoding=\"async\" width=\"360\" height=\"240\" src=\"https:\/\/facetours.ma\/wp-content\/uploads\/2022\/08\/Marrakech-vip-clientshorse-carry-min-360x240.jpg\" class=\"attachment-thumb_tour_listing_small size-thumb_tour_listing_small wp-post-image\" alt=\"\" srcset=\"https:\/\/facetours.ma\/wp-content\/uploads\/2022\/08\/Marrakech-vip-clientshorse-carry-min-360x240.jpg 360w, https:\/\/facetours.ma\/wp-content\/uploads\/2022\/08\/Marrakech-vip-clientshorse-carry-min-531x354.jpg 531w, https:\/\/facetours.ma\/wp-content\/uploads\/2022\/08\/Marrakech-vip-clientshorse-carry-min-180x120.jpg 180w, https:\/\/facetours.ma\/wp-content\/uploads\/2022\/08\/Marrakech-vip-clientshorse-carry-min-600x400.jpg 600w, https:\/\/facetours.ma\/wp-content\/uploads\/2022\/08\/Marrakech-vip-clientshorse-carry-min-300x200.jpg 300w, https:\/\/facetours.ma\/wp-content\/uploads\/2022\/08\/Marrakech-vip-clientshorse-carry-min-768x512.jpg 768w, https:\/\/facetours.ma\/wp-content\/uploads\/2022\/08\/Marrakech-vip-clientshorse-carry-min-720x480.jpg 720w, https:\/\/facetours.ma\/wp-content\/uploads\/2022\/08\/Marrakech-vip-clientshorse-carry-min.jpg 849w\" sizes=\"auto, (max-width: 360px) 100vw, 360px\" \/><\/a>\t\t\t\t\t\t\t\t\t\t\t\t\t\t<\/div>\n\t\t\t\t<div class=\"atgrid__item__content\">\n\t\t\t\t\t<h3 class=\"atgrid__item__title\"><a href=\"https:\/\/facetours.ma\/es\/mejores-circuitos-marruecos\/paseo-calesa-caballos-marrakech\/\">Paseo en Calesa por Marrakech | Descubre la Ciudad Roja<\/a><\/h3>\n\t\t\t\t\t\t\t\t\t<div class=\"atgrid__item__description\">Disfruta de un paseo en calesa por Marrakech desde Jamaa el Fna. Descubre la ciudad de una forma relajante y pintoresca.<\/div>\n\t\t\t\t\t\t\t\t<\/div>\n\t\t\t\t<div class=\"item-attributes\">\n\t\t\t\t\t<div class=\"item-attributes__item\"><div class=\"item-attributes__item__content\"><div class=\"item-attributes__item__content__item item-attributes__item__content__item--text\"><span>1 hora<\/span><\/div><\/div><\/div><div class=\"item-attributes__item\"><div class=\"item-attributes__item__content\"><div class=\"item-attributes__item__content__item item-attributes__item__content__item--text\"><span>Marrakech<\/span><\/div><\/div><\/div>\t\t\t\t\t<div class=\"item-attributes__item\"><a href=\"https:\/\/facetours.ma\/es\/mejores-circuitos-marruecos\/paseo-calesa-caballos-marrakech\/\" class=\"item-attributes__link\" aria-label=\"View the tour\"><i class=\"fa fa-eye\"><\/i><\/a><\/div>\n\t\t\t\t<\/div>\n\t\t\t<\/div>\n\t\t<\/div>\n\t\t\t<div class=\"atgrid__row-separator clearfix hidden-sm hidden-xs\"><\/div><div class=\"atgrid__row-separator clearfix visible-sm visible-xs\"><\/div>\t\t<div class=\"col-md-4 col-xs-6 atgrid__item-wrap\">\n\t\t\t<div class=\"atgrid__item\">\n\t\t\t\t<div class=\"atgrid__item__top\">\n\t\t\t\t\t<a href=\"https:\/\/facetours.ma\/es\/mejores-circuitos-marruecos\/globo-aerostatico-marrakech\/\" class=\"atgrid__item__top__image\"><img loading=\"lazy\" decoding=\"async\" width=\"360\" height=\"240\" src=\"https:\/\/facetours.ma\/wp-content\/uploads\/2022\/08\/Air-balloon-ride-min-360x240.jpg\" class=\"attachment-thumb_tour_listing_small size-thumb_tour_listing_small wp-post-image\" alt=\"Las Mejores Actividades en Marruecos para tu Aventura\" srcset=\"https:\/\/facetours.ma\/wp-content\/uploads\/2022\/08\/Air-balloon-ride-min-360x240.jpg 360w, https:\/\/facetours.ma\/wp-content\/uploads\/2022\/08\/Air-balloon-ride-min-531x354.jpg 531w, https:\/\/facetours.ma\/wp-content\/uploads\/2022\/08\/Air-balloon-ride-min-180x120.jpg 180w, https:\/\/facetours.ma\/wp-content\/uploads\/2022\/08\/Air-balloon-ride-min-600x400.jpg 600w, https:\/\/facetours.ma\/wp-content\/uploads\/2022\/08\/Air-balloon-ride-min-300x200.jpg 300w, https:\/\/facetours.ma\/wp-content\/uploads\/2022\/08\/Air-balloon-ride-min-768x512.jpg 768w, https:\/\/facetours.ma\/wp-content\/uploads\/2022\/08\/Air-balloon-ride-min-720x480.jpg 720w, https:\/\/facetours.ma\/wp-content\/uploads\/2022\/08\/Air-balloon-ride-min.jpg 849w\" sizes=\"auto, (max-width: 360px) 100vw, 360px\" \/><\/a>\t\t\t\t\t\t\t\t\t\t\t\t\t\t<\/div>\n\t\t\t\t<div class=\"atgrid__item__content\">\n\t\t\t\t\t<h3 class=\"atgrid__item__title\"><a href=\"https:\/\/facetours.ma\/es\/mejores-circuitos-marruecos\/globo-aerostatico-marrakech\/\">Vuelo en Globo en Marrakech al Amanecer | Alto Atlas<\/a><\/h3>\n\t\t\t\t\t\t\t\t\t<div class=\"atgrid__item__description\">Disfruta de un vuelo en globo al amanecer sobre Marrakech. Vistas del Atlas, pueblos bereberes y desayuno incluido.<\/div>\n\t\t\t\t\t\t\t\t<\/div>\n\t\t\t\t<div class=\"item-attributes\">\n\t\t\t\t\t<div class=\"item-attributes__item\"><div class=\"item-attributes__item__content\"><div class=\"item-attributes__item__content__item item-attributes__item__content__item--text\"><span>1 hora<\/span><\/div><\/div><\/div><div class=\"item-attributes__item\"><div class=\"item-attributes__item__content\"><div class=\"item-attributes__item__content__item item-attributes__item__content__item--text\"><span>Marrakech<\/span><\/div><\/div><\/div>\t\t\t\t\t<div class=\"item-attributes__item\"><a href=\"https:\/\/facetours.ma\/es\/mejores-circuitos-marruecos\/globo-aerostatico-marrakech\/\" class=\"item-attributes__link\" aria-label=\"View the tour\"><i class=\"fa fa-eye\"><\/i><\/a><\/div>\n\t\t\t\t<\/div>\n\t\t\t<\/div>\n\t\t<\/div>\n\t\t\t<\/div>\n<\/div>\n[\/vc_column][\/vc_row]<\/p>\n<\/div>","protected":false},"excerpt":{"rendered":"<p>[vc_row][vc_column][vc_column_text css=&#8221;&#8221;]Te ofrecemos las actividades m\u00e1s populares y destacadas en Marrakech y sus alrededores, adem\u00e1s de recomendaciones sobre las mejores experiencias en la ciudad roja y sus zonas cercanas. Entre ellas se incluyen: Cena en el campamento de lujo en el desierto de Agafay: Disfruta de una velada \u00fanica en el desierto de Agafay, con<\/p>\n<div class=\"padding-top text-center\"><a href=\"https:\/\/facetours.ma\/es\/mejores-circuitos-marruecos\/globo-aerostatico-marrakech\/\" class=\"atbtn atbtn--medium atbtn--rounded atbtn--transparent\">Read more<i class=\"atbtn__icon atbtn__icon--right fa fa-long-arrow-right\"><\/i><\/a><\/div>\n","protected":false},"author":1,"featured_media":0,"parent":0,"menu_order":0,"comment_status":"closed","ping_status":"closed","template":"","meta":{"footnotes":""},"class_list":["post-2825","page","type-page","status-publish","hentry"],"_links":{"self":[{"href":"https:\/\/facetours.ma\/es\/wp-json\/wp\/v2\/pages\/2825","targetHints":{"allow":["GET"]}}],"collection":[{"href":"https:\/\/facetours.ma\/es\/wp-json\/wp\/v2\/pages"}],"about":[{"href":"https:\/\/facetours.ma\/es\/wp-json\/wp\/v2\/types\/page"}],"author":[{"embeddable":true,"href":"https:\/\/facetours.ma\/es\/wp-json\/wp\/v2\/users\/1"}],"replies":[{"embeddable":true,"href":"https:\/\/facetours.ma\/es\/wp-json\/wp\/v2\/comments?post=2825"}],"version-history":[{"count":6,"href":"https:\/\/facetours.ma\/es\/wp-json\/wp\/v2\/pages\/2825\/revisions"}],"predecessor-version":[{"id":2835,"href":"https:\/\/facetours.ma\/es\/wp-json\/wp\/v2\/pages\/2825\/revisions\/2835"}],"wp:attachment":[{"href":"https:\/\/facetours.ma\/es\/wp-json\/wp\/v2\/media?parent=2825"}],"curies":[{"name":"wp","href":"https:\/\/api.w.org\/{rel}","templated":true}]}}