{"id":2695,"date":"2022-08-15T15:43:02","date_gmt":"2022-08-15T14:43:02","guid":{"rendered":"https:\/\/facetours.ma\/?page_id=2695"},"modified":"2025-01-11T10:43:26","modified_gmt":"2025-01-11T09:43:26","slug":"politica-de-privacidad","status":"publish","type":"page","link":"https:\/\/facetours.ma\/es\/politica-de-privacidad\/","title":{"rendered":"Pol\u00edtica de privacidad"},"content":{"rendered":"<div class=\"wpb-content-wrapper\"><p>[vc_row][vc_column]<div class=\"title title--underline title--decoration-bottom-left\">\n\t\t<h2 class=\"title__primary\">Pol\u00edtica de Privacidad<\/h2>\n<\/div>\n[vc_column_text]Su privacidad es importante para nosotros. En \u201cFace Tours\u201d, respetamos su derecho a tomar decisiones informadas sobre el uso de la informaci\u00f3n que nos proporciona. Esta p\u00e1gina explica nuestra pol\u00edtica sobre la recopilaci\u00f3n, uso, divulgaci\u00f3n y protecci\u00f3n de la informaci\u00f3n personal que recibimos, para que se sienta seguro sobre c\u00f3mo manejamos la informaci\u00f3n personal que nos conf\u00eda en l\u00ednea.[\/vc_column_text][\/vc_column][\/vc_row][vc_row][vc_column]<div class=\"title title--decoration-bottom-left\">\n\t\t<h2 class=\"title__primary\">Informaci\u00f3n que Recopilamos<\/h2>\n<\/div>\n[vc_column_text]Solo recopilamos informaci\u00f3n de identificaci\u00f3n personal relacionada con su servicio, para gestionar una consulta o reserva. Estos datos personales pueden incluir su nombre, direcci\u00f3n de correo electr\u00f3nico, n\u00famero de tel\u00e9fono e informaci\u00f3n sobre sus gustos y preferencias de viaje, cuando un visitante los env\u00eda voluntariamente. Esta informaci\u00f3n se utiliza \u00fanicamente para contactarlo con informaci\u00f3n sobre su pedido. En algunos casos, es posible que necesitemos compartir su informaci\u00f3n de contacto con proveedores de servicios reservados de su tour (hoteles, boletos de tren, etc.), pero solo si es necesario para gestionar una consulta o reserva. Nunca vendemos, compartimos ni cedemos la informaci\u00f3n personal que nos proporciona voluntariamente a ning\u00fan tercero.[\/vc_column_text]<div class=\"title\">\n\t\t<h2 class=\"title__primary\">Uso de la Informaci\u00f3n<\/h2>\n<\/div>\n[vc_column_text]Al proporcionar direcciones de correo electr\u00f3nico, tambi\u00e9n est\u00e1 optando por recibir comunicaciones de nuestra parte. Recopilaremos la informaci\u00f3n de identificaci\u00f3n personal que nos proporcione para responder a sus preguntas, comentarios o solicitudes de viaje.<br \/>\nSi se suscribe a nuestro bolet\u00edn, le pediremos su nombre y direcci\u00f3n de correo electr\u00f3nico, y la utilizaremos para enviarle nuestro bolet\u00edn regular, noticias y actualizaciones, promociones de productos y cualquier otra informaci\u00f3n que consideremos que pueda ser de su inter\u00e9s. Nunca le enviaremos spam.<br \/>\nSi ya no desea recibir nuestros boletines, puede optar por no recibir ninguna o todas estas comunicaciones envi\u00e1ndonos un correo electr\u00f3nico a info@facetours.ma o haciendo clic en el enlace &#8220;cancelar suscripci\u00f3n&#8221; que se encuentra al final de cada bolet\u00edn.[\/vc_column_text]<div class=\"title\">\n\t\t<h2 class=\"title__primary\">C\u00f3mo Protegemos la Informaci\u00f3n<\/h2>\n<\/div>\n[vc_column_text]Nos esforzamos por seguir los est\u00e1ndares de la industria generalmente aceptados para proteger la informaci\u00f3n personal, tanto durante la transmisi\u00f3n como una vez que la recibimos. Tambi\u00e9n hacemos todo lo posible para asegurarnos de que los terceros que trabajan con nosotros acuerden proteger la informaci\u00f3n personal a la que deben acceder para atender nuestro sitio y a nuestros visitantes. Sin embargo, debe darse cuenta de que ning\u00fan m\u00e9todo de transmisi\u00f3n por Internet o m\u00e9todo de almacenamiento electr\u00f3nico es 100% seguro. Por lo tanto, no podemos garantizar su seguridad absoluta.<br \/>\nActualizaremos, cambiaremos o eliminaremos cualquier informaci\u00f3n personal proporcionada por un usuario al recibir una solicitud escrita de dicho usuario. No podemos restaurar informaci\u00f3n que hemos eliminado.<br \/>\nTodos los Derechos Reservados<br \/>\n\u201cFace Tours\u201d se reserva el derecho de actualizar esta pol\u00edtica de privacidad en cualquier momento. Cualquier cambio en nuestra pol\u00edtica de privacidad ser\u00e1 solo prospectivo. No realizaremos ning\u00fan cambio que tenga efecto retroactivo a menos que sea legalmente requerido. Le animamos a revisarla peri\u00f3dicamente.[\/vc_column_text]<div class=\"title\">\n\t\t<h2 class=\"title__primary\">Todos los Derechos Reservados<\/h2>\n<\/div>\n[vc_column_text]\u201cFace Tours\u201d se reserva el derecho de actualizar esta pol\u00edtica de privacidad en cualquier momento. Cualquier cambio en nuestra pol\u00edtica de privacidad ser\u00e1 solo prospectivo. No realizaremos ning\u00fan cambio que tenga efecto retroactivo a menos que sea legalmente requerido. Le animamos a revisarla peri\u00f3dicamente.[\/vc_column_text][\/vc_column][\/vc_row]<\/p>\n<\/div>","protected":false},"excerpt":{"rendered":"<p>[vc_row][vc_column][vc_column_text]Su privacidad es importante para nosotros. En \u201cFace Tours\u201d, respetamos su derecho a tomar decisiones informadas sobre el uso de la informaci\u00f3n que nos proporciona. Esta p\u00e1gina explica nuestra pol\u00edtica sobre la recopilaci\u00f3n, uso, divulgaci\u00f3n y protecci\u00f3n de la informaci\u00f3n personal que recibimos, para que se sienta seguro sobre c\u00f3mo manejamos la informaci\u00f3n personal que<\/p>\n<div class=\"padding-top text-center\"><a href=\"https:\/\/facetours.ma\/es\/politica-de-privacidad\/\" class=\"atbtn atbtn--medium atbtn--rounded atbtn--transparent\">Read more<i class=\"atbtn__icon atbtn__icon--right fa fa-long-arrow-right\"><\/i><\/a><\/div>\n","protected":false},"author":1,"featured_media":0,"parent":0,"menu_order":0,"comment_status":"closed","ping_status":"open","template":"","meta":{"footnotes":""},"class_list":["post-2695","page","type-page","status-publish","hentry"],"_links":{"self":[{"href":"https:\/\/facetours.ma\/es\/wp-json\/wp\/v2\/pages\/2695","targetHints":{"allow":["GET"]}}],"collection":[{"href":"https:\/\/facetours.ma\/es\/wp-json\/wp\/v2\/pages"}],"about":[{"href":"https:\/\/facetours.ma\/es\/wp-json\/wp\/v2\/types\/page"}],"author":[{"embeddable":true,"href":"https:\/\/facetours.ma\/es\/wp-json\/wp\/v2\/users\/1"}],"replies":[{"embeddable":true,"href":"https:\/\/facetours.ma\/es\/wp-json\/wp\/v2\/comments?post=2695"}],"version-history":[{"count":3,"href":"https:\/\/facetours.ma\/es\/wp-json\/wp\/v2\/pages\/2695\/revisions"}],"predecessor-version":[{"id":2698,"href":"https:\/\/facetours.ma\/es\/wp-json\/wp\/v2\/pages\/2695\/revisions\/2698"}],"wp:attachment":[{"href":"https:\/\/facetours.ma\/es\/wp-json\/wp\/v2\/media?parent=2695"}],"curies":[{"name":"wp","href":"https:\/\/api.w.org\/{rel}","templated":true}]}}