{"id":2679,"date":"2022-09-26T11:44:12","date_gmt":"2022-09-26T10:44:12","guid":{"rendered":"https:\/\/facetours.ma\/?page_id=2679"},"modified":"2025-01-10T23:44:20","modified_gmt":"2025-01-10T22:44:20","slug":"sobre-nosotros","status":"publish","type":"page","link":"https:\/\/facetours.ma\/es\/sobre-nosotros\/","title":{"rendered":"Sobre Nosotros | Viajes y Actividades en Marruecos"},"content":{"rendered":"<div class=\"wpb-content-wrapper\"><p>[vc_row][vc_column]<div class=\"title title--big title--center title--decoration-bottom-center\">\n\t\t\t<div class=\"title__subtitle\">Algo sobre nosotros<\/div>\n\t\t<h2 class=\"title__primary\">\u00bfQui\u00e9nes somos?<\/h2>\n<\/div>\n[vc_column_text css=&#8221;&#8221;]Face Tours es una agencia de viajes, turismo y <a href=\"https:\/\/facetours.ma\/es\/traslados-aeropuerto-rabat-sale\/\">transporte<\/a> con sede en <a href=\"https:\/\/facetours.ma\/es\/traslados-desde-aeropuerto-agadir-al-massira\/\">Agadir<\/a>, <a href=\"https:\/\/facetours.ma\/es\/traslados-aeropuerto-internacional-casablanca\/\">Casablanca<\/a>, <a href=\"https:\/\/facetours.ma\/es\/traslados-aeropuerto-marrakech\/\">Marrakech<\/a>, Fez, T\u00e1nger, Ouarzazate y <a href=\"https:\/\/facetours.ma\/es\/traslados-aeropuerto-rabat-sale\/\">Rabat<\/a>, Marruecos. Es un operador tur\u00edstico entrante l\u00edder y el socio ideal para quienes eligen el Reino de Marruecos como su destino.<\/p>\n<p>Organizamos y ofrecemos tours, excursiones, viajes de un d\u00eda, traslados al aeropuerto, viajes de incentivos empresariales, excursiones desde cruceros, lunas de miel, bodas, celebraciones de A\u00f1o Nuevo, seminarios y tours especiales para grupos peque\u00f1os. Tambi\u00e9n ofrecemos tours privados para familias, estudiantes, personas solas y m\u00e1s. Nuestra flota incluye veh\u00edculos modernos y de lujo como 4&#215;4, autobuses y minibuses, todos equipados con aire acondicionado para su comodidad.<\/p>\n<p>Face Tours opera desde hace m\u00e1s de trece a\u00f1os, brindando asistencia y asesoramiento experto a nuestros clientes. Nuestros conductores profesionales est\u00e1n dedicados a garantizar que tenga una experiencia fluida y placentera en un ambiente sereno. Garantizamos precios competitivos que son inmejorables en el mercado. \u00a1Nuestro objetivo es su satisfacci\u00f3n!<\/p>\n<p>Si desea ser parte de esta aventura \u00fanica e inolvidable, no dude en contactarnos[\/vc_column_text][\/vc_column][\/vc_row][vc_row][vc_column]<div class=\"title title--center title--underline title--decoration-bottom-center\">\n\t\t\t<div class=\"title__subtitle\">Servicio<\/div>\n\t\t<h2 class=\"title__primary\">Ofrecemos<\/h2>\n<\/div>\n[vc_row_inner equal_height=&#8221;yes&#8221; content_placement=&#8221;middle&#8221;][vc_column_inner width=&#8221;1\/2&#8243;][vc_single_image image=&#8221;933&#8243; img_size=&#8221;large&#8221;][\/vc_column_inner][vc_column_inner width=&#8221;1\/2&#8243;][vc_column_text css=&#8221;&#8221;]<\/p>\n<h2>Tours en Marruecos<\/h2>\n<p>Descubra con nuestra agencia de viajes todos los tours en Marruecos como: tour de ciudades imperiales, grandes tours y tours por el desierto, tour por el norte desde Rabat, Casablanca, Agadir, Marrakech, Casablanca, T\u00e1nger y Fez y tour de 3 d\u00edas desde Marrakech a Merzouga, tour de 3 d\u00edas de Marrakech a Fez pasando por Merzouga, tour de 3 d\u00edas de Fez a Marrakech pasando por Merzouga, tour de 2 d\u00edas a Zagora desde Marrakech.[\/vc_column_text]<a href=\"https:\/\/facetours.ma\/morocco-tours\/\" class=\"atbtn\">M\u00e1s informaci\u00f3n<\/a>[\/vc_column_inner][\/vc_row_inner][vc_row_inner equal_height=&#8221;yes&#8221; content_placement=&#8221;middle&#8221; css=&#8221;.vc_custom_1624140099063{margin-bottom: 40px !important;}&#8221; el_class=&#8221;vc_col-lg-push-6&#8243;][vc_column_inner el_class=&#8221;vc_col-lg-push-6&#8243; width=&#8221;1\/2&#8243;][vc_single_image image=&#8221;871&#8243; img_size=&#8221;large&#8221;][\/vc_column_inner][vc_column_inner el_class=&#8221;vc_col-lg-pull-6&#8243; width=&#8221;1\/2&#8243;][vc_column_text css=&#8221;&#8221;]<\/p>\n<h2>Excursiones de un d\u00eda<\/h2>\n<p>Le ofrecemos las excursiones de un d\u00eda m\u00e1s populares desde Fez, Agadir &amp; Taghazout, Marrakech, Rabat y Casablanca para explorar la autenticidad de Marruecos, su cultura e historia, costumbres, paisajes impresionantes y monta\u00f1as del Atlas, herencia isl\u00e1mica y jud\u00eda, y tambi\u00e9n le mostramos algunos aspectos destacados de estas excursiones con experiencias \u00fanicas.[\/vc_column_text]<a href=\"https:\/\/facetours.ma\/morocco-day-trips\/\" class=\"atbtn\">M\u00e1s informaci\u00f3n<\/a>[\/vc_column_inner][\/vc_row_inner][vc_row_inner equal_height=&#8221;yes&#8221; content_placement=&#8221;middle&#8221; css=&#8221;.vc_custom_1624140201129{margin-bottom: 40px !important;}&#8221;][vc_column_inner width=&#8221;1\/2&#8243;][vc_single_image image=&#8221;769&#8243; img_size=&#8221;large&#8221;][\/vc_column_inner][vc_column_inner width=&#8221;1\/2&#8243;][vc_column_text css=&#8221;&#8221;]<\/p>\n<h2>Actividades en Marrakech &amp; Agadir<\/h2>\n<p>Descubra actividades en Marrakech y Agadir para ver todas las regiones y disfrutar de las mejores atracciones en estas hermosas ciudades de Marruecos. En estas dos ciudades famosas le ofrecemos actividades populares como: quad &amp; buggy, cena en campamento de lujo en el desierto de Agafay, clase de cocina, paseo en camello, noche de fantas\u00eda, paseo en globo aerost\u00e1tico, paseo en carruaje, sandboarding, excursi\u00f3n al mundo de los delfines, visita a Crocoparc, tour en barco, paseo en camello &amp; caballo.[\/vc_column_text]<a href=\"https:\/\/facetours.ma\/morocco-activities\/\" class=\"atbtn\">M\u00e1s informaci\u00f3n<\/a>[\/vc_column_inner][\/vc_row_inner][\/vc_column][\/vc_row][vc_row][vc_column][vc_row_inner equal_height=&#8221;yes&#8221; content_placement=&#8221;middle&#8221; css=&#8221;.vc_custom_1624140099063{margin-bottom: 40px !important;}&#8221; el_class=&#8221;vc_col-lg-push-6&#8243;][vc_column_inner el_class=&#8221;vc_col-lg-push-6&#8243; width=&#8221;1\/2&#8243;][vc_single_image image=&#8221;576&#8243; img_size=&#8221;large&#8221;][\/vc_column_inner][vc_column_inner el_class=&#8221;vc_col-lg-pull-6&#8243; width=&#8221;1\/2&#8243;][vc_column_text css=&#8221;&#8221;]<\/p>\n<h2>Traslados privados al aeropuerto<\/h2>\n<p>Face Tours ofrece traslados privados desde los aeropuertos de Marruecos, servicios de autob\u00fas lanzadera, conductor y taxi, minib\u00fas y servicio 4&#215;4 con aire acondicionado, desde los aeropuertos de Casablanca Mohamed V, Agadir Al Massira, Marrakech El Menara, Fez Sa\u00efss, T\u00e1nger Ibn Batouta, Essaouira Mogador y Ouarzazate.[\/vc_column_text]<a href=\"https:\/\/facetours.ma\/morocco-private-airport-transfers\/\" class=\"atbtn\">M\u00e1s informaci\u00f3n<\/a>[\/vc_column_inner][\/vc_row_inner][\/vc_column][\/vc_row]<\/p>\n<\/div>","protected":false},"excerpt":{"rendered":"<p>[vc_row][vc_column][vc_column_text css=&#8221;&#8221;]Face Tours es una agencia de viajes, turismo y transporte con sede en Agadir, Casablanca, Marrakech, Fez, T\u00e1nger, Ouarzazate y Rabat, Marruecos. Es un operador tur\u00edstico entrante l\u00edder y el socio ideal para quienes eligen el Reino de Marruecos como su destino. Organizamos y ofrecemos tours, excursiones, viajes de un d\u00eda, traslados al aeropuerto,<\/p>\n<div class=\"padding-top text-center\"><a href=\"https:\/\/facetours.ma\/es\/sobre-nosotros\/\" class=\"atbtn atbtn--medium atbtn--rounded atbtn--transparent\">Read more<i class=\"atbtn__icon atbtn__icon--right fa fa-long-arrow-right\"><\/i><\/a><\/div>\n","protected":false},"author":1,"featured_media":0,"parent":0,"menu_order":0,"comment_status":"closed","ping_status":"closed","template":"","meta":{"footnotes":""},"class_list":["post-2679","page","type-page","status-publish","hentry"],"_links":{"self":[{"href":"https:\/\/facetours.ma\/es\/wp-json\/wp\/v2\/pages\/2679","targetHints":{"allow":["GET"]}}],"collection":[{"href":"https:\/\/facetours.ma\/es\/wp-json\/wp\/v2\/pages"}],"about":[{"href":"https:\/\/facetours.ma\/es\/wp-json\/wp\/v2\/types\/page"}],"author":[{"embeddable":true,"href":"https:\/\/facetours.ma\/es\/wp-json\/wp\/v2\/users\/1"}],"replies":[{"embeddable":true,"href":"https:\/\/facetours.ma\/es\/wp-json\/wp\/v2\/comments?post=2679"}],"version-history":[{"count":2,"href":"https:\/\/facetours.ma\/es\/wp-json\/wp\/v2\/pages\/2679\/revisions"}],"predecessor-version":[{"id":2681,"href":"https:\/\/facetours.ma\/es\/wp-json\/wp\/v2\/pages\/2679\/revisions\/2681"}],"wp:attachment":[{"href":"https:\/\/facetours.ma\/es\/wp-json\/wp\/v2\/media?parent=2679"}],"curies":[{"name":"wp","href":"https:\/\/api.w.org\/{rel}","templated":true}]}}