{"id":2663,"date":"2022-09-27T12:45:55","date_gmt":"2022-09-27T11:45:55","guid":{"rendered":"https:\/\/facetours.ma\/?page_id=2663"},"modified":"2025-01-10T23:08:42","modified_gmt":"2025-01-10T22:08:42","slug":"traslados-aeropuerto-rabat-sale","status":"publish","type":"page","link":"https:\/\/facetours.ma\/es\/traslados-aeropuerto-rabat-sale\/","title":{"rendered":"Traslados Aeropuerto Rabat-Sal\u00e9 a Destinos en Marruecos"},"content":{"rendered":"<div class=\"wpb-content-wrapper\"><p>[vc_row][vc_column width=&#8221;3\/4&#8243; css=&#8221;.vc_custom_1664275769481{background-color: #ffffff !important;}&#8221;][vc_row_inner][vc_column_inner]<div class=\"title title--big title--center\">\n\t\t<h2 class=\"title__primary\">Destinos del aeropuerto internacional Rabat-Sal\u00e9<\/h2>\n<\/div>\n[vc_column_text]Reserve su traslado y disfrute de un servicio que no lamentar\u00e1. Le proporcionaremos coches nuevos y de lujo a precios competitivos desde el aeropuerto de Rabat-Sal\u00e9 hacia otros destinos en Marruecos. Disponemos de una amplia variedad de veh\u00edculos: autobuses, minibuses y taxis.[\/vc_column_text][\/vc_column_inner][\/vc_row_inner][vc_row_inner][vc_column_inner]<div class=\"title\">\n\t\t<h2 class=\"title__primary\">Aeropuerto de Rabat-Sal\u00e9 a la ciudad de Rabat<\/h2>\n<\/div>\n[vc_column_text]<\/p>\n<table class=\"table table-bordered tours-tabs__table\" style=\"height: 233px;\" width=\"862\">\n<tbody>\n<tr>\n<td>Aeropuerto de Rabat-Sal\u00e9 <i class=\"fa fa-long-arrow-right\"><\/i> <strong>Ciudad de Rabat<\/strong><\/td>\n<td>\n<table class=\"table table-bordered\" style=\"height: 62px;\" width=\"300\">\n<tbody>\n<tr>\n<td><strong>Distancia: <\/strong>7 Km<\/td>\n<\/tr>\n<tr>\n<td><strong>Duraci\u00f3n: <\/strong>14 Minutos<\/td>\n<\/tr>\n<\/tbody>\n<\/table>\n<\/td>\n<\/tr>\n<\/tbody>\n<\/table>\n<p>[\/vc_column_text][\/vc_column_inner][\/vc_row_inner][vc_row_inner][vc_column_inner width=&#8221;1\/4&#8243;][vc_single_image image=&#8221;256&#8243; img_size=&#8221;medium&#8221;][vc_column_text]<strong>Precio:<\/strong> 120 \u20ac[\/vc_column_text][\/vc_column_inner][vc_column_inner width=&#8221;1\/4&#8243;][vc_single_image image=&#8221;254&#8243; img_size=&#8221;medium&#8221;][vc_column_text]<strong>Precio:<\/strong> 50 \u20ac[\/vc_column_text][\/vc_column_inner][vc_column_inner width=&#8221;1\/4&#8243;][vc_single_image image=&#8221;258&#8243; img_size=&#8221;medium&#8221;][vc_column_text]<strong>Precio:<\/strong> 20 \u20ac[\/vc_column_text][\/vc_column_inner][vc_column_inner width=&#8221;1\/4&#8243;][vc_single_image image=&#8221;259&#8243; img_size=&#8221;medium&#8221;][vc_column_text]<strong>Precio:<\/strong> 30 \u20ac[\/vc_column_text][\/vc_column_inner][\/vc_row_inner][vc_empty_space][vc_row_inner][vc_column_inner]<div class=\"title\">\n\t\t<h2 class=\"title__primary\">Ciudad de Rabat al aeropuerto de Rabat-Sal\u00e9<\/h2>\n<\/div>\n[vc_column_text]<\/p>\n<table class=\"table table-bordered tours-tabs__table\" style=\"height: 233px;\" width=\"862\">\n<tbody>\n<tr>\n<td>Ciudad de Rabat <i class=\"fa fa-long-arrow-right\"><\/i> <strong>Aeropuerto de Rabat-Sal\u00e9<\/strong><\/td>\n<td>\n<table class=\"table table-bordered\" style=\"height: 62px;\" width=\"300\">\n<tbody>\n<tr>\n<td><strong>Distancia: <\/strong>7 Km<\/td>\n<\/tr>\n<tr>\n<td><strong>Duraci\u00f3n: <\/strong>14 Minutos<\/td>\n<\/tr>\n<\/tbody>\n<\/table>\n<\/td>\n<\/tr>\n<\/tbody>\n<\/table>\n<p>[\/vc_column_text][\/vc_column_inner][\/vc_row_inner][vc_row_inner][vc_column_inner width=&#8221;1\/4&#8243;][vc_single_image image=&#8221;256&#8243; img_size=&#8221;medium&#8221;][vc_column_text]<strong>Precio:<\/strong> 160 \u20ac[\/vc_column_text][\/vc_column_inner][vc_column_inner width=&#8221;1\/4&#8243;][vc_single_image image=&#8221;254&#8243; img_size=&#8221;medium&#8221;][vc_column_text]<strong>Precio:<\/strong> 50 \u20ac[\/vc_column_text][\/vc_column_inner][vc_column_inner width=&#8221;1\/4&#8243;][vc_single_image image=&#8221;258&#8243; img_size=&#8221;medium&#8221;][vc_column_text]<strong>Precio:<\/strong> 20 \u20ac[\/vc_column_text][\/vc_column_inner][vc_column_inner width=&#8221;1\/4&#8243;][vc_single_image image=&#8221;259&#8243; img_size=&#8221;medium&#8221;][vc_column_text]<strong>Precio:<\/strong> 30 \u20ac[\/vc_column_text][\/vc_column_inner][\/vc_row_inner][vc_empty_space][vc_row_inner][vc_column_inner]<div class=\"title\">\n\t\t<h2 class=\"title__primary\">Aeropuerto de Rabat-Sal\u00e9 (AGA) a Agadir<\/h2>\n<\/div>\n[vc_column_text]<\/p>\n<table class=\"table table-bordered tours-tabs__table\" style=\"height: 233px;\" width=\"862\">\n<tbody>\n<tr>\n<td>Aeropuerto de Rabat-Sal\u00e9 <i class=\"fa fa-long-arrow-right\"><\/i> <strong>Agadir<\/strong><\/td>\n<td>\n<table class=\"table table-bordered\" style=\"height: 62px;\" width=\"300\">\n<tbody>\n<tr>\n<td><strong>Distancia: <\/strong>548 Km<\/td>\n<\/tr>\n<tr>\n<td><strong>Duraci\u00f3n: <\/strong>5 Horas 40 Minutos<\/td>\n<\/tr>\n<\/tbody>\n<\/table>\n<\/td>\n<\/tr>\n<\/tbody>\n<\/table>\n<p>[\/vc_column_text][\/vc_column_inner][\/vc_row_inner][vc_row_inner][vc_column_inner width=&#8221;1\/4&#8243;][vc_single_image image=&#8221;256&#8243; img_size=&#8221;medium&#8221;][vc_column_text]<strong>Precio:<\/strong> 1000 \u20ac[\/vc_column_text][\/vc_column_inner][vc_column_inner width=&#8221;1\/4&#8243;][vc_single_image image=&#8221;254&#8243; img_size=&#8221;medium&#8221;][vc_column_text]<strong>Precio:<\/strong> 500 \u20ac[\/vc_column_text][\/vc_column_inner][vc_column_inner width=&#8221;1\/4&#8243;][vc_single_image image=&#8221;258&#8243; img_size=&#8221;medium&#8221;][vc_column_text]<strong>Precio:<\/strong> 350 \u20ac[\/vc_column_text][\/vc_column_inner][vc_column_inner width=&#8221;1\/4&#8243;][vc_single_image image=&#8221;259&#8243; img_size=&#8221;medium&#8221;][vc_column_text]<strong>Precio:<\/strong> 400 \u20ac[\/vc_column_text][\/vc_column_inner][\/vc_row_inner][vc_empty_space][vc_row_inner][vc_column_inner]<div class=\"title\">\n\t\t<h2 class=\"title__primary\">Aeropuerto de Rabat-Sal\u00e9 a Uarzazat<\/h2>\n<\/div>\n[vc_column_text]<\/p>\n<table class=\"table table-bordered tours-tabs__table\" style=\"height: 233px;\" width=\"862\">\n<tbody>\n<tr>\n<td><strong>Aeropuerto de Rabat-Sal\u00e9 <i class=\"fa fa-long-arrow-right\"><\/i> <\/strong><strong>Uarzazat<\/strong><\/td>\n<td>\n<table class=\"table table-bordered\" style=\"height: 62px;\" width=\"300\">\n<tbody>\n<tr>\n<td><strong>Distancia: <\/strong>468 Km<\/td>\n<\/tr>\n<tr>\n<td><strong>Duraci\u00f3n: <\/strong>5 Horas<\/td>\n<\/tr>\n<\/tbody>\n<\/table>\n<\/td>\n<\/tr>\n<\/tbody>\n<\/table>\n<p>[\/vc_column_text][\/vc_column_inner][\/vc_row_inner][vc_row_inner][vc_column_inner width=&#8221;1\/4&#8243;][vc_single_image image=&#8221;256&#8243; img_size=&#8221;medium&#8221;][vc_column_text]<strong>Precio:<\/strong> 1200 \u20ac[\/vc_column_text][\/vc_column_inner][vc_column_inner width=&#8221;1\/4&#8243;][vc_single_image image=&#8221;254&#8243; img_size=&#8221;medium&#8221;][vc_column_text]<strong>Precio:<\/strong> 500 \u20ac[\/vc_column_text][\/vc_column_inner][vc_column_inner width=&#8221;1\/4&#8243;][vc_single_image image=&#8221;258&#8243; img_size=&#8221;medium&#8221;][vc_column_text]<strong>Precio:<\/strong> 300 \u20ac[\/vc_column_text][\/vc_column_inner][vc_column_inner width=&#8221;1\/4&#8243;][vc_single_image image=&#8221;259&#8243; img_size=&#8221;medium&#8221;][vc_column_text]<strong>Precio:<\/strong> 350 \u20ac[\/vc_column_text][\/vc_column_inner][\/vc_row_inner][vc_empty_space][vc_row_inner][vc_column_inner]<div class=\"title\">\n\t\t<h2 class=\"title__primary\">Aeropuerto de Rabat-Sal\u00e9 a Esauira<\/h2>\n<\/div>\n[vc_column_text]<\/p>\n<table class=\"table table-bordered tours-tabs__table\" style=\"height: 233px;\" width=\"862\">\n<tbody>\n<tr>\n<td><strong>Aeropuerto de Rabat-Sal\u00e9 <i class=\"fa fa-long-arrow-right\"><\/i> <\/strong><strong>Esauira<\/strong><\/td>\n<td>\n<table class=\"table table-bordered\" style=\"height: 62px;\" width=\"300\">\n<tbody>\n<tr>\n<td><strong>Distancia: <\/strong>192 Km<\/td>\n<\/tr>\n<tr>\n<td><strong>Duraci\u00f3n: <\/strong>2 Horas 48 Minutos<\/td>\n<\/tr>\n<\/tbody>\n<\/table>\n<\/td>\n<\/tr>\n<\/tbody>\n<\/table>\n<p>[\/vc_column_text][\/vc_column_inner][\/vc_row_inner][vc_row_inner][vc_column_inner width=&#8221;1\/4&#8243;][vc_single_image image=&#8221;256&#8243; img_size=&#8221;medium&#8221;][vc_column_text]<strong>Precio:<\/strong> 1100 \u20ac[\/vc_column_text][\/vc_column_inner][vc_column_inner width=&#8221;1\/4&#8243;][vc_single_image image=&#8221;254&#8243; img_size=&#8221;medium&#8221;][vc_column_text]<strong>Precio:<\/strong> 350 \u20ac[\/vc_column_text][\/vc_column_inner][vc_column_inner width=&#8221;1\/4&#8243;][vc_single_image image=&#8221;258&#8243; img_size=&#8221;medium&#8221;][vc_column_text]<strong>Precio:<\/strong> 300 \u20ac[\/vc_column_text][\/vc_column_inner][vc_column_inner width=&#8221;1\/4&#8243;][vc_single_image image=&#8221;259&#8243; img_size=&#8221;medium&#8221;][vc_column_text]<strong>Precio:<\/strong> 400 \u20ac[\/vc_column_text][\/vc_column_inner][\/vc_row_inner][vc_empty_space css=&#8221;.vc_custom_1664281592826{background-color: #ffffff !important;}&#8221;][\/vc_column][vc_column width=&#8221;1\/4&#8243;]<div class=\"title title--center\">\n\t\t<h2 class=\"title__primary\">Solicitar presupuesto<\/h2>\n<\/div>\n\n<div class=\"wpcf7 no-js\" id=\"wpcf7-f2631-o1\" lang=\"en-US\" dir=\"ltr\" data-wpcf7-id=\"2631\">\n<div class=\"screen-reader-response\"><p role=\"status\" aria-live=\"polite\" aria-atomic=\"true\"><\/p> <ul><\/ul><\/div>\n<form action=\"\/es\/wp-json\/wp\/v2\/pages\/2663#wpcf7-f2631-o1\" method=\"post\" class=\"wpcf7-form init\" aria-label=\"Contact form\" novalidate=\"novalidate\" data-status=\"init\">\n<fieldset class=\"hidden-fields-container\"><input type=\"hidden\" name=\"_wpcf7\" value=\"2631\" \/><input type=\"hidden\" name=\"_wpcf7_version\" value=\"6.1.4\" \/><input type=\"hidden\" name=\"_wpcf7_locale\" value=\"en_US\" \/><input type=\"hidden\" name=\"_wpcf7_unit_tag\" value=\"wpcf7-f2631-o1\" \/><input type=\"hidden\" name=\"_wpcf7_container_post\" value=\"0\" \/><input type=\"hidden\" name=\"_wpcf7_posted_data_hash\" value=\"\" \/>\n<\/fieldset>\n<div class=\"form-contact\">\n\t<div class=\"form-block__item\">\n\t\t<p><span class=\"wpcf7-form-control-wrap\" data-name=\"first-name\"><input size=\"40\" maxlength=\"400\" class=\"wpcf7-form-control wpcf7-text wpcf7-validates-as-required\" aria-required=\"true\" aria-invalid=\"false\" placeholder=\"Nombre *\" value=\"\" type=\"text\" name=\"first-name\" \/><\/span>\n\t\t<\/p>\n\t<\/div>\n\t<div class=\"form-block__item\">\n\t\t<p><span class=\"wpcf7-form-control-wrap\" data-name=\"last-name\"><input size=\"40\" maxlength=\"400\" class=\"wpcf7-form-control wpcf7-text wpcf7-validates-as-required\" aria-required=\"true\" aria-invalid=\"false\" placeholder=\"Apellido *\" value=\"\" type=\"text\" name=\"last-name\" \/><\/span>\n\t\t<\/p>\n\t<\/div>\n\t<div class=\"form-block__item\">\n\t\t<p><span class=\"wpcf7-form-control-wrap\" data-name=\"phone\"><input size=\"40\" maxlength=\"400\" class=\"wpcf7-form-control wpcf7-text\" aria-invalid=\"false\" placeholder=\"Tel\u00e9fono\" value=\"\" type=\"text\" name=\"phone\" \/><\/span>\n\t\t<\/p>\n\t<\/div>\n\t<div class=\"form-block__item\">\n\t\t<p><span class=\"wpcf7-form-control-wrap\" data-name=\"your-email\"><input size=\"40\" maxlength=\"400\" class=\"wpcf7-form-control wpcf7-email wpcf7-validates-as-required wpcf7-text wpcf7-validates-as-email\" aria-required=\"true\" aria-invalid=\"false\" placeholder=\"Correo electr\u00f3nico *\" value=\"\" type=\"email\" name=\"your-email\" \/><\/span>\n\t\t<\/p>\n\t<\/div>\n\t<div class=\"form-block__item\">\n\t\t<p><span class=\"wpcf7-form-control-wrap\" data-name=\"country\"><input size=\"40\" maxlength=\"400\" class=\"wpcf7-form-control wpcf7-text wpcf7-validates-as-required\" aria-required=\"true\" aria-invalid=\"false\" placeholder=\"Pa\u00eds *\" value=\"\" type=\"text\" name=\"country\" \/><\/span>\n\t\t<\/p>\n\t<\/div>\n\t<div class=\"form-block__item\">\n\t\t<p><span class=\"wpcf7-form-control-wrap\" data-name=\"city\"><input size=\"40\" maxlength=\"400\" class=\"wpcf7-form-control wpcf7-text\" aria-invalid=\"false\" placeholder=\"Ciudad\" value=\"\" type=\"text\" name=\"city\" \/><\/span>\n\t\t<\/p>\n\t<\/div>\n\t<div class=\"form-block__item\">\n\t\t<p><span class=\"wpcf7-form-control-wrap\" data-name=\"persons\"><input size=\"40\" maxlength=\"400\" class=\"wpcf7-form-control wpcf7-text wpcf7-validates-as-required\" aria-required=\"true\" aria-invalid=\"false\" placeholder=\"N\u00famero de viajeros *\" value=\"\" type=\"text\" name=\"persons\" \/><\/span>\n\t\t<\/p>\n\t<\/div>\n\t<div class=\"form-block__item\">\n\t\t<p><span class=\"wpcf7-form-control-wrap\" data-name=\"date-55\"><input class=\"wpcf7-form-control wpcf7-date wpcf7-validates-as-date\" aria-invalid=\"false\" value=\"\" type=\"date\" name=\"date-55\" \/><\/span>\n\t\t<\/p>\n\t<\/div>\n\t<div class=\"form-contact__fields-short\">\n\t\t<p><strong>Interesado en<\/strong><br \/>\n<span class=\"wpcf7-form-control-wrap\" data-name=\"kind-of-transport\"><span class=\"wpcf7-form-control wpcf7-checkbox\"><span class=\"wpcf7-list-item first\"><label><input type=\"checkbox\" name=\"kind-of-transport[]\" value=\"Autob\u00fas\" \/><span class=\"wpcf7-list-item-label\">Autob\u00fas<\/span><\/label><\/span><span class=\"wpcf7-list-item\"><label><input type=\"checkbox\" name=\"kind-of-transport[]\" value=\"Minib\u00fas\" \/><span class=\"wpcf7-list-item-label\">Minib\u00fas<\/span><\/label><\/span><span class=\"wpcf7-list-item\"><label><input type=\"checkbox\" name=\"kind-of-transport[]\" value=\"Vagoneta\" \/><span class=\"wpcf7-list-item-label\">Vagoneta<\/span><\/label><\/span><span class=\"wpcf7-list-item last\"><label><input type=\"checkbox\" name=\"kind-of-transport[]\" value=\"Coche\" \/><span class=\"wpcf7-list-item-label\">Coche<\/span><\/label><\/span><\/span><\/span>\n\t\t<\/p>\n\t<\/div>\n\t<div class=\"vc_empty_space\" style=\"height: 10px\">\n\t\t<p><span class=\"vc_empty_space_inner\"> <\/span>\n\t\t<\/p>\n\t<\/div>\n\t<p><span class=\"wpcf7-form-control-wrap\" data-name=\"your-message\"><textarea cols=\"0\" rows=\"0\" maxlength=\"2000\" class=\"wpcf7-form-control wpcf7-textarea\" aria-invalid=\"false\" placeholder=\"Informaci\u00f3n de equipaje, necesidades especiales o tareas para el conductor\" name=\"your-message\"><\/textarea><\/span><br \/>\n<button type=\"submit\" class=\"button button--style2 button--with-icon\"><i class=\"fa fa-paper-plane\"><\/i>Enviar<\/button>\n\t<\/p>\n<\/div><div class=\"wpcf7-response-output\" aria-hidden=\"true\"><\/div>\n<\/form>\n<\/div>\n[\/vc_column][\/vc_row]<\/p>\n<\/div>","protected":false},"excerpt":{"rendered":"<p>[vc_row][vc_column width=&#8221;3\/4&#8243; css=&#8221;.vc_custom_1664275769481{background-color: #ffffff !important;}&#8221;][vc_row_inner][vc_column_inner][vc_column_text]Reserve su traslado y disfrute de un servicio que no lamentar\u00e1. Le proporcionaremos coches nuevos y de lujo a precios competitivos desde el aeropuerto de Rabat-Sal\u00e9 hacia otros destinos en Marruecos. Disponemos de una amplia variedad de veh\u00edculos: autobuses, minibuses y taxis.[\/vc_column_text][\/vc_column_inner][\/vc_row_inner][vc_row_inner][vc_column_inner][vc_column_text] Aeropuerto de Rabat-Sal\u00e9 Ciudad de Rabat Distancia: 7 Km<\/p>\n<div class=\"padding-top text-center\"><a href=\"https:\/\/facetours.ma\/es\/traslados-aeropuerto-rabat-sale\/\" class=\"atbtn atbtn--medium atbtn--rounded atbtn--transparent\">Read more<i class=\"atbtn__icon atbtn__icon--right fa fa-long-arrow-right\"><\/i><\/a><\/div>\n","protected":false},"author":1,"featured_media":0,"parent":0,"menu_order":0,"comment_status":"closed","ping_status":"closed","template":"","meta":{"footnotes":""},"class_list":["post-2663","page","type-page","status-publish","hentry"],"_links":{"self":[{"href":"https:\/\/facetours.ma\/es\/wp-json\/wp\/v2\/pages\/2663","targetHints":{"allow":["GET"]}}],"collection":[{"href":"https:\/\/facetours.ma\/es\/wp-json\/wp\/v2\/pages"}],"about":[{"href":"https:\/\/facetours.ma\/es\/wp-json\/wp\/v2\/types\/page"}],"author":[{"embeddable":true,"href":"https:\/\/facetours.ma\/es\/wp-json\/wp\/v2\/users\/1"}],"replies":[{"embeddable":true,"href":"https:\/\/facetours.ma\/es\/wp-json\/wp\/v2\/comments?post=2663"}],"version-history":[{"count":3,"href":"https:\/\/facetours.ma\/es\/wp-json\/wp\/v2\/pages\/2663\/revisions"}],"predecessor-version":[{"id":2675,"href":"https:\/\/facetours.ma\/es\/wp-json\/wp\/v2\/pages\/2663\/revisions\/2675"}],"wp:attachment":[{"href":"https:\/\/facetours.ma\/es\/wp-json\/wp\/v2\/media?parent=2663"}],"curies":[{"name":"wp","href":"https:\/\/api.w.org\/{rel}","templated":true}]}}